{"id":1087079,"date":"2026-03-02T12:40:16","date_gmt":"2026-03-02T11:40:16","guid":{"rendered":"https:\/\/www.claret.cat\/llibre\/sarcenit-9788410220492\/"},"modified":"2026-03-02T17:25:24","modified_gmt":"2026-03-02T16:25:24","slug":"sarcenit-9788410220492","status":"publish","type":"product","link":"https:\/\/www.claret.cat\/es\/libro\/sarcenit-9788410220492\/","title":{"rendered":"SARC\u00c8NIT"},"content":{"rendered":"<p>Sarc\u00e8nit \u00e9s molt m\u00e9s que una novel\u00b7la d\u2019iniciaci\u00f3 sobre la vida d\u2019un jove orfe, Pere Claver Trepat, que ha d\u2019afrontar les perip\u00e8cies de l\u2019edat adulta acompanyat de la vella casa familiar, Sarc\u00e8nit, com una illa enmig d\u2019un mar de terra. Aix\u00ed, el casalot esdev\u00e9 el centre de les preocupacions d\u2019una constel\u00b7laci\u00f3 de personatges que s\u2019hi senten atrets<br \/> per un at\u00e0vic magnetisme de possessi\u00f3, i esdev\u00e9 no una refer\u00e8ncia d\u2019espai ni un punt concret del paisatge, sin\u00f3 l\u2019altre protagonista de la novel\u00b7la en aquesta lluita d\u2019home i natura pel dest\u00ed.<br \/> Amb Sarc\u00e8nit, en bona part, s\u2019inicia la hist\u00f2ria de la novel\u00b7la, de les terres de Ponent despr\u00e9s de la Guerra Civil, i en conson\u00e0ncia amb la resta de Catalunya. Un llibre amb voluntat de perdurar, que beu de tradicions reconeixibles i t\u00e9 un car\u00e0cter pioner. Som davant de la primera gran narraci\u00f3 sobre la construcci\u00f3 heroica del Canal d\u2019Urgell, una de les obres hidr\u00e0uliques m\u00e9s importants del m\u00f3n a mitjans del segler XIX i que va transformar per sempre m\u00e9s la terra i el pensament del gran Urgell i Catalunya.<br \/> Finalista al premi Nadal 1950, es va publicar censurada en castell\u00e0 el 1951 i en catal\u00e0 el 1985. Ara, setanta-cinc anys enll\u00e0, s\u2019edita per primera vegada amb el text \u00edntegre.<\/p>\n","protected":false},"excerpt":{"rendered":"<p>JAUME VILA RICART<\/p>\n","protected":false},"featured_media":1087224,"template":"","meta":{"_acf_changed":false,"om_disable_all_campaigns":false,"rs_blank_template":"","rs_page_bg_color":"","slide_template_v7":"","inline_featured_image":false,"_monsterinsights_skip_tracking":false,"_monsterinsights_sitenote_active":false,"_monsterinsights_sitenote_note":"","_monsterinsights_sitenote_category":0},"product_brand":[],"product_cat":[127,357],"product_tag":[],"class_list":{"0":"post-1087079","1":"product","2":"type-product","3":"status-publish","4":"has-post-thumbnail","6":"product_cat-novella-contemporania","7":"product_cat-novela-contemporanea","9":"first","10":"instock","11":"taxable","12":"shipping-taxable","13":"purchasable","14":"product-type-simple"},"acf":{"autor":"JAUME VILA RICART","codart":"841022049","libros-coleccion":"","ediciones":"1","encuadernacion":"R\u00fastica","fecha_de_publicacion":"01\/03\/2026","novedad":"1","paginas":"210","subtitulo":"","orden":"0","portada":"0","idioma":"cat","booktrailer":"","resenas":"","editorial":[{"ID":147978,"post_author":"3","post_date":"2022-10-14 11:54:41","post_date_gmt":"2022-10-14 09:54:41","post_content":"","post_title":"EDITORIAL FONOLL","post_excerpt":"","post_status":"publish","comment_status":"closed","ping_status":"closed","post_password":"","post_name":"editorial-fonoll","to_ping":"","pinged":"","post_modified":"2022-10-14 11:54:41","post_modified_gmt":"2022-10-14 09:54:41","post_content_filtered":"","post_parent":0,"guid":"http:\/\/dev.claret.cat\/editorial\/editorial-fonoll\/","menu_order":0,"post_type":"editorial","post_mime_type":"","comment_count":"0","filter":"raw"}]},"aioseo_notices":[],"_links":{"self":[{"href":"https:\/\/www.claret.cat\/es\/wp-json\/wp\/v2\/product\/1087079","targetHints":{"allow":["GET"]}}],"collection":[{"href":"https:\/\/www.claret.cat\/es\/wp-json\/wp\/v2\/product"}],"about":[{"href":"https:\/\/www.claret.cat\/es\/wp-json\/wp\/v2\/types\/product"}],"wp:featuredmedia":[{"embeddable":true,"href":"https:\/\/www.claret.cat\/es\/wp-json\/wp\/v2\/media\/1087224"}],"wp:attachment":[{"href":"https:\/\/www.claret.cat\/es\/wp-json\/wp\/v2\/media?parent=1087079"}],"wp:term":[{"taxonomy":"product_brand","embeddable":true,"href":"https:\/\/www.claret.cat\/es\/wp-json\/wp\/v2\/product_brand?post=1087079"},{"taxonomy":"product_cat","embeddable":true,"href":"https:\/\/www.claret.cat\/es\/wp-json\/wp\/v2\/product_cat?post=1087079"},{"taxonomy":"product_tag","embeddable":true,"href":"https:\/\/www.claret.cat\/es\/wp-json\/wp\/v2\/product_tag?post=1087079"}],"curies":[{"name":"wp","href":"https:\/\/api.w.org\/{rel}","templated":true}]}}