{"id":1087082,"date":"2026-03-02T12:45:11","date_gmt":"2026-03-02T11:45:11","guid":{"rendered":"https:\/\/www.claret.cat\/llibre\/tinta-i-sang-9788410009905\/"},"modified":"2026-04-08T11:30:07","modified_gmt":"2026-04-08T09:30:07","slug":"tinta-i-sang-9788410009905","status":"publish","type":"product","link":"https:\/\/www.claret.cat\/es\/libro\/tinta-i-sang-9788410009905\/","title":{"rendered":"TINTA I SANG"},"content":{"rendered":"<p>Una de les primeres novel\u00b7les de la <strong>Han Kang<\/strong>, <strong>premi Nobel de Literatura<\/strong>, in\u00e8dita en catal\u00e0, que empeny el <strong>g\u00e8nere negre<\/strong> cap a territoris inexplorats de la <strong>sensibilitat emocional<\/strong> i els <strong>afectes<\/strong>. Aquesta \u00e9s una <strong>novel\u00b7la noir contempor\u00e0nia<\/strong> singular dins el repertori de l\u2019autora, on el veritable <strong>misteri psicol\u00f2gic<\/strong> resideix en l\u2019interior dels personatges.<\/p>\n<p>La protagonista, <strong>Jeonghui<\/strong>, s\u2019embranca en una <strong>investigaci\u00f3 personal<\/strong> per desmentir els rumors sobre la seva amiga i artista <strong>Inju<\/strong>. Morta fa un any en un <strong>accident<\/strong>, un reportatge apunta a un possible <strong>su\u00efcidi<\/strong>, desencadenant una recerca que transcendeix els fets i s\u2019endinsa en la <strong>mem\u00f2ria<\/strong>, la <strong>identitat<\/strong> i la <strong>veritat emocional<\/strong>.<\/p>\n<p>A mesura que avan\u00e7a la investigaci\u00f3, Jeonghui explora la seva pr\u00f2pia <strong>exist\u00e8ncia<\/strong> i descobreix fins a quin punt la seva vida est\u00e0 profundament <strong>entrella\u00e7ada<\/strong> amb la d\u2019Inju. Totes dues comparteixen un univers marcat per l\u2019<strong>art<\/strong>, la <strong>soledat<\/strong>, el <strong>dol<\/strong> i el <strong>frac\u00e0s afectiu<\/strong>.<\/p>\n<p>Una obra que combina <strong>novel\u00b7la negra<\/strong>, <strong>introspecci\u00f3 psicol\u00f2gica<\/strong> i <strong>literatura contempor\u00e0nia<\/strong>, ideal per als lectors interessats en hist\u00f2ries sobre la <strong>identitat<\/strong>, la <strong>p\u00e8rdua<\/strong> i els <strong>l\u00edmits de la veritat<\/strong>.<\/p>\n<p>&nbsp;<\/p>\n","protected":false},"excerpt":{"rendered":"<p>HAN KANG<\/p>\n","protected":false},"featured_media":1091638,"template":"","meta":{"_acf_changed":false,"om_disable_all_campaigns":false,"rs_blank_template":"","rs_page_bg_color":"","slide_template_v7":"","inline_featured_image":false,"_monsterinsights_skip_tracking":false,"_monsterinsights_sitenote_active":false,"_monsterinsights_sitenote_note":"","_monsterinsights_sitenote_category":0},"product_brand":[],"product_cat":[127,357,312],"product_tag":[],"class_list":{"0":"post-1087082","1":"product","2":"type-product","3":"status-publish","4":"has-post-thumbnail","6":"product_cat-novella-contemporania","7":"product_cat-novela-contemporanea","8":"product_cat-portada","10":"first","11":"instock","12":"taxable","13":"shipping-taxable","14":"purchasable","15":"product-type-simple"},"acf":{"autor":"HAN KANG","codart":"841000990","libros-coleccion":"","ediciones":"1","encuadernacion":"R\u00fastica","fecha_de_publicacion":"01\/03\/2026","novedad":"1","paginas":"389","subtitulo":"","orden":"0","portada":"0","idioma":"cat","booktrailer":"","resenas":"","editorial":[{"ID":6278,"post_author":"3","post_date":"2022-07-28 17:48:46","post_date_gmt":"2022-07-28 15:48:46","post_content":"","post_title":"La Magrana","post_excerpt":"","post_status":"publish","comment_status":"closed","ping_status":"closed","post_password":"","post_name":"la-magrana","to_ping":"","pinged":"","post_modified":"2022-07-28 17:48:46","post_modified_gmt":"2022-07-28 15:48:46","post_content_filtered":"","post_parent":0,"guid":"http:\/\/dev.claret.cat\/editorial\/la-magrana\/","menu_order":0,"post_type":"editorial","post_mime_type":"","comment_count":"0","filter":"raw"}]},"aioseo_notices":[],"_links":{"self":[{"href":"https:\/\/www.claret.cat\/es\/wp-json\/wp\/v2\/product\/1087082","targetHints":{"allow":["GET"]}}],"collection":[{"href":"https:\/\/www.claret.cat\/es\/wp-json\/wp\/v2\/product"}],"about":[{"href":"https:\/\/www.claret.cat\/es\/wp-json\/wp\/v2\/types\/product"}],"wp:featuredmedia":[{"embeddable":true,"href":"https:\/\/www.claret.cat\/es\/wp-json\/wp\/v2\/media\/1091638"}],"wp:attachment":[{"href":"https:\/\/www.claret.cat\/es\/wp-json\/wp\/v2\/media?parent=1087082"}],"wp:term":[{"taxonomy":"product_brand","embeddable":true,"href":"https:\/\/www.claret.cat\/es\/wp-json\/wp\/v2\/product_brand?post=1087082"},{"taxonomy":"product_cat","embeddable":true,"href":"https:\/\/www.claret.cat\/es\/wp-json\/wp\/v2\/product_cat?post=1087082"},{"taxonomy":"product_tag","embeddable":true,"href":"https:\/\/www.claret.cat\/es\/wp-json\/wp\/v2\/product_tag?post=1087082"}],"curies":[{"name":"wp","href":"https:\/\/api.w.org\/{rel}","templated":true}]}}