{"id":1087085,"date":"2026-03-02T12:45:31","date_gmt":"2026-03-02T11:45:31","guid":{"rendered":"https:\/\/www.claret.cat\/llibre\/esa-noche-9788425370038\/"},"modified":"2026-03-02T17:10:14","modified_gmt":"2026-03-02T16:10:14","slug":"esa-noche-9788425370038","status":"publish","type":"product","link":"https:\/\/www.claret.cat\/es\/libro\/esa-noche-9788425370038\/","title":{"rendered":"ESA NOCHE"},"content":{"rendered":"<p>\u00bfHASTA D\u00d3NDE LLEGAR\u00cdAS PARA PROTEGER A TU FAMILIA?   Pr\u00f3ximamente en NETFLIX el thriller protagonizado por Clara Galle, Claudia Salas y Paula Usero.   \u00bfQu\u00e9 pas\u00f3 aquella noche? \u00bfQui\u00e9n miente? \u00bfQui\u00e9n confesar\u00e1 en primer lugar? Durante unas vacaciones familiares recibes una llamada urgente de tu hermana. Ha tenido un accidente, ha atropellado a un hombre y est\u00e1 muerto. Est\u00e1 aterrorizada. Se ve encerrada en una c\u00e1rcel durante a\u00f1os, lejos de su hijo. Te pide ayuda. Dice que en realidad no fue culpa suya. Que ella har\u00eda cualquier cosa por ti. \u00bfAcaso t\u00fa no har\u00edas lo mismo por ella? Cuando llega la polic\u00eda empiezan las mentiras\u2026, y la confianza empieza a quebrarse.Han dicho sobre Esa noche: \u00abAdictivo, inteligente y lleno de giros\u00bb.<br \/>Sun<\/p>\n<p>\u00abTenso como la cuerda de un piano\u00bb.<br \/>Sunday Times<\/p>\n<p>\u00abLo le\u00ed sin aliento\u00bb.<br \/>Lisa Jewell<\/p>\n<p>\u00abAbsorbente y claustrof\u00f3bico. Tuve el coraz\u00f3n en un pu\u00f1o todo el tiempo\u00bb.<br \/>ClaireDouglas<\/p>\n<p>\u00abMe dio escalofr\u00edos. Una obra magistral\u00bb.<br \/>Beth O&#8221;Leary<\/p>\n<p>\u00abGillian McAllister es la reina del dilema moral\u00bb.<br \/>Holly Seddon<\/p>\n<p>\u00abUna trama intrincada y una escrituraexcelente; ser\u00e1 un \u00e9xito rotundo\u00bb.<br \/>Jill Mansell<\/p>\n<p>\u00abEsa noche atormentar\u00e1 los sue\u00f1os de cualquiera que haya tenido una pesadilla en la que mata a alguien\u00bb.<br \/>C. L. Taylor<\/p>\n","protected":false},"excerpt":{"rendered":"<p>GILLIAN MCALLISTER<\/p>\n","protected":false},"featured_media":1087210,"template":"","meta":{"_acf_changed":false,"om_disable_all_campaigns":false,"rs_blank_template":"","rs_page_bg_color":"","slide_template_v7":"","inline_featured_image":false,"_monsterinsights_skip_tracking":false,"_monsterinsights_sitenote_active":false,"_monsterinsights_sitenote_note":"","_monsterinsights_sitenote_category":0},"product_brand":[],"product_cat":[127,357],"product_tag":[],"class_list":{"0":"post-1087085","1":"product","2":"type-product","3":"status-publish","4":"has-post-thumbnail","6":"product_cat-novella-contemporania","7":"product_cat-novela-contemporanea","9":"first","10":"instock","11":"taxable","12":"shipping-taxable","13":"purchasable","14":"product-type-simple"},"acf":{"autor":"GILLIAN MCALLISTER","codart":"842537003","libros-coleccion":"","ediciones":"1","encuadernacion":"R\u00fastica","fecha_de_publicacion":"01\/03\/2026","novedad":"1","paginas":"452","subtitulo":"","orden":"0","portada":"0","idioma":"spa","booktrailer":"","resenas":"","editorial":[{"ID":6263,"post_author":"3","post_date":"2022-07-28 17:48:27","post_date_gmt":"2022-07-28 15:48:27","post_content":"","post_title":"GRIJALBO","post_excerpt":"","post_status":"publish","comment_status":"closed","ping_status":"closed","post_password":"","post_name":"grijalbo","to_ping":"","pinged":"","post_modified":"2022-07-28 17:48:27","post_modified_gmt":"2022-07-28 15:48:27","post_content_filtered":"","post_parent":0,"guid":"http:\/\/dev.claret.cat\/editorial\/grijalbo\/","menu_order":0,"post_type":"editorial","post_mime_type":"","comment_count":"0","filter":"raw"}]},"aioseo_notices":[],"_links":{"self":[{"href":"https:\/\/www.claret.cat\/es\/wp-json\/wp\/v2\/product\/1087085","targetHints":{"allow":["GET"]}}],"collection":[{"href":"https:\/\/www.claret.cat\/es\/wp-json\/wp\/v2\/product"}],"about":[{"href":"https:\/\/www.claret.cat\/es\/wp-json\/wp\/v2\/types\/product"}],"wp:featuredmedia":[{"embeddable":true,"href":"https:\/\/www.claret.cat\/es\/wp-json\/wp\/v2\/media\/1087210"}],"wp:attachment":[{"href":"https:\/\/www.claret.cat\/es\/wp-json\/wp\/v2\/media?parent=1087085"}],"wp:term":[{"taxonomy":"product_brand","embeddable":true,"href":"https:\/\/www.claret.cat\/es\/wp-json\/wp\/v2\/product_brand?post=1087085"},{"taxonomy":"product_cat","embeddable":true,"href":"https:\/\/www.claret.cat\/es\/wp-json\/wp\/v2\/product_cat?post=1087085"},{"taxonomy":"product_tag","embeddable":true,"href":"https:\/\/www.claret.cat\/es\/wp-json\/wp\/v2\/product_tag?post=1087085"}],"curies":[{"name":"wp","href":"https:\/\/api.w.org\/{rel}","templated":true}]}}