{"id":1087090,"date":"2026-03-02T12:46:12","date_gmt":"2026-03-02T11:46:12","guid":{"rendered":"https:\/\/www.claret.cat\/llibre\/bluey-llibre-de-cartro-amb-solapes-joc-a-laire-lliure-9788448872748\/"},"modified":"2026-03-02T15:57:19","modified_gmt":"2026-03-02T14:57:19","slug":"bluey-llibre-de-cartro-amb-solapes-joc-a-laire-lliure-9788448872748","status":"publish","type":"product","link":"https:\/\/www.claret.cat\/es\/libro\/bluey-llibre-de-cartro-amb-solapes-joc-a-laire-lliure-9788448872748\/","title":{"rendered":"BLUEY. LLIBRE DE CARTR\u00d3 AMB SOLAPES &#8211; JOC A L&#8221;AIRE LLIURE"},"content":{"rendered":"<p>Explora, riu i juga amb la Bluey i la Bingo en aquest nou llibre de cartr\u00f3 amb solapes! A la Bluey i a la Bingo els encanta jugar a l\u2019aire lliure. Al rierol fan curses de barquetes i preparen un spa per al Dia del Pare; a la platja salten, corren i descobreixen les criatures m\u00e9s curioses, i al parc s\u2019inventen aventures amb la Pom Pom i els seus amics. Cada lloc es converteix en un joc nou ple de rialles i imaginaci\u00f3!<br \/> Aixeca les solapes i acompanya la Bingo i la Bluey en els seus jocs preferits a l\u2019aire lliure, plens de diversi\u00f3, creativitat i amistat. Els llibres amb solapes de Bluey s\u00f3n perfectes per despertar la curiositat i el gust per la lectura dels m\u00e9s petits. Amb el seu format resistent, les cantonades arrodonides i les il\u00b7lustracions plenes de color, s\u00f3n ideals per llegir, jugar i explorar una vegada rere l\u2019altra. <br \/>Un regal imprescindible per als fans de Bluey, la s\u00e8rie preescolar m\u00e9s vista del m\u00f3n a Disney+, que ha conquerit nens, nenes i fam\u00edlies d\u2019arreu del planeta.<\/p>\n","protected":false},"excerpt":{"rendered":"<p>BLUEY<\/p>\n","protected":false},"featured_media":1087091,"template":"","meta":{"_acf_changed":false,"om_disable_all_campaigns":false,"rs_blank_template":"","rs_page_bg_color":"","slide_template_v7":"","inline_featured_image":false,"_monsterinsights_skip_tracking":false,"_monsterinsights_sitenote_active":false,"_monsterinsights_sitenote_note":"","_monsterinsights_sitenote_category":0},"product_brand":[],"product_cat":[131,361],"product_tag":[],"class_list":{"0":"post-1087090","1":"product","2":"type-product","3":"status-publish","4":"has-post-thumbnail","6":"product_cat-contes-per-infants-0-6-anys","7":"product_cat-cuentos-para-ninos-0-6-anos","9":"first","10":"instock","11":"taxable","12":"shipping-taxable","13":"purchasable","14":"product-type-simple"},"acf":{"autor":"BLUEY","codart":"844887274","libros-coleccion":"","ediciones":"1","encuadernacion":"Carpeta","fecha_de_publicacion":"01\/03\/2026","novedad":"1","paginas":"14","subtitulo":"","orden":"0","portada":"0","idioma":"cat","booktrailer":"","resenas":"","editorial":[{"ID":6141,"post_author":"3","post_date":"2022-07-28 17:45:46","post_date_gmt":"2022-07-28 15:45:46","post_content":"","post_title":"BEASCOA","post_excerpt":"","post_status":"publish","comment_status":"closed","ping_status":"closed","post_password":"","post_name":"beascoa","to_ping":"","pinged":"","post_modified":"2022-07-28 17:45:46","post_modified_gmt":"2022-07-28 15:45:46","post_content_filtered":"","post_parent":0,"guid":"http:\/\/dev.claret.cat\/editorial\/beascoa\/","menu_order":0,"post_type":"editorial","post_mime_type":"","comment_count":"0","filter":"raw"}]},"aioseo_notices":[],"_links":{"self":[{"href":"https:\/\/www.claret.cat\/es\/wp-json\/wp\/v2\/product\/1087090","targetHints":{"allow":["GET"]}}],"collection":[{"href":"https:\/\/www.claret.cat\/es\/wp-json\/wp\/v2\/product"}],"about":[{"href":"https:\/\/www.claret.cat\/es\/wp-json\/wp\/v2\/types\/product"}],"wp:featuredmedia":[{"embeddable":true,"href":"https:\/\/www.claret.cat\/es\/wp-json\/wp\/v2\/media\/1087091"}],"wp:attachment":[{"href":"https:\/\/www.claret.cat\/es\/wp-json\/wp\/v2\/media?parent=1087090"}],"wp:term":[{"taxonomy":"product_brand","embeddable":true,"href":"https:\/\/www.claret.cat\/es\/wp-json\/wp\/v2\/product_brand?post=1087090"},{"taxonomy":"product_cat","embeddable":true,"href":"https:\/\/www.claret.cat\/es\/wp-json\/wp\/v2\/product_cat?post=1087090"},{"taxonomy":"product_tag","embeddable":true,"href":"https:\/\/www.claret.cat\/es\/wp-json\/wp\/v2\/product_tag?post=1087090"}],"curies":[{"name":"wp","href":"https:\/\/api.w.org\/{rel}","templated":true}]}}