{"id":1087093,"date":"2026-03-02T12:46:25","date_gmt":"2026-03-02T11:46:25","guid":{"rendered":"https:\/\/www.claret.cat\/llibre\/bluey-libro-de-carton-con-solapas-juegos-al-aire-libre-9788448872731\/"},"modified":"2026-04-02T11:50:41","modified_gmt":"2026-04-02T09:50:41","slug":"bluey-libro-de-carton-con-solapas-juegos-al-aire-libre-9788448872731","status":"publish","type":"product","link":"https:\/\/www.claret.cat\/es\/libro\/bluey-libro-de-carton-con-solapas-juegos-al-aire-libre-9788448872731\/","title":{"rendered":"BLUEY. LIBRO DE CART\u00d3N CON SOLAPAS &#8211; JUEGOS AL AIRE LIBRE"},"content":{"rendered":"<p>\u00a1Explora, r\u00ede y juega con Bluey y Bingo en este nuevo libro de cart\u00f3n con solapas! A Bluey y Bingo les encanta jugar al aire libre. En el arroyo montan carreras de barquitos de corteza y preparan un spa de D\u00eda de Pap\u00e1; en la playa saltan, corretean y descubren las criaturas m\u00e1s curiosas; en el parque, se inventan aventuras con Pom Pom y sus amigos. \u00a1Cada lugar se convierte en un juego nuevo lleno de risas e imaginaci\u00f3n!<\/p>\n<p>Levanta las solapas y acompa\u00f1a a Bluey y Bingo en sus juegos favoritos al aire libre, llenos de diversi\u00f3n, creatividad y amistad.<br \/> Los libros con solapas de Bluey son perfectos para despertar la curiosidad y el gusto por la lectura en los m\u00e1s peque\u00f1os. Con su formato resistente, sus esquinas redondeadas y sus ilustraciones coloridas, resultan ideales para leer, jugar y explorar una y otra vez.<br \/> Un regalo imprescindible para los fans de Bluey, la serie preescolar m\u00e1s vista del mundo en Disney+, que ha conquistado a ni\u00f1os, ni\u00f1as y familias de todo el planeta.<\/p>\n","protected":false},"excerpt":{"rendered":"<p>BLUEY<\/p>\n","protected":false},"featured_media":1087094,"template":"","meta":{"_acf_changed":false,"om_disable_all_campaigns":false,"rs_blank_template":"","rs_page_bg_color":"","slide_template_v7":"","inline_featured_image":false,"_monsterinsights_skip_tracking":false,"_monsterinsights_sitenote_active":false,"_monsterinsights_sitenote_note":"","_monsterinsights_sitenote_category":0},"product_brand":[],"product_cat":[131,361],"product_tag":[],"class_list":{"0":"post-1087093","1":"product","2":"type-product","3":"status-publish","4":"has-post-thumbnail","6":"product_cat-contes-per-infants-0-6-anys","7":"product_cat-cuentos-para-ninos-0-6-anos","9":"first","10":"instock","11":"taxable","12":"shipping-taxable","13":"purchasable","14":"product-type-simple"},"acf":{"autor":"BLUEY","codart":"844887273","libros-coleccion":"","ediciones":"1","encuadernacion":"Carpeta","fecha_de_publicacion":"01\/03\/2026","novedad":"1","paginas":"14","subtitulo":"LIBRO DE CARTON CON SOLAPAS","orden":"0","portada":"0","idioma":"spa","booktrailer":"","resenas":"","editorial":[{"ID":6141,"post_author":"3","post_date":"2022-07-28 17:45:46","post_date_gmt":"2022-07-28 15:45:46","post_content":"","post_title":"BEASCOA","post_excerpt":"","post_status":"publish","comment_status":"closed","ping_status":"closed","post_password":"","post_name":"beascoa","to_ping":"","pinged":"","post_modified":"2022-07-28 17:45:46","post_modified_gmt":"2022-07-28 15:45:46","post_content_filtered":"","post_parent":0,"guid":"http:\/\/dev.claret.cat\/editorial\/beascoa\/","menu_order":0,"post_type":"editorial","post_mime_type":"","comment_count":"0","filter":"raw"}]},"aioseo_notices":[],"_links":{"self":[{"href":"https:\/\/www.claret.cat\/es\/wp-json\/wp\/v2\/product\/1087093","targetHints":{"allow":["GET"]}}],"collection":[{"href":"https:\/\/www.claret.cat\/es\/wp-json\/wp\/v2\/product"}],"about":[{"href":"https:\/\/www.claret.cat\/es\/wp-json\/wp\/v2\/types\/product"}],"wp:featuredmedia":[{"embeddable":true,"href":"https:\/\/www.claret.cat\/es\/wp-json\/wp\/v2\/media\/1087094"}],"wp:attachment":[{"href":"https:\/\/www.claret.cat\/es\/wp-json\/wp\/v2\/media?parent=1087093"}],"wp:term":[{"taxonomy":"product_brand","embeddable":true,"href":"https:\/\/www.claret.cat\/es\/wp-json\/wp\/v2\/product_brand?post=1087093"},{"taxonomy":"product_cat","embeddable":true,"href":"https:\/\/www.claret.cat\/es\/wp-json\/wp\/v2\/product_cat?post=1087093"},{"taxonomy":"product_tag","embeddable":true,"href":"https:\/\/www.claret.cat\/es\/wp-json\/wp\/v2\/product_tag?post=1087093"}],"curies":[{"name":"wp","href":"https:\/\/api.w.org\/{rel}","templated":true}]}}