{"id":1087096,"date":"2026-03-02T12:46:38","date_gmt":"2026-03-02T11:46:38","guid":{"rendered":"https:\/\/www.claret.cat\/llibre\/peppa-pig-un-cuento-mi-mama-es-genial-9788448873073\/"},"modified":"2026-03-02T15:57:25","modified_gmt":"2026-03-02T14:57:25","slug":"peppa-pig-un-cuento-mi-mama-es-genial-9788448873073","status":"publish","type":"product","link":"https:\/\/www.claret.cat\/es\/libro\/peppa-pig-un-cuento-mi-mama-es-genial-9788448873073\/","title":{"rendered":"PEPPA PIG. UN CUENTO &#8211; MI MAM\u00c1 ES GENIAL"},"content":{"rendered":"<p>\u00a1Las mam\u00e1s son geniales! Celebra a todas las mam\u00e1s con Peppa Pig y sus amigos Un libro tierno y divertido libro de Peppa Pig sobre las madres. Hoy, en el cole de Peppa, la clase de Madame Gazelle se prepara para rendir un homenaje a todas las mam\u00e1s. Cada una es diferente y \u00fanica, y todas son geniales. Por ejemplo, a la mam\u00e1 de Pedro Pony le encanta bailar, a la mam\u00e1 de Suzy Sheep construir cohetes espaciales para que Suzy y sus amigos viajen al espacio y, a la de Peppa, sentarse a leer dentro de una caba\u00f1a improvisada. Todas son geniales por muchas razones, pero hay una que lo dice todo: \u00ab\u00a1Mi mam\u00e1 es genial porque es mi mam\u00e1!\u00bb. Un \u00e1lbum entra\u00f1able para regalar y decirle a mam\u00e1 lo especial que es, sea como sea.<\/p>\n","protected":false},"excerpt":{"rendered":"<p>HASBRO<\/p>\n","protected":false},"featured_media":1087097,"template":"","meta":{"_acf_changed":false,"om_disable_all_campaigns":false,"rs_blank_template":"","rs_page_bg_color":"","slide_template_v7":"","inline_featured_image":false,"_monsterinsights_skip_tracking":false,"_monsterinsights_sitenote_active":false,"_monsterinsights_sitenote_note":"","_monsterinsights_sitenote_category":0},"product_brand":[],"product_cat":[131,361],"product_tag":[],"class_list":{"0":"post-1087096","1":"product","2":"type-product","3":"status-publish","4":"has-post-thumbnail","6":"product_cat-contes-per-infants-0-6-anys","7":"product_cat-cuentos-para-ninos-0-6-anos","9":"first","10":"instock","11":"taxable","12":"shipping-taxable","13":"purchasable","14":"product-type-simple"},"acf":{"autor":"HASBRO","codart":"844887307","libros-coleccion":"","ediciones":"1","encuadernacion":"Carton\u00e9","fecha_de_publicacion":"01\/03\/2026","novedad":"1","paginas":"32","subtitulo":"","orden":"0","portada":"0","idioma":"spa","booktrailer":"","resenas":"","editorial":[{"ID":6141,"post_author":"3","post_date":"2022-07-28 17:45:46","post_date_gmt":"2022-07-28 15:45:46","post_content":"","post_title":"BEASCOA","post_excerpt":"","post_status":"publish","comment_status":"closed","ping_status":"closed","post_password":"","post_name":"beascoa","to_ping":"","pinged":"","post_modified":"2022-07-28 17:45:46","post_modified_gmt":"2022-07-28 15:45:46","post_content_filtered":"","post_parent":0,"guid":"http:\/\/dev.claret.cat\/editorial\/beascoa\/","menu_order":0,"post_type":"editorial","post_mime_type":"","comment_count":"0","filter":"raw"}]},"aioseo_notices":[],"_links":{"self":[{"href":"https:\/\/www.claret.cat\/es\/wp-json\/wp\/v2\/product\/1087096","targetHints":{"allow":["GET"]}}],"collection":[{"href":"https:\/\/www.claret.cat\/es\/wp-json\/wp\/v2\/product"}],"about":[{"href":"https:\/\/www.claret.cat\/es\/wp-json\/wp\/v2\/types\/product"}],"wp:featuredmedia":[{"embeddable":true,"href":"https:\/\/www.claret.cat\/es\/wp-json\/wp\/v2\/media\/1087097"}],"wp:attachment":[{"href":"https:\/\/www.claret.cat\/es\/wp-json\/wp\/v2\/media?parent=1087096"}],"wp:term":[{"taxonomy":"product_brand","embeddable":true,"href":"https:\/\/www.claret.cat\/es\/wp-json\/wp\/v2\/product_brand?post=1087096"},{"taxonomy":"product_cat","embeddable":true,"href":"https:\/\/www.claret.cat\/es\/wp-json\/wp\/v2\/product_cat?post=1087096"},{"taxonomy":"product_tag","embeddable":true,"href":"https:\/\/www.claret.cat\/es\/wp-json\/wp\/v2\/product_tag?post=1087096"}],"curies":[{"name":"wp","href":"https:\/\/api.w.org\/{rel}","templated":true}]}}