{"id":1087099,"date":"2026-03-02T12:46:52","date_gmt":"2026-03-02T11:46:52","guid":{"rendered":"https:\/\/www.claret.cat\/llibre\/peppa-pig-un-cuento-las-cosas-favoritas-de-papa-9788448873080\/"},"modified":"2026-03-02T15:57:31","modified_gmt":"2026-03-02T14:57:31","slug":"peppa-pig-un-cuento-las-cosas-favoritas-de-papa-9788448873080","status":"publish","type":"product","link":"https:\/\/www.claret.cat\/es\/libro\/peppa-pig-un-cuento-las-cosas-favoritas-de-papa-9788448873080\/","title":{"rendered":"PEPPA PIG. UN CUENTO &#8211; LAS COSAS FAVORITAS DE PAP\u00c1"},"content":{"rendered":"<p>\u00bfQu\u00e9 es lo que m\u00e1s le gusta a Pap\u00e1 Pig? \u00a1Desc\u00fabrelo en esta tierna historia de Peppa Pig!. Un libro para celebrar a todos los pap\u00e1s con Peppa y sus amigos. Peppa le regala a Pap\u00e1 Pig un gorro m\u00e1gico que le permite, por un d\u00eda, hacer todas sus cosas favoritas. Van al parque, juegan, dan un paseo, visitan un museo de dinosaurios&#8230; Pero&#8230; \u00a1espera un momento! Si esas son las cosas favoritas de Peppa, George y Mam\u00e1 Pig&#8230; \u00bfcu\u00e1les son realmente las cosas que m\u00e1s le gustan a pap\u00e1? Peppa pronto descubre que lo que m\u00e1s disfruta Pap\u00e1 Pig no son las actividades, \u00a1sino pasar tiempo con su familia! Un cuento entra\u00f1able y divertido para celebrar a los padres y la alegr\u00eda de compartir momentos juntos. Perfecto para leer en familia y para regalar a los mejores pap\u00e1s del mundo.<\/p>\n","protected":false},"excerpt":{"rendered":"<p>HASBRO<\/p>\n","protected":false},"featured_media":1087100,"template":"","meta":{"_acf_changed":false,"om_disable_all_campaigns":false,"rs_blank_template":"","rs_page_bg_color":"","slide_template_v7":"","inline_featured_image":false,"_monsterinsights_skip_tracking":false,"_monsterinsights_sitenote_active":false,"_monsterinsights_sitenote_note":"","_monsterinsights_sitenote_category":0},"product_brand":[],"product_cat":[131,361],"product_tag":[],"class_list":{"0":"post-1087099","1":"product","2":"type-product","3":"status-publish","4":"has-post-thumbnail","6":"product_cat-contes-per-infants-0-6-anys","7":"product_cat-cuentos-para-ninos-0-6-anos","9":"first","10":"instock","11":"taxable","12":"shipping-taxable","13":"purchasable","14":"product-type-simple"},"acf":{"autor":"HASBRO","codart":"844887308","libros-coleccion":"","ediciones":"1","encuadernacion":"Carton\u00e9","fecha_de_publicacion":"01\/03\/2026","novedad":"1","paginas":"32","subtitulo":"","orden":"0","portada":"0","idioma":"spa","booktrailer":"","resenas":"","editorial":[{"ID":6141,"post_author":"3","post_date":"2022-07-28 17:45:46","post_date_gmt":"2022-07-28 15:45:46","post_content":"","post_title":"BEASCOA","post_excerpt":"","post_status":"publish","comment_status":"closed","ping_status":"closed","post_password":"","post_name":"beascoa","to_ping":"","pinged":"","post_modified":"2022-07-28 17:45:46","post_modified_gmt":"2022-07-28 15:45:46","post_content_filtered":"","post_parent":0,"guid":"http:\/\/dev.claret.cat\/editorial\/beascoa\/","menu_order":0,"post_type":"editorial","post_mime_type":"","comment_count":"0","filter":"raw"}]},"aioseo_notices":[],"_links":{"self":[{"href":"https:\/\/www.claret.cat\/es\/wp-json\/wp\/v2\/product\/1087099","targetHints":{"allow":["GET"]}}],"collection":[{"href":"https:\/\/www.claret.cat\/es\/wp-json\/wp\/v2\/product"}],"about":[{"href":"https:\/\/www.claret.cat\/es\/wp-json\/wp\/v2\/types\/product"}],"wp:featuredmedia":[{"embeddable":true,"href":"https:\/\/www.claret.cat\/es\/wp-json\/wp\/v2\/media\/1087100"}],"wp:attachment":[{"href":"https:\/\/www.claret.cat\/es\/wp-json\/wp\/v2\/media?parent=1087099"}],"wp:term":[{"taxonomy":"product_brand","embeddable":true,"href":"https:\/\/www.claret.cat\/es\/wp-json\/wp\/v2\/product_brand?post=1087099"},{"taxonomy":"product_cat","embeddable":true,"href":"https:\/\/www.claret.cat\/es\/wp-json\/wp\/v2\/product_cat?post=1087099"},{"taxonomy":"product_tag","embeddable":true,"href":"https:\/\/www.claret.cat\/es\/wp-json\/wp\/v2\/product_tag?post=1087099"}],"curies":[{"name":"wp","href":"https:\/\/api.w.org\/{rel}","templated":true}]}}