{"id":1087102,"date":"2026-03-02T12:50:02","date_gmt":"2026-03-02T11:50:02","guid":{"rendered":"https:\/\/www.claret.cat\/llibre\/ibanez-dos-series-completas-que-construyeron-al-genio-9788402431424\/"},"modified":"2026-03-04T18:30:20","modified_gmt":"2026-03-04T17:30:20","slug":"ibanez-dos-series-completas-que-construyeron-al-genio-9788402431424","status":"publish","type":"product","link":"https:\/\/www.claret.cat\/es\/libro\/ibanez-dos-series-completas-que-construyeron-al-genio-9788402431424\/","title":{"rendered":"IB\u00c1\u00d1EZ. DOS SERIES COMPLETAS QUE CONSTRUYERON AL GENIO"},"content":{"rendered":"<p>Godofredo y Pascualino y El arca de No\u00e9: dos series que sembraron la semilla del genio de Francisco Ib\u00e1\u00f1ez Un viaje a los or\u00edgenes de los tebeos que marcaron la infancia de todo un pa\u00eds, en la l\u00ednea de libros similares como Los 200 primeros casos de Mortadelo y Filem\u00f3n, que nos ofrece una perspectiva \u00fanica de la vida y obra del maestro Francisco Ib\u00e1\u00f1ez.<\/p>\n<p>Estas dos series de los comienzos del maestro, que suman menos de 300 p\u00e1ginas juntas, pueden considerarse fundacionales, ya que los gags y las din\u00e1micas que aqu\u00ed ensaya Ib\u00e1\u00f1ez, se ven despu\u00e9s replicadas en otras de sus obras. Godofredo y Pascualino viven del deporte fino tiene lugar en una agencia de representaci\u00f3n de deportistas formada por Godofredo, un jefe d\u00e9spota y malhumorado, y Pascualino, un empleado bajito y calvo cuya aspiraci\u00f3n de convertirse en una estrella del deporte siempre queda frustrada por su jefe. Ande, r\u00edase &#8216;ust\u00e9&#8217; con el Arca de No\u00e9 se desarrolla en una particular agencia que proporciona todo tipo de animales ex\u00f3ticos a sus clientes. No\u00e9 es, de nuevo, el jefe desp\u00f3tico y gru\u00f1\u00f3n con su empleado Pepe. El culmen del humor lo aporta el pulpo de don No\u00e9, que a menudo imita los gestos de su due\u00f1o. En ambas encontramos el germen del humor de Ib\u00e1\u00f1ez, situaciones surrealistas y ocurrencias disparatadas con la huella inconfundible del maestro. <br \/>\u00abLos grandes artistas no tienen obras menores. Tienen, si acaso, obras breves o poco conocidas. Pero no menores. Si a partir de ahora, los lectores de Ib\u00e1\u00f1ez, adem\u00e1s de recordar que fue el autor de Mortadelo y Filem\u00f3n, de Rompetechos, de Pepe Gotera y Otilo, de Sacarino, de la familia Trapisonda, o de Chica, Tato y Clodoveo, tambi\u00e9n mencionan El arca de No\u00e9 y Godofredo y Pascualino entre sus grandes obras, este libro ya habr\u00e1 cumplido con su raz\u00f3n de ser\u00bb.<\/p>\n<p>Jordi Canyiss\u00e0<\/p>\n","protected":false},"excerpt":{"rendered":"<p>FRANCISCO IB\u00c1\u00d1EZ<\/p>\n","protected":false},"featured_media":1087193,"template":"","meta":{"_acf_changed":false,"om_disable_all_campaigns":false,"rs_blank_template":"","rs_page_bg_color":"","slide_template_v7":"","inline_featured_image":false,"_monsterinsights_skip_tracking":false,"_monsterinsights_sitenote_active":false,"_monsterinsights_sitenote_note":"","_monsterinsights_sitenote_category":0},"product_brand":[],"product_cat":[108,558],"product_tag":[],"class_list":{"0":"post-1087102","1":"product","2":"type-product","3":"status-publish","4":"has-post-thumbnail","6":"product_cat-comic","7":"product_cat-comic-3_infantil-juvenil-spa-spa","9":"first","10":"instock","11":"taxable","12":"shipping-taxable","13":"purchasable","14":"product-type-simple"},"acf":{"autor":"FRANCISCO IB\u00c1\u00d1EZ","codart":"840243142","libros-coleccion":"","ediciones":"1","encuadernacion":"Carton\u00e9","fecha_de_publicacion":"01\/03\/2026","novedad":"1","paginas":"238","subtitulo":"GODOFREDO Y PASCUALINO \/ EL ARCA DE NO\u00c9","orden":"0","portada":"0","idioma":"spa","booktrailer":"","resenas":"","editorial":[{"ID":6253,"post_author":"3","post_date":"2022-07-28 17:48:14","post_date_gmt":"2022-07-28 15:48:14","post_content":"","post_title":"Facultat Teologia de Catalunya","post_excerpt":"","post_status":"publish","comment_status":"closed","ping_status":"closed","post_password":"","post_name":"facultat-teologia-de-catalunya","to_ping":"","pinged":"","post_modified":"2022-07-28 17:48:14","post_modified_gmt":"2022-07-28 15:48:14","post_content_filtered":"","post_parent":0,"guid":"http:\/\/dev.claret.cat\/editorial\/facultat-teologia-de-catalunya\/","menu_order":0,"post_type":"editorial","post_mime_type":"","comment_count":"0","filter":"raw"}]},"aioseo_notices":[],"_links":{"self":[{"href":"https:\/\/www.claret.cat\/es\/wp-json\/wp\/v2\/product\/1087102","targetHints":{"allow":["GET"]}}],"collection":[{"href":"https:\/\/www.claret.cat\/es\/wp-json\/wp\/v2\/product"}],"about":[{"href":"https:\/\/www.claret.cat\/es\/wp-json\/wp\/v2\/types\/product"}],"wp:featuredmedia":[{"embeddable":true,"href":"https:\/\/www.claret.cat\/es\/wp-json\/wp\/v2\/media\/1087193"}],"wp:attachment":[{"href":"https:\/\/www.claret.cat\/es\/wp-json\/wp\/v2\/media?parent=1087102"}],"wp:term":[{"taxonomy":"product_brand","embeddable":true,"href":"https:\/\/www.claret.cat\/es\/wp-json\/wp\/v2\/product_brand?post=1087102"},{"taxonomy":"product_cat","embeddable":true,"href":"https:\/\/www.claret.cat\/es\/wp-json\/wp\/v2\/product_cat?post=1087102"},{"taxonomy":"product_tag","embeddable":true,"href":"https:\/\/www.claret.cat\/es\/wp-json\/wp\/v2\/product_tag?post=1087102"}],"curies":[{"name":"wp","href":"https:\/\/api.w.org\/{rel}","templated":true}]}}