{"id":1087105,"date":"2026-03-02T12:50:15","date_gmt":"2026-03-02T11:50:15","guid":{"rendered":"https:\/\/www.claret.cat\/llibre\/cuinem-9791387653590\/"},"modified":"2026-03-30T14:30:43","modified_gmt":"2026-03-30T12:30:43","slug":"cuinem-9791387653590","status":"publish","type":"product","link":"https:\/\/www.claret.cat\/es\/libro\/cuinem-9791387653590\/","title":{"rendered":"CUINEM!"},"content":{"rendered":"<p>La cuina catalana il\u00b7lustrada i explicada per als m\u00e9s petits. Els adults es posen les mans al cap: la cuina se&#8221;ns mor! La cuina catalana est\u00e0 a la UCI! Per\u00f2 com ha de salvar-se, si no ens l&#8221;ensenyen de petits? Si ni tan sols ells mateixos saben com preparar uns senzills espinacs amb panses i pinyons! Aquest llibre il\u00b7lustrat pas per pas \u00e9s una invitaci\u00f3 per a grans i petits a fer cuina catalana de veritat. El Pep Salsetes ens guia a trav\u00e9s d&#8221;elaboracions senzilles i accessibles de les quals sortiran plats tan emblem\u00e0tics com les faves a la catalana, el fricand\u00f3 o les mandonguilles amb s\u00edpia. I si n&#8221;hi ha de mandrosos que no volen arromangar-se, sempre poden amenitzar la vetllada llegint les llegendes i an\u00e8cdotes que acompanyen cada recepta. Perqu\u00e8 la cuina \u00e9s tradici\u00f3, fam\u00edlia i, sobretot, gresca!<\/p>\n","protected":false},"excerpt":{"rendered":"<p>PEP SALSETES<\/p>\n","protected":false},"featured_media":1087191,"template":"","meta":{"_acf_changed":false,"om_disable_all_campaigns":false,"rs_blank_template":"","rs_page_bg_color":"","slide_template_v7":"","inline_featured_image":false,"_monsterinsights_skip_tracking":false,"_monsterinsights_sitenote_active":false,"_monsterinsights_sitenote_note":"","_monsterinsights_sitenote_category":0},"product_brand":[],"product_cat":[553,103],"product_tag":[],"class_list":{"0":"post-1087105","1":"product","2":"type-product","3":"status-publish","4":"has-post-thumbnail","6":"product_cat-cocina","7":"product_cat-cuina","9":"first","10":"instock","11":"taxable","12":"shipping-taxable","13":"purchasable","14":"product-type-simple"},"acf":{"autor":"PEP SALSETES","codart":"138765359","libros-coleccion":"","ediciones":"1","encuadernacion":"R\u00fastica","fecha_de_publicacion":"01\/03\/2026","novedad":"1","paginas":"191","subtitulo":"CUINA CATALANA PER A TOTA LA FAM\u00cdLIA","orden":"0","portada":"0","idioma":"cat","booktrailer":"","resenas":"","editorial":[{"ID":6350,"post_author":"3","post_date":"2022-07-28 17:50:18","post_date_gmt":"2022-07-28 15:50:18","post_content":"","post_title":"ROSA DELS VENTS","post_excerpt":"","post_status":"publish","comment_status":"closed","ping_status":"closed","post_password":"","post_name":"rosa-dels-vents","to_ping":"","pinged":"","post_modified":"2022-07-28 17:50:18","post_modified_gmt":"2022-07-28 15:50:18","post_content_filtered":"","post_parent":0,"guid":"http:\/\/dev.claret.cat\/editorial\/rosa-dels-vents\/","menu_order":0,"post_type":"editorial","post_mime_type":"","comment_count":"0","filter":"raw"}]},"aioseo_notices":[],"_links":{"self":[{"href":"https:\/\/www.claret.cat\/es\/wp-json\/wp\/v2\/product\/1087105","targetHints":{"allow":["GET"]}}],"collection":[{"href":"https:\/\/www.claret.cat\/es\/wp-json\/wp\/v2\/product"}],"about":[{"href":"https:\/\/www.claret.cat\/es\/wp-json\/wp\/v2\/types\/product"}],"wp:featuredmedia":[{"embeddable":true,"href":"https:\/\/www.claret.cat\/es\/wp-json\/wp\/v2\/media\/1087191"}],"wp:attachment":[{"href":"https:\/\/www.claret.cat\/es\/wp-json\/wp\/v2\/media?parent=1087105"}],"wp:term":[{"taxonomy":"product_brand","embeddable":true,"href":"https:\/\/www.claret.cat\/es\/wp-json\/wp\/v2\/product_brand?post=1087105"},{"taxonomy":"product_cat","embeddable":true,"href":"https:\/\/www.claret.cat\/es\/wp-json\/wp\/v2\/product_cat?post=1087105"},{"taxonomy":"product_tag","embeddable":true,"href":"https:\/\/www.claret.cat\/es\/wp-json\/wp\/v2\/product_tag?post=1087105"}],"curies":[{"name":"wp","href":"https:\/\/api.w.org\/{rel}","templated":true}]}}