{"id":1087108,"date":"2026-03-02T12:50:29","date_gmt":"2026-03-02T11:50:29","guid":{"rendered":"https:\/\/www.claret.cat\/llibre\/tinta-y-sangre-9788439746256\/"},"modified":"2026-04-14T13:05:06","modified_gmt":"2026-04-14T11:05:06","slug":"tinta-y-sangre-9788439746256","status":"publish","type":"product","link":"https:\/\/www.claret.cat\/es\/libro\/tinta-y-sangre-9788439746256\/","title":{"rendered":"TINTA Y SANGRE"},"content":{"rendered":"<p>Despu\u00e9s de La vegetariana, la novela in\u00e9dita de la Premio Nobel Han Kang. Un thriller po\u00e9tico y existencial \u00abUna de las escritoras m\u00e1s sublimes que pueblan el escenario contempor\u00e1neo\u00bb.<br \/>Berna Gonz\u00e1lez Harbour, El Pa\u00eds \u00abLa literatura de Han Kang es un g\u00e9nero en s\u00ed mismo\u00bb. <br \/>Eun-Gwi Chung, World Literature Today \u00abCon unas pocas l\u00edneas atraviesa la experiencia humana en su totalidad\u00bb.<br \/>Katie Kitamura Cuando Inju, una reconocida pintora, muere en un accidente de coche, su mejor amiga, Cheonghee, se niega a creer lo que un cr\u00edtico de arte afirma: que la artista se suicid\u00f3. Cheonghee se embarcar\u00e1 en una investigaci\u00f3n obsesiva que la llevar\u00e1 a desentra\u00f1ar aspectos desconocidos de una biograf\u00eda cargada de fragilidad y desamparo. Pero la b\u00fasqueda de la verdad, a ratos peligrosa, supondr\u00e1 remover su propia historia, hurgar en viejas heridas y padecer el v\u00e9rtigo que produce el misterio de la existencia. Los sue\u00f1os y los recuerdos, el arte y la astrof\u00edsica, la poes\u00eda y el suspense son algunos de los elementos que componen este peculiar y fascinante thriller que la Premio Nobel escribi\u00f3 despu\u00e9s de La vegetariana. En Tinta y sangre, Han Kang profundiza en las mismas preguntas de su anterior novela: \u00abSi no podemos rechazar la vida y el mundo para huir de la violencia, y tampoco podemos convertirnos en plantas, \u00bfc\u00f3mo seguir adelante?\u00bb. En este libro nos da la clave: debemos sobrevivir para dar testimonio de la verdad con nuestras vidas.La cr\u00edtica ha dicho:<br \/>\u00abUna de las escritoras m\u00e1s sublimes que pueblan el escenario contempor\u00e1neo\u00bb.<br \/>Berna Gonz\u00e1lez Harbour,  El Pa\u00eds \u00abSinuosa y extraordinaria [&#8230;]. Han Kang es una escritora incomparable. Con unas pocas l\u00edneas atraviesa la experiencia humana en su totalidad\u00bb.<br \/>Katie Kitamura\u00abHan Kang siempre ha sido una de las escritoras m\u00e1s l\u00facidas: ensancha el cielo de los sentimientos\u00bb.<br \/>Max Porter \u00abLos libros de Han Kang dan fe de una atrocidad concreta a la vez que plantean cuestiones universales sobre lo que significa ser humano, con todo el potencial de ternura y crueldad que eso conlleva\u00bb.<br \/>The Times Literary Supplement<\/p>\n","protected":false},"excerpt":{"rendered":"<p>HAN KANG<\/p>\n","protected":false},"featured_media":1087201,"template":"","meta":{"_acf_changed":false,"om_disable_all_campaigns":false,"rs_blank_template":"","rs_page_bg_color":"","slide_template_v7":"","inline_featured_image":false,"_monsterinsights_skip_tracking":false,"_monsterinsights_sitenote_active":false,"_monsterinsights_sitenote_note":"","_monsterinsights_sitenote_category":0},"product_brand":[],"product_cat":[127,357],"product_tag":[],"class_list":{"0":"post-1087108","1":"product","2":"type-product","3":"status-publish","4":"has-post-thumbnail","6":"product_cat-novella-contemporania","7":"product_cat-novela-contemporanea","9":"first","10":"instock","11":"taxable","12":"shipping-taxable","13":"purchasable","14":"product-type-simple"},"acf":{"autor":"HAN KANG","codart":"843974625","libros-coleccion":"","ediciones":"1","encuadernacion":"R\u00fastica","fecha_de_publicacion":"01\/03\/2026","novedad":"1","paginas":"307","subtitulo":"","orden":"0","portada":"0","idioma":"spa","booktrailer":"","resenas":"","editorial":[{"ID":6290,"post_author":"3","post_date":"2022-07-28 17:49:01","post_date_gmt":"2022-07-28 15:49:01","post_content":"","post_title":"LITERATURA RANDOM HOUSE","post_excerpt":"","post_status":"publish","comment_status":"closed","ping_status":"closed","post_password":"","post_name":"literatura-random-house","to_ping":"","pinged":"","post_modified":"2022-07-28 17:49:01","post_modified_gmt":"2022-07-28 15:49:01","post_content_filtered":"","post_parent":0,"guid":"http:\/\/dev.claret.cat\/editorial\/literatura-random-house\/","menu_order":0,"post_type":"editorial","post_mime_type":"","comment_count":"0","filter":"raw"}]},"aioseo_notices":[],"_links":{"self":[{"href":"https:\/\/www.claret.cat\/es\/wp-json\/wp\/v2\/product\/1087108","targetHints":{"allow":["GET"]}}],"collection":[{"href":"https:\/\/www.claret.cat\/es\/wp-json\/wp\/v2\/product"}],"about":[{"href":"https:\/\/www.claret.cat\/es\/wp-json\/wp\/v2\/types\/product"}],"wp:featuredmedia":[{"embeddable":true,"href":"https:\/\/www.claret.cat\/es\/wp-json\/wp\/v2\/media\/1087201"}],"wp:attachment":[{"href":"https:\/\/www.claret.cat\/es\/wp-json\/wp\/v2\/media?parent=1087108"}],"wp:term":[{"taxonomy":"product_brand","embeddable":true,"href":"https:\/\/www.claret.cat\/es\/wp-json\/wp\/v2\/product_brand?post=1087108"},{"taxonomy":"product_cat","embeddable":true,"href":"https:\/\/www.claret.cat\/es\/wp-json\/wp\/v2\/product_cat?post=1087108"},{"taxonomy":"product_tag","embeddable":true,"href":"https:\/\/www.claret.cat\/es\/wp-json\/wp\/v2\/product_tag?post=1087108"}],"curies":[{"name":"wp","href":"https:\/\/api.w.org\/{rel}","templated":true}]}}