{"id":1087112,"date":"2026-03-02T12:55:02","date_gmt":"2026-03-02T11:55:02","guid":{"rendered":"https:\/\/www.claret.cat\/llibre\/precipicio-9788425372605\/"},"modified":"2026-03-02T16:20:42","modified_gmt":"2026-03-02T15:20:42","slug":"precipicio-9788425372605","status":"publish","type":"product","link":"https:\/\/www.claret.cat\/es\/libro\/precipicio-9788425372605\/","title":{"rendered":"PRECIPICIO"},"content":{"rendered":"<p>El nuevo thriller hist\u00f3rico del autor de C\u00d3NCLAVE.  El affair del primer ministro brit\u00e1nico con una joven arist\u00f3crata que pudo haber cambiado el curso de la historia. \u00abUn relato fascinante de pol\u00edtica, guerra y obsesi\u00f3n er\u00f3tica\u00bb. Sunday Times Verano de 1914. Europa est\u00e1 al borde de la cat\u00e1strofe. En Londres, Venetia Stanley, una joven de 26 a\u00f1os, mantiene una relaci\u00f3n \u00edntima e il\u00edcita con el primer ministro brit\u00e1nico H.H. Asquith, que en la \u00e9poca ten\u00eda 62 a\u00f1os. \u00c9l le escribe obsesivamente y ella se convierte en su confidente en asuntos de estado. Mientras el dirigente brit\u00e1nico conduce el pa\u00eds a la guerra con Alemania, una grave filtraci\u00f3n de documentos secretos alerta al gobierno, y un agente del servicio de inteligencia se hace cargo de la investigaci\u00f3n. El affair se transforma en un asunto de seguridad nacional que tendr\u00e1 consecuencias en el escenario geopol\u00edtico.   Entrelazando magistralmente hechos reales y ficci\u00f3n, Robert Harris da vida a uno de los momentos m\u00e1s apasionantes de la historia en un thriller de alto voltaje donde una obsesi\u00f3n privada amenaza el destino de un pa\u00eds.La cr\u00edtica ha dicho: \u00abUn affair insensato y una guerra horrible que no dar\u00e1n tregua a loslectores\u00bb.<br \/>Kirkus Review<\/p>\n<p>\u00abUna de las tres mejores novelas de Robert Harris\u00bb.<br \/>The Independent<\/p>\n<p>\u00abUn relato fascinante depol\u00edtica, guerra y obsesi\u00f3n er\u00f3tica\u00bb.<br \/>Sunday Times<\/p>\n<p>\u00abRigurosa, inteligente y absorbente hasta el final\u00bb.<br \/>The Times<\/p>\n<p>\u00abUna novela de amor y pol\u00edtica en un continente enloquecido durante la Primera Guerra Mundial\u00bb.<br \/>Kirkus Review<\/p>\n","protected":false},"excerpt":{"rendered":"<p>ROBERT HARRIS<\/p>\n","protected":false},"featured_media":1087195,"template":"","meta":{"_acf_changed":false,"om_disable_all_campaigns":false,"rs_blank_template":"","rs_page_bg_color":"","slide_template_v7":"","inline_featured_image":false,"_monsterinsights_skip_tracking":false,"_monsterinsights_sitenote_active":false,"_monsterinsights_sitenote_note":"","_monsterinsights_sitenote_category":0},"product_brand":[],"product_cat":[127,357],"product_tag":[],"class_list":{"0":"post-1087112","1":"product","2":"type-product","3":"status-publish","4":"has-post-thumbnail","6":"product_cat-novella-contemporania","7":"product_cat-novela-contemporanea","9":"first","10":"instock","11":"taxable","12":"shipping-taxable","13":"purchasable","14":"product-type-simple"},"acf":{"autor":"ROBERT HARRIS","codart":"842537260","libros-coleccion":"","ediciones":"1","encuadernacion":"R\u00fastica","fecha_de_publicacion":"01\/03\/2026","novedad":"1","paginas":"445","subtitulo":"","orden":"0","portada":"0","idioma":"spa","booktrailer":"","resenas":"","editorial":[{"ID":6263,"post_author":"3","post_date":"2022-07-28 17:48:27","post_date_gmt":"2022-07-28 15:48:27","post_content":"","post_title":"GRIJALBO","post_excerpt":"","post_status":"publish","comment_status":"closed","ping_status":"closed","post_password":"","post_name":"grijalbo","to_ping":"","pinged":"","post_modified":"2022-07-28 17:48:27","post_modified_gmt":"2022-07-28 15:48:27","post_content_filtered":"","post_parent":0,"guid":"http:\/\/dev.claret.cat\/editorial\/grijalbo\/","menu_order":0,"post_type":"editorial","post_mime_type":"","comment_count":"0","filter":"raw"}]},"aioseo_notices":[],"_links":{"self":[{"href":"https:\/\/www.claret.cat\/es\/wp-json\/wp\/v2\/product\/1087112","targetHints":{"allow":["GET"]}}],"collection":[{"href":"https:\/\/www.claret.cat\/es\/wp-json\/wp\/v2\/product"}],"about":[{"href":"https:\/\/www.claret.cat\/es\/wp-json\/wp\/v2\/types\/product"}],"wp:featuredmedia":[{"embeddable":true,"href":"https:\/\/www.claret.cat\/es\/wp-json\/wp\/v2\/media\/1087195"}],"wp:attachment":[{"href":"https:\/\/www.claret.cat\/es\/wp-json\/wp\/v2\/media?parent=1087112"}],"wp:term":[{"taxonomy":"product_brand","embeddable":true,"href":"https:\/\/www.claret.cat\/es\/wp-json\/wp\/v2\/product_brand?post=1087112"},{"taxonomy":"product_cat","embeddable":true,"href":"https:\/\/www.claret.cat\/es\/wp-json\/wp\/v2\/product_cat?post=1087112"},{"taxonomy":"product_tag","embeddable":true,"href":"https:\/\/www.claret.cat\/es\/wp-json\/wp\/v2\/product_tag?post=1087112"}],"curies":[{"name":"wp","href":"https:\/\/api.w.org\/{rel}","templated":true}]}}