{"id":1087115,"date":"2026-03-02T12:55:15","date_gmt":"2026-03-02T11:55:15","guid":{"rendered":"https:\/\/www.claret.cat\/llibre\/grandes-promesas-9791387640736\/"},"modified":"2026-03-30T14:30:33","modified_gmt":"2026-03-30T12:30:33","slug":"grandes-promesas-9791387640736","status":"publish","type":"product","link":"https:\/\/www.claret.cat\/es\/libro\/grandes-promesas-9791387640736\/","title":{"rendered":"GRANDES PROMESAS"},"content":{"rendered":"<p>PAR\u00cdS, 1960-1964 Pierre Lemaitre culmina su saga inmensa sobre la familia Pelletier Apasionante, conmovedora, emocionante: una gran novela A menudo comparado con Alexandre Dumas, Pierre Lemaitre culmina con Grandes promesas la exitosa y monumental saga dedicada a la familia Pelletier y \u00abLos a\u00f1os gloriosos\u00bb, un proyecto que, desde su inicio con El ancho mundo, ha conquistado a cientos de miles de lectores. En esta entrega, el autor vuelve a deslumbrar con una novela que combina historia, emoci\u00f3n y suspense con una naturalidad y una fuerza narrativa poco comunes, y que sit\u00faa su obra entre las m\u00e1s ambiciosas de la ficci\u00f3n contempor\u00e1nea. Todo comienza con un incendio, un beb\u00e9\u2026 y un jabal\u00ed. Un inicio fulgurante que abre paso a un pa\u00eds en plena transformaci\u00f3n, donde las obras que redefinen Par\u00eds conviven con la lenta erosi\u00f3n del mundo rural. En ese entorno cambiante, la familia Pelletier afronta decisiones que ponen a prueba afectos y aspiraciones. Fran\u00e7ois, Jean, Colette, Philippe y quienes los rodean avanzan por a\u00f1os de prosperidad aparente, marcados por un progreso que deslumbra tanto como inquieta. Y, fiel a su manera, el gato Joseph contin\u00faa ah\u00ed, vigilante, como si supiera que, entre los Pelletier, un secreto sombr\u00edo, arrastrado desde un hecho irreparable y largamente oculto, est\u00e1 a punto de salir a la luz. Con su dominio del ritmo, la emoci\u00f3n y la iron\u00eda, Pierre Lemaitre gu\u00eda a los Pelletier hacia un desenlace inesperado, trazado con una precisi\u00f3n que mantiene la tensi\u00f3n viva hasta la \u00faltima p\u00e1gina.La cr\u00edtica ha dicho sobre la saga: \u00abUn proyecto consistente en narrar el siglo XX d\u00e9cada a d\u00e9cada a la manera de los Episodios nacionales de su admirado Gald\u00f3s.\u00bb El Mundo \u00abUna trama apasionante, repleta de personajes bien construidos y sutilmente inscritos en la Historia: honestamente, \u00bfqu\u00e9 m\u00e1s se le puede pedir a una novela?\u00bb The Times \u00abExcelente.\u00bb Helsingin Sanomat \u00abLemaitre es el Dumas de nuestros d\u00edas.\u00bbLa Vanguardia \u00abUn trabajo incre\u00edblemente ambicioso y extraordinariamente entretenido.\u00bb The Sunday Times \u00abCautivador e incandescente.\u00bb De Morgen\u00abUna virtuosidad excepcional.\u00bb La Lettura &#8211; Corriere della Sera<\/p>\n","protected":false},"excerpt":{"rendered":"<p>PIERRE LEMAITRE<\/p>\n","protected":false},"featured_media":1087197,"template":"","meta":{"_acf_changed":false,"om_disable_all_campaigns":false,"rs_blank_template":"","rs_page_bg_color":"","slide_template_v7":"","inline_featured_image":false,"_monsterinsights_skip_tracking":false,"_monsterinsights_sitenote_active":false,"_monsterinsights_sitenote_note":"","_monsterinsights_sitenote_category":0},"product_brand":[],"product_cat":[127,357],"product_tag":[],"class_list":{"0":"post-1087115","1":"product","2":"type-product","3":"status-publish","4":"has-post-thumbnail","6":"product_cat-novella-contemporania","7":"product_cat-novela-contemporanea","9":"first","10":"instock","11":"taxable","12":"shipping-taxable","13":"purchasable","14":"product-type-simple"},"acf":{"autor":"PIERRE LEMAITRE","codart":"138764073","libros-coleccion":"","ediciones":"1","encuadernacion":"R\u00fastica","fecha_de_publicacion":"01\/03\/2026","novedad":"1","paginas":"432","subtitulo":"LOS A\u00d1OS GLORIOSOS 4","orden":"0","portada":"0","idioma":"spa","booktrailer":"","resenas":"","editorial":[{"ID":6352,"post_author":"3","post_date":"2022-07-28 17:50:21","post_date_gmt":"2022-07-28 15:50:21","post_content":"","post_title":"SALAMANDRA","post_excerpt":"","post_status":"publish","comment_status":"closed","ping_status":"closed","post_password":"","post_name":"salamandra","to_ping":"","pinged":"","post_modified":"2022-07-28 17:50:21","post_modified_gmt":"2022-07-28 15:50:21","post_content_filtered":"","post_parent":0,"guid":"http:\/\/dev.claret.cat\/editorial\/salamandra\/","menu_order":0,"post_type":"editorial","post_mime_type":"","comment_count":"0","filter":"raw"}]},"aioseo_notices":[],"_links":{"self":[{"href":"https:\/\/www.claret.cat\/es\/wp-json\/wp\/v2\/product\/1087115","targetHints":{"allow":["GET"]}}],"collection":[{"href":"https:\/\/www.claret.cat\/es\/wp-json\/wp\/v2\/product"}],"about":[{"href":"https:\/\/www.claret.cat\/es\/wp-json\/wp\/v2\/types\/product"}],"wp:featuredmedia":[{"embeddable":true,"href":"https:\/\/www.claret.cat\/es\/wp-json\/wp\/v2\/media\/1087197"}],"wp:attachment":[{"href":"https:\/\/www.claret.cat\/es\/wp-json\/wp\/v2\/media?parent=1087115"}],"wp:term":[{"taxonomy":"product_brand","embeddable":true,"href":"https:\/\/www.claret.cat\/es\/wp-json\/wp\/v2\/product_brand?post=1087115"},{"taxonomy":"product_cat","embeddable":true,"href":"https:\/\/www.claret.cat\/es\/wp-json\/wp\/v2\/product_cat?post=1087115"},{"taxonomy":"product_tag","embeddable":true,"href":"https:\/\/www.claret.cat\/es\/wp-json\/wp\/v2\/product_tag?post=1087115"}],"curies":[{"name":"wp","href":"https:\/\/api.w.org\/{rel}","templated":true}]}}