{"id":1087119,"date":"2026-03-02T13:00:18","date_gmt":"2026-03-02T12:00:18","guid":{"rendered":"https:\/\/www.claret.cat\/llibre\/el-nen-que-va-perdre-la-guerra-9788419394934\/"},"modified":"2026-03-02T17:30:37","modified_gmt":"2026-03-02T16:30:37","slug":"el-nen-que-va-perdre-la-guerra-9788419394934","status":"publish","type":"product","link":"https:\/\/www.claret.cat\/es\/libro\/el-nen-que-va-perdre-la-guerra-9788419394934\/","title":{"rendered":"EL NEN QUE VA PERDRE LA GUERRA"},"content":{"rendered":"<p>Un nen. Dos pa\u00efsos. Dues ideologies.  Una novel\u00b7la emocionant i ambiciosa sobre la identitat i el poder imparable de la cultura que ens mostra que, fins i tot en els racons m\u00e9s foscos de la hist\u00f2ria, la vida s&#8221;obre pas. Madrid, hivern del 1938 La Clotilde, una artista gr\u00e0fica que dibuixa caricatures per a diaris republicans, viu a Madrid els \u00faltims mesos de la Gerra Civil. La caiguda de la Rep\u00fablica \u00e9s imminent, i el seu marit, militant comunista que treballa pels sovi\u00e8tics, decideix enviar a Moscou al seu fill Pablo, de nom\u00e9s cinc anys, en contra de la seva voluntat. La Clotilde s&#8221;hi resisteix amb totes les seves forces, per\u00f2 no aconsegueix evitar que el comandant Boris Petrov emprengui un arriscat viatge per una espanya en flames per complir amb el desig del seu camarada de portar al Pablo a la Uni\u00f3 Sovi\u00e8tica, on Stalin est\u00e0 aixecant un nou pa\u00eds sobre les ru\u00efnes de l&#8221;antic r\u00e8gim. Moscou, primavera del 1939 All\u00e0 \u00e9s rebut per la seva nova fam\u00edlia, que, commoguda pel tr\u00e0gic exili, acull amb els bra\u00e7os oberts al nen, exhaust i malalt. L&#8221;\u00c0nia no dubta a cuidar-lo com si fos el seu propi fill, sense fer distincions amb l&#8221;Igor, el seu germ\u00e0 d&#8221;adopci\u00f3. Filla i esposa de dos orgullosos herois de la Revoluci\u00f3 -el seu pare va lluitar al costat de Lenin, el seu marit a les ordres de Stalin_, l&#8221;\u00c0nia adora la poesia i la m\u00fasica, aficions sospitoses i burgeses als ulls del poder. Mentre les seves il\u00b7lusions naufraguen en l&#8221;ambient cada cop m\u00e9s opressiu del terror estalinista, el seu esperit es rebel\u00b7la contra la injust\u00edcia, la mis\u00e8ria, l&#8221;abs\u00e8ncia de llibertat i el gulag. El Pablo creix entre el record cada cop mes t\u00e8nue de la seva mare, que no deixa d&#8221;intentar recuperar-lo, i l&#8221;amor de l&#8221;\u00c0nia, que li transmet la seva passi\u00f3 per la m\u00fasica, la literatura i els desitjos de llibertat. Dues dones unides pel dest\u00ed d&#8221;un nen i confrontades al mateix mirall: el de les ideologies totalit\u00e0ries que van imperar al segle xx. Es pot perdre una guerra, per\u00f2 es pot guanyar la llibertat.<\/p>\n","protected":false},"excerpt":{"rendered":"<p>JULIA NAVARRO<\/p>\n","protected":false},"featured_media":1087233,"template":"","meta":{"_acf_changed":false,"om_disable_all_campaigns":false,"rs_blank_template":"","rs_page_bg_color":"","slide_template_v7":"","inline_featured_image":false,"_monsterinsights_skip_tracking":false,"_monsterinsights_sitenote_active":false,"_monsterinsights_sitenote_note":"","_monsterinsights_sitenote_category":0},"product_brand":[],"product_cat":[127,357],"product_tag":[],"class_list":{"0":"post-1087119","1":"product","2":"type-product","3":"status-publish","4":"has-post-thumbnail","6":"product_cat-novella-contemporania","7":"product_cat-novela-contemporanea","9":"first","10":"instock","11":"taxable","12":"shipping-taxable","13":"purchasable","14":"product-type-simple"},"acf":{"autor":"JULIA NAVARRO","codart":"841939493","libros-coleccion":"","ediciones":"1","encuadernacion":"R\u00fastica","fecha_de_publicacion":"01\/03\/2026","novedad":"1","paginas":"637","subtitulo":"","orden":"0","portada":"0","idioma":"cat","booktrailer":"","resenas":"","editorial":[{"ID":147699,"post_author":"3","post_date":"2022-10-14 11:52:34","post_date_gmt":"2022-10-14 09:52:34","post_content":"","post_title":"Debutxaca","post_excerpt":"","post_status":"publish","comment_status":"closed","ping_status":"closed","post_password":"","post_name":"debutxaca","to_ping":"","pinged":"","post_modified":"2022-10-14 11:52:34","post_modified_gmt":"2022-10-14 09:52:34","post_content_filtered":"","post_parent":0,"guid":"http:\/\/dev.claret.cat\/editorial\/debutxaca\/","menu_order":0,"post_type":"editorial","post_mime_type":"","comment_count":"0","filter":"raw"}]},"aioseo_notices":[],"_links":{"self":[{"href":"https:\/\/www.claret.cat\/es\/wp-json\/wp\/v2\/product\/1087119","targetHints":{"allow":["GET"]}}],"collection":[{"href":"https:\/\/www.claret.cat\/es\/wp-json\/wp\/v2\/product"}],"about":[{"href":"https:\/\/www.claret.cat\/es\/wp-json\/wp\/v2\/types\/product"}],"wp:featuredmedia":[{"embeddable":true,"href":"https:\/\/www.claret.cat\/es\/wp-json\/wp\/v2\/media\/1087233"}],"wp:attachment":[{"href":"https:\/\/www.claret.cat\/es\/wp-json\/wp\/v2\/media?parent=1087119"}],"wp:term":[{"taxonomy":"product_brand","embeddable":true,"href":"https:\/\/www.claret.cat\/es\/wp-json\/wp\/v2\/product_brand?post=1087119"},{"taxonomy":"product_cat","embeddable":true,"href":"https:\/\/www.claret.cat\/es\/wp-json\/wp\/v2\/product_cat?post=1087119"},{"taxonomy":"product_tag","embeddable":true,"href":"https:\/\/www.claret.cat\/es\/wp-json\/wp\/v2\/product_tag?post=1087119"}],"curies":[{"name":"wp","href":"https:\/\/api.w.org\/{rel}","templated":true}]}}