{"id":1087134,"date":"2026-03-02T13:40:02","date_gmt":"2026-03-02T12:40:02","guid":{"rendered":"https:\/\/www.claret.cat\/llibre\/las-deliciosas-historias-de-la-taberna-kamogawa-taberna-kamogawa-2-9788466390897\/"},"modified":"2026-03-02T15:57:50","modified_gmt":"2026-03-02T14:57:50","slug":"las-deliciosas-historias-de-la-taberna-kamogawa-taberna-kamogawa-2-9788466390897","status":"publish","type":"product","link":"https:\/\/www.claret.cat\/es\/libro\/las-deliciosas-historias-de-la-taberna-kamogawa-taberna-kamogawa-2-9788466390897\/","title":{"rendered":"LAS DELICIOSAS HISTORIAS DE LA TABERNA KAMOGAWA (TABERNA KAMOGAWA 2)"},"content":{"rendered":"<p>Una nueva entrega del fen\u00f3meno del cozy crime japon\u00e9s que ha seducido a miles de lectores Un misterioso anuncio de una sola l\u00ednea en una revista culinaria, sin n\u00famero de tel\u00e9fono ni direcci\u00f3n: \u00a1quienes deseen visitar la taberna Kamogawa tienen que confiar en un toque de magia para llegar hasta ella! Solo los asiduos y los curiosos, guiados por el destino, encuentran el camino hasta el peque\u00f1o edificio escondido entre las callejuelas de Kioto. La pareja formada por el padre y la hija Kamogawa ha empezado a anunciar sus servicios como \u00abdetectives de la comida\u00bb: mediante ingeniosas investigaciones, son capaces de recrear un plato del pasado de sus clientes, guisos que bien podr\u00edan contener las claves de historias olvidadas y promesas de felicidad futura. \u00bfLes permitir\u00e1n estos sabores redescubiertos cerrar la puerta a los remordimientos y empezar de nuevo?La cr\u00edtica ha dicho:<br \/>\u00abUn libro emocional y exquisito\u00bb.<br \/>Esquire \u00abSi te gusta la cocina y te encanta el misterio, este libro mezcla ambos ingredientes para lograr un c\u00f3ctel imbatible\u00bb.<br \/>Instyle\u00abHisashi Kashiwai ha revolucionado el mercado editorial mundial con esta historia de detectives que combina el misterio y la gastronom\u00eda\u00bb.<br \/>El Mundo \u00abUn libro delicioso en todos los sentidos que es mejor no leer con hambre\u00bb.<br \/>El Pa\u00eds Babelia \u00abUna historia llena de ternura\u00bb.<br \/>El Correo\u00abLos personajes de Los misterios de la taberna Kamogawa buscan el sabor de los recuerdos. Al igual que las vistas y los sonidos, los sabores tambi\u00e9n est\u00e1n profundamente conectados con los recuerdos. Las descripciones de los bellos paisajes de Kioto y sus platos aut\u00f3ctonos, que son como elpaisaje original de Jap\u00f3n, me han llegado al coraz\u00f3n\u00bb.<br \/>Genki Kawamura, autor de Si los gatos desaparecieran del mundo<\/p>\n","protected":false},"excerpt":{"rendered":"<p>HISASHI KASHIWAI<\/p>\n","protected":false},"featured_media":1087135,"template":"","meta":{"_acf_changed":false,"om_disable_all_campaigns":false,"rs_blank_template":"","rs_page_bg_color":"","slide_template_v7":"","inline_featured_image":false,"_monsterinsights_skip_tracking":false,"_monsterinsights_sitenote_active":false,"_monsterinsights_sitenote_note":"","_monsterinsights_sitenote_category":0},"product_brand":[],"product_cat":[127,357],"product_tag":[],"class_list":{"0":"post-1087134","1":"product","2":"type-product","3":"status-publish","4":"has-post-thumbnail","6":"product_cat-novella-contemporania","7":"product_cat-novela-contemporanea","9":"first","10":"instock","11":"taxable","12":"shipping-taxable","13":"purchasable","14":"product-type-simple"},"acf":{"autor":"HISASHI KASHIWAI","codart":"846639089","libros-coleccion":"","ediciones":"1","encuadernacion":"R\u00fastica","fecha_de_publicacion":"01\/03\/2026","novedad":"1","paginas":"200","subtitulo":"TABERNA KAMOGAWA 2","orden":"0","portada":"0","idioma":"spa","booktrailer":"","resenas":"","editorial":[{"ID":6178,"post_author":"3","post_date":"2022-07-28 17:46:34","post_date_gmt":"2022-07-28 15:46:34","post_content":"","post_title":"DEBOLSILLO","post_excerpt":"","post_status":"publish","comment_status":"closed","ping_status":"closed","post_password":"","post_name":"debolsillo","to_ping":"","pinged":"","post_modified":"2022-07-28 17:46:34","post_modified_gmt":"2022-07-28 15:46:34","post_content_filtered":"","post_parent":0,"guid":"http:\/\/dev.claret.cat\/editorial\/debolsillo\/","menu_order":0,"post_type":"editorial","post_mime_type":"","comment_count":"0","filter":"raw"}]},"aioseo_notices":[],"_links":{"self":[{"href":"https:\/\/www.claret.cat\/es\/wp-json\/wp\/v2\/product\/1087134","targetHints":{"allow":["GET"]}}],"collection":[{"href":"https:\/\/www.claret.cat\/es\/wp-json\/wp\/v2\/product"}],"about":[{"href":"https:\/\/www.claret.cat\/es\/wp-json\/wp\/v2\/types\/product"}],"wp:featuredmedia":[{"embeddable":true,"href":"https:\/\/www.claret.cat\/es\/wp-json\/wp\/v2\/media\/1087135"}],"wp:attachment":[{"href":"https:\/\/www.claret.cat\/es\/wp-json\/wp\/v2\/media?parent=1087134"}],"wp:term":[{"taxonomy":"product_brand","embeddable":true,"href":"https:\/\/www.claret.cat\/es\/wp-json\/wp\/v2\/product_brand?post=1087134"},{"taxonomy":"product_cat","embeddable":true,"href":"https:\/\/www.claret.cat\/es\/wp-json\/wp\/v2\/product_cat?post=1087134"},{"taxonomy":"product_tag","embeddable":true,"href":"https:\/\/www.claret.cat\/es\/wp-json\/wp\/v2\/product_tag?post=1087134"}],"curies":[{"name":"wp","href":"https:\/\/api.w.org\/{rel}","templated":true}]}}