{"id":1087137,"date":"2026-03-02T13:40:26","date_gmt":"2026-03-02T12:40:26","guid":{"rendered":"https:\/\/www.claret.cat\/llibre\/la-mare-dels-ous-9791387564162\/"},"modified":"2026-04-07T12:45:06","modified_gmt":"2026-04-07T10:45:06","slug":"la-mare-dels-ous-9791387564162","status":"publish","type":"product","link":"https:\/\/www.claret.cat\/es\/libro\/la-mare-dels-ous-9791387564162\/","title":{"rendered":"LA MARE DELS OUS"},"content":{"rendered":"<p>L&#8221;antimanual per a mares per sobreviure als moments de desesperaci\u00f3 Ser mare \u00e9s l&#8221;aventura m\u00e9s meravellosa del m\u00f3n, per\u00f2 quan et trobes amb un nad\u00f3 als bra\u00e7os que brama, caga tot el dia i no et deixa dormir m\u00e9s d&#8221;una hora seguida, et preguntes: com sobreviur\u00e9 al postpart? Per sort, ara tenim la soluci\u00f3: llegir aquest antimanual per a moments de desesperaci\u00f3! Amb un humor sense filtres, la periodista Elisenda Carod converteix la bogeria del postpart en un festival d&#8221;autohumiliaci\u00f3 terap\u00e8utica. En aquest llibre no trobar\u00e0s frases inspiradores ni nadons angelicals, sin\u00f3 nits en blanc, pors irracionals, les conseq\u00fc\u00e8ncies de la calv\u00edcie postpart i consells per treure els mocs al teu nad\u00f3. Explicat amb una tendresa i una honestedat brutals, aquest \u00e9s el llibre que l&#8221;Elisenda Carod hauria necessitat que alg\u00fa li regal\u00e9s abans de ser mare. Un llibre que et far\u00e0 sentir menys sola i m\u00e9s capa\u00e7 de riure&#8221;t de tot plegat\u2026 i de tu mateixa! L&#8221;humor ens fa humans i parir tamb\u00e9!<\/p>\n","protected":false},"excerpt":{"rendered":"<p>ELISENDA CAROD<\/p>\n","protected":false},"featured_media":1087179,"template":"","meta":{"_acf_changed":false,"om_disable_all_campaigns":false,"rs_blank_template":"","rs_page_bg_color":"","slide_template_v7":"","inline_featured_image":false,"_monsterinsights_skip_tracking":false,"_monsterinsights_sitenote_active":false,"_monsterinsights_sitenote_note":"","_monsterinsights_sitenote_category":0},"product_brand":[],"product_cat":[549,99,137,425],"product_tag":[],"class_list":{"0":"post-1087137","1":"product","2":"type-product","3":"status-publish","4":"has-post-thumbnail","6":"product_cat-biografias","7":"product_cat-biografies","8":"product_cat-escola-de-pares-infantil","9":"product_cat-escuela-de-padres","11":"first","12":"instock","13":"taxable","14":"shipping-taxable","15":"purchasable","16":"product-type-simple"},"acf":{"autor":"ELISENDA CAROD","codart":"138756416","libros-coleccion":"","ediciones":"1","encuadernacion":"R\u00fastica","fecha_de_publicacion":"01\/03\/2026","novedad":"1","paginas":"229","subtitulo":"L\u2019ANTIMANUAL PER A MOMENTS DE DESESPERACI\u00d3","orden":"0","portada":"0","idioma":"cat","booktrailer":"","resenas":"","editorial":[{"ID":6276,"post_author":"3","post_date":"2022-07-28 17:48:43","post_date_gmt":"2022-07-28 15:48:43","post_content":"","post_title":"LA CAMPANA","post_excerpt":"","post_status":"publish","comment_status":"closed","ping_status":"closed","post_password":"","post_name":"la-campana","to_ping":"","pinged":"","post_modified":"2022-07-28 17:48:43","post_modified_gmt":"2022-07-28 15:48:43","post_content_filtered":"","post_parent":0,"guid":"http:\/\/dev.claret.cat\/editorial\/la-campana\/","menu_order":0,"post_type":"editorial","post_mime_type":"","comment_count":"0","filter":"raw"}]},"aioseo_notices":[],"_links":{"self":[{"href":"https:\/\/www.claret.cat\/es\/wp-json\/wp\/v2\/product\/1087137","targetHints":{"allow":["GET"]}}],"collection":[{"href":"https:\/\/www.claret.cat\/es\/wp-json\/wp\/v2\/product"}],"about":[{"href":"https:\/\/www.claret.cat\/es\/wp-json\/wp\/v2\/types\/product"}],"wp:featuredmedia":[{"embeddable":true,"href":"https:\/\/www.claret.cat\/es\/wp-json\/wp\/v2\/media\/1087179"}],"wp:attachment":[{"href":"https:\/\/www.claret.cat\/es\/wp-json\/wp\/v2\/media?parent=1087137"}],"wp:term":[{"taxonomy":"product_brand","embeddable":true,"href":"https:\/\/www.claret.cat\/es\/wp-json\/wp\/v2\/product_brand?post=1087137"},{"taxonomy":"product_cat","embeddable":true,"href":"https:\/\/www.claret.cat\/es\/wp-json\/wp\/v2\/product_cat?post=1087137"},{"taxonomy":"product_tag","embeddable":true,"href":"https:\/\/www.claret.cat\/es\/wp-json\/wp\/v2\/product_tag?post=1087137"}],"curies":[{"name":"wp","href":"https:\/\/api.w.org\/{rel}","templated":true}]}}