{"id":1087143,"date":"2026-03-02T13:45:18","date_gmt":"2026-03-02T12:45:18","guid":{"rendered":"https:\/\/www.claret.cat\/llibre\/estuche-los-chicos-de-tommen-saving-6-y-redeeming-6-joey-y-aoife-9788418318634\/"},"modified":"2026-03-02T15:56:25","modified_gmt":"2026-03-02T14:56:25","slug":"estuche-los-chicos-de-tommen-saving-6-y-redeeming-6-joey-y-aoife-9788418318634","status":"publish","type":"product","link":"https:\/\/www.claret.cat\/es\/libro\/estuche-los-chicos-de-tommen-saving-6-y-redeeming-6-joey-y-aoife-9788418318634\/","title":{"rendered":"ESTUCHE LOS CHICOS DE TOMMEN: SAVING 6 Y REDEEMING 6 (JOEY Y AOIFE)"},"content":{"rendered":"<p>Vive una historia de amor intensa e inolvidable con Saving 6 y Redeeming 6, el fen\u00f3meno de TikTok \u00abLos chicos de Tommen\u00bb, de Chloe Walsh. D\u00e9jate atrapar por este romance deportivo y siente como nunca el poder del primer amor en esta edici\u00f3n especial con la historia completa de Joey y Aoife. Saving 6 \u00c9l es un chico perdido. Ella es la chica que podr\u00eda convertirse en el hogar que nunca tuvo. Joey Lynch, el segundo hijo de un matrimonio roto, lleva toda la vida recogiendo los pedazos de una familia en descomposici\u00f3n. Cuando su hermano mayor, Darren, abandona la ciudad, Joey se ve obligado con tan solo doce a\u00f1os a asumir el papel de protector de su madre y sus hermanos peque\u00f1os. Atormentado por el odio que siente hacia s\u00ed mismo y furioso con el mundo, afronta la vida adolescente y el inquebrantable sentido del deber que le profesa a su familia mientras avanza peligrosamente hacia una vida de adicci\u00f3n que amenaza con engullirlo por completo. La \u00fanica luz en ese mar de oscuridad es la vivaracha hija de su jefe, una chica que nunca se echa atr\u00e1s y que da la casualidad de que va a su clase. Aoife Molloy nunca ha pecado de t\u00edmida. Su car\u00e1cter dicharachero y seguro de s\u00ed mismo nunca la ha llevado por mal camino. Hasta que el primer d\u00eda de instituto conoce a un chico de temperamento impulsivo que despierta en ella una curiosidad abrasadora que crece d\u00eda a d\u00eda. Tras entablar una complicada amistad con el aprendiz de su padre, Aoife intenta desentra\u00f1ar los secretos que rodean la vida de Joey Lynch, mientras que \u00e9l lucha desesperadamente por mantenerla al margen. ____________________ Redeeming 6 Voy a salvarte, seis. Mientras el mundo se desmorona a su alrededor, la vida de Joey Lynch es m\u00e1s turbulenta que nunca. Desesperado por sentirse digno de la \u00fanica persona en la que ha confiado jam\u00e1s, Joey lucha por alejarse de un entorno que amenaza con destruirlo todo. Pero, con tanto en su contra, \u00bflograr\u00e1 mantenerse a flote? Sin intenci\u00f3n de abandonar al chico al que ama, Aoife Molloy pelea por salvarlo de la autodestrucci\u00f3n. Ahog\u00e1ndose en un mundo que no comprende, sin otra gu\u00eda que los dictados de su coraz\u00f3n, se niega a darle la espalda a Joey incluso cuando parece que tienen todas las de perder. Pese al sufrimiento y el horror, Aoife y Joey nunca han dejado de apoyarse el uno al otro, \u00bfser\u00e1 esta vez diferente?<\/p>\n","protected":false},"excerpt":{"rendered":"<p>CHLOE WALSH<\/p>\n","protected":false},"featured_media":1087144,"template":"","meta":{"_acf_changed":false,"om_disable_all_campaigns":false,"rs_blank_template":"","rs_page_bg_color":"","slide_template_v7":"","inline_featured_image":false,"_monsterinsights_skip_tracking":false,"_monsterinsights_sitenote_active":false,"_monsterinsights_sitenote_note":"","_monsterinsights_sitenote_category":0},"product_brand":[],"product_cat":[133,566,117,363],"product_tag":[],"class_list":{"0":"post-1087143","1":"product","2":"type-product","3":"status-publish","4":"has-post-thumbnail","6":"product_cat-lectures-per-adolescents-12-18-anys","7":"product_cat-juvenil-3_infantil-juvenil-spa-spa","8":"product_cat-juvenil","9":"product_cat-lecturas-por-adolescentes-12-18-anos","11":"first","12":"instock","13":"taxable","14":"shipping-taxable","15":"purchasable","16":"product-type-simple"},"acf":{"autor":"CHLOE WALSH","codart":"841831863","libros-coleccion":"FORA DE COL.LECCI\u00d3","ediciones":"1","encuadernacion":"R\u00fastica","fecha_de_publicacion":"01\/03\/2026","novedad":"1","paginas":"0","subtitulo":"SAVING 6 Y REDEEMING 6 (JOEY Y AOIFE)","orden":"0","portada":"0","idioma":"spa","booktrailer":"","resenas":"","editorial":[{"ID":6310,"post_author":"3","post_date":"2022-07-28 17:49:26","post_date_gmt":"2022-07-28 15:49:26","post_content":"","post_title":"MONTENA","post_excerpt":"","post_status":"publish","comment_status":"closed","ping_status":"closed","post_password":"","post_name":"montena","to_ping":"","pinged":"","post_modified":"2022-07-28 17:49:26","post_modified_gmt":"2022-07-28 15:49:26","post_content_filtered":"","post_parent":0,"guid":"http:\/\/dev.claret.cat\/editorial\/montena\/","menu_order":0,"post_type":"editorial","post_mime_type":"","comment_count":"0","filter":"raw"}]},"aioseo_notices":[],"_links":{"self":[{"href":"https:\/\/www.claret.cat\/es\/wp-json\/wp\/v2\/product\/1087143","targetHints":{"allow":["GET"]}}],"collection":[{"href":"https:\/\/www.claret.cat\/es\/wp-json\/wp\/v2\/product"}],"about":[{"href":"https:\/\/www.claret.cat\/es\/wp-json\/wp\/v2\/types\/product"}],"wp:featuredmedia":[{"embeddable":true,"href":"https:\/\/www.claret.cat\/es\/wp-json\/wp\/v2\/media\/1087144"}],"wp:attachment":[{"href":"https:\/\/www.claret.cat\/es\/wp-json\/wp\/v2\/media?parent=1087143"}],"wp:term":[{"taxonomy":"product_brand","embeddable":true,"href":"https:\/\/www.claret.cat\/es\/wp-json\/wp\/v2\/product_brand?post=1087143"},{"taxonomy":"product_cat","embeddable":true,"href":"https:\/\/www.claret.cat\/es\/wp-json\/wp\/v2\/product_cat?post=1087143"},{"taxonomy":"product_tag","embeddable":true,"href":"https:\/\/www.claret.cat\/es\/wp-json\/wp\/v2\/product_tag?post=1087143"}],"curies":[{"name":"wp","href":"https:\/\/api.w.org\/{rel}","templated":true}]}}