{"id":1087149,"date":"2026-03-02T13:50:02","date_gmt":"2026-03-02T12:50:02","guid":{"rendered":"https:\/\/www.claret.cat\/llibre\/las-pizarras-del-futbol-9788419441591\/"},"modified":"2026-03-02T16:10:55","modified_gmt":"2026-03-02T15:10:55","slug":"las-pizarras-del-futbol-9788419441591","status":"publish","type":"product","link":"https:\/\/www.claret.cat\/es\/libro\/las-pizarras-del-futbol-9788419441591\/","title":{"rendered":"LAS PIZARRAS DEL F\u00daTBOL"},"content":{"rendered":"<p>De la pizarra al mito: c\u00f3mo nacen las revoluciones del f\u00fatbol. Los equipos, los genios y las ideas que cambiaron para siempre el deporte rey. Un recorrido por las t\u00e1cticas y partidos que hicieron historia. \u00bfPor qu\u00e9 algunos equipos se convierten en leyendas y otros se diluyen en el recuerdo? \u00bfC\u00f3mo un simple ajuste t\u00e1ctico puede modificar el rumbo de un partido? \u00bfHasta qu\u00e9 punto una idea puede transformar la historia del f\u00fatbol? Pedro S\u00e1ez desgrana el deporte m\u00e1s amado del planeta para revelar los secretos de cada gol, de cada sistema y de cada cambio de paradigma sobre el campo; un recorrido por los esquemas y estrategias que marcaron una \u00e9poca y una reflexi\u00f3n sobre la genialidad, el fracaso y la belleza del juego.<\/p>\n<p>De La M\u00e1quina de River al Pep Team de Guardiola, pasando por la Naranja Mec\u00e1nica o el Inter de Helenio Herrera, este libro analiza las innovaciones que revolucionaron el f\u00fatbol para siempre: las pizarras imposibles, el falso nueve, los laterales que volaron antes de tiempo y los genios incomprendidos que, sirvi\u00e9ndose de creatividad y obsesi\u00f3n, transformaron el caos en orden.<\/p>\n<p>Porque detr\u00e1s de cada pase, de cada movimiento y de cada dibujo en una pizarra, late un pensamiento capaz de reinventarlo todo.<\/p>\n<p>EN ESTE LIBRO APRENDER\u00c1S SOBRE: \u2022 La M\u00e1quina de River Plate, y c\u00f3mo puso la primera piedra del juego moderno.<\/p>\n<p>\u2022 El Inter de Herrera, que demostr\u00f3 que defender tambi\u00e9n pod\u00eda ser un arte.<\/p>\n<p>\u2022 La Naranja Mec\u00e1nica, capaz de adelantarse a su tiempo y reinventar el f\u00fatbol antes que nadie.<\/p>\n<p>\u2022 El Milan de Sacchi, que convirti\u00f3 la t\u00e1ctica en una ciencia exacta.<\/p>\n<p>\u2022 El Bar\u00e7a de Cruyff, y c\u00f3mo transform\u00f3 la posesi\u00f3n en una forma de pensar.<\/p>\n<p>\u2022 El Porto de Mourinho, y su frialdad, capaz de ganar campeonatos.<\/p>\n<p>\u2022 El Bar\u00e7a de Guardiola, como representaci\u00f3n de la perfecci\u00f3n futbol\u00edstica.<\/p>\n<p>\u2022 El instinto de Zidane, que mostr\u00f3 el camino a la eternidad con el Real Madrid.<\/p>\n<p>\u00bfHacia d\u00f3nde se dirige el f\u00fatbol, cuando parece que ya todo est\u00e1 inventado?<\/p>\n","protected":false},"excerpt":{"rendered":"<p>PEDRO S\u00c1EZ (@PEDROELINGENIERO)<\/p>\n","protected":false},"featured_media":1087181,"template":"","meta":{"_acf_changed":false,"om_disable_all_campaigns":false,"rs_blank_template":"","rs_page_bg_color":"","slide_template_v7":"","inline_featured_image":false,"_monsterinsights_skip_tracking":false,"_monsterinsights_sitenote_active":false,"_monsterinsights_sitenote_note":"","_monsterinsights_sitenote_category":0},"product_brand":[],"product_cat":[546,96],"product_tag":[],"class_list":{"0":"post-1087149","1":"product","2":"type-product","3":"status-publish","4":"has-post-thumbnail","6":"product_cat-deportes","7":"product_cat-esports","9":"first","10":"instock","11":"taxable","12":"shipping-taxable","13":"purchasable","14":"product-type-simple"},"acf":{"autor":"PEDRO S\u00c1EZ (@PEDROELINGENIERO)","codart":"841944159","libros-coleccion":"","ediciones":"1","encuadernacion":"R\u00fastica","fecha_de_publicacion":"01\/03\/2026","novedad":"1","paginas":"270","subtitulo":"EQUIPOS, JUGADORES Y ENTRENADORES QUE REVOLUCIONARON EL DEPORTE REY  ?","orden":"0","portada":"0","idioma":"spa","booktrailer":"","resenas":"","editorial":[{"ID":148729,"post_author":"3","post_date":"2022-10-14 12:00:31","post_date_gmt":"2022-10-14 10:00:31","post_content":"","post_title":"Random C\u00f3mic","post_excerpt":"","post_status":"publish","comment_status":"closed","ping_status":"closed","post_password":"","post_name":"random-comic","to_ping":"","pinged":"","post_modified":"2022-10-14 12:00:31","post_modified_gmt":"2022-10-14 10:00:31","post_content_filtered":"","post_parent":0,"guid":"http:\/\/dev.claret.cat\/editorial\/random-comic\/","menu_order":0,"post_type":"editorial","post_mime_type":"","comment_count":"0","filter":"raw"}]},"aioseo_notices":[],"_links":{"self":[{"href":"https:\/\/www.claret.cat\/es\/wp-json\/wp\/v2\/product\/1087149","targetHints":{"allow":["GET"]}}],"collection":[{"href":"https:\/\/www.claret.cat\/es\/wp-json\/wp\/v2\/product"}],"about":[{"href":"https:\/\/www.claret.cat\/es\/wp-json\/wp\/v2\/types\/product"}],"wp:featuredmedia":[{"embeddable":true,"href":"https:\/\/www.claret.cat\/es\/wp-json\/wp\/v2\/media\/1087181"}],"wp:attachment":[{"href":"https:\/\/www.claret.cat\/es\/wp-json\/wp\/v2\/media?parent=1087149"}],"wp:term":[{"taxonomy":"product_brand","embeddable":true,"href":"https:\/\/www.claret.cat\/es\/wp-json\/wp\/v2\/product_brand?post=1087149"},{"taxonomy":"product_cat","embeddable":true,"href":"https:\/\/www.claret.cat\/es\/wp-json\/wp\/v2\/product_cat?post=1087149"},{"taxonomy":"product_tag","embeddable":true,"href":"https:\/\/www.claret.cat\/es\/wp-json\/wp\/v2\/product_tag?post=1087149"}],"curies":[{"name":"wp","href":"https:\/\/api.w.org\/{rel}","templated":true}]}}