{"id":1087161,"date":"2026-03-02T13:51:25","date_gmt":"2026-03-02T12:51:25","guid":{"rendered":"https:\/\/www.claret.cat\/llibre\/los-misterios-de-la-taberna-kamogawa-taberna-kamogawa-1-9788466389365\/"},"modified":"2026-04-10T18:55:05","modified_gmt":"2026-04-10T16:55:05","slug":"los-misterios-de-la-taberna-kamogawa-taberna-kamogawa-1-9788466389365","status":"publish","type":"product","link":"https:\/\/www.claret.cat\/es\/libro\/los-misterios-de-la-taberna-kamogawa-taberna-kamogawa-1-9788466389365\/","title":{"rendered":"LOS MISTERIOS DE LA TABERNA KAMOGAWA (TABERNA KAMOGAWA 1)"},"content":{"rendered":"<p>La novela m\u00e1s apetitosa que leer\u00e1s jam\u00e1s. Una historia deliciosa que combina misterios y cocina y que triunfa en Jap\u00f3n y en todo el mundo. Los misterios de la taberna Kamogawa es una de las novelas m\u00e1s apetitosas que vas a leer jam\u00e1s. Una historia llena de ternura sobre una pareja de detectives formada por el padre y la hija del Kamogawa Shokudo, un restaurante escondido en Kioto, que siempre est\u00e1 lleno. El \u00e9xito entre la clientela radica en que este d\u00fao singular se ha especializado en preparar exactamente el plato que el p\u00fablico anhela y recuerda de su pasado y no es capaz de reproducir o encontrar. Y lo hacen investigando la historia de la persona en cuesti\u00f3n. Kamogawa Koishi y su padre Nagare, antiguo detective, escuchan las confidencias de sus comensales, que anhelan revivir un momento m\u00e1gico, y recrean los platos cocinados por sus seres queridos, en una novela deliciosa en todos los sentidos.La cr\u00edtica ha dicho:<br \/>\u00abUna peque\u00f1a obra maestra.\u00bb<br \/>El Correo \u00abUna joya que nadie con un m\u00ednimo de buen gusto deber\u00eda perderse.\u00bb<br \/>Ideal de Granada \u00abUn libro emocional y exquisito.\u00bb<br \/>Esquire \u00abHisashi Kashiwai ha revolucionado el mercado editorial mundial con esta historia de detectives que combina el misterio y la gastronom\u00eda.\u00bb<br \/>El Mundo \u00abUn libro delicioso en todos los sentidos que es mejor no leer con hambre.\u00bb<br \/>El Pa\u00eds Babelia \u00abUna historia llena de ternura.\u00bb<br \/>El Correo<\/p>\n","protected":false},"excerpt":{"rendered":"<p>HISASHI KASHIWAI<\/p>\n","protected":false},"featured_media":1087162,"template":"","meta":{"_acf_changed":false,"om_disable_all_campaigns":false,"rs_blank_template":"","rs_page_bg_color":"","slide_template_v7":"","inline_featured_image":false,"_monsterinsights_skip_tracking":false,"_monsterinsights_sitenote_active":false,"_monsterinsights_sitenote_note":"","_monsterinsights_sitenote_category":0},"product_brand":[],"product_cat":[127,357],"product_tag":[],"class_list":{"0":"post-1087161","1":"product","2":"type-product","3":"status-publish","4":"has-post-thumbnail","6":"product_cat-novella-contemporania","7":"product_cat-novela-contemporanea","9":"first","10":"instock","11":"taxable","12":"shipping-taxable","13":"purchasable","14":"product-type-simple"},"acf":{"autor":"HISASHI KASHIWAI","codart":"846638936","libros-coleccion":"","ediciones":"1","encuadernacion":"R\u00fastica","fecha_de_publicacion":"01\/03\/2026","novedad":"1","paginas":"184","subtitulo":"","orden":"0","portada":"0","idioma":"spa","booktrailer":"","resenas":"","editorial":[{"ID":6178,"post_author":"3","post_date":"2022-07-28 17:46:34","post_date_gmt":"2022-07-28 15:46:34","post_content":"","post_title":"DEBOLSILLO","post_excerpt":"","post_status":"publish","comment_status":"closed","ping_status":"closed","post_password":"","post_name":"debolsillo","to_ping":"","pinged":"","post_modified":"2022-07-28 17:46:34","post_modified_gmt":"2022-07-28 15:46:34","post_content_filtered":"","post_parent":0,"guid":"http:\/\/dev.claret.cat\/editorial\/debolsillo\/","menu_order":0,"post_type":"editorial","post_mime_type":"","comment_count":"0","filter":"raw"}]},"aioseo_notices":[],"_links":{"self":[{"href":"https:\/\/www.claret.cat\/es\/wp-json\/wp\/v2\/product\/1087161","targetHints":{"allow":["GET"]}}],"collection":[{"href":"https:\/\/www.claret.cat\/es\/wp-json\/wp\/v2\/product"}],"about":[{"href":"https:\/\/www.claret.cat\/es\/wp-json\/wp\/v2\/types\/product"}],"wp:featuredmedia":[{"embeddable":true,"href":"https:\/\/www.claret.cat\/es\/wp-json\/wp\/v2\/media\/1087162"}],"wp:attachment":[{"href":"https:\/\/www.claret.cat\/es\/wp-json\/wp\/v2\/media?parent=1087161"}],"wp:term":[{"taxonomy":"product_brand","embeddable":true,"href":"https:\/\/www.claret.cat\/es\/wp-json\/wp\/v2\/product_brand?post=1087161"},{"taxonomy":"product_cat","embeddable":true,"href":"https:\/\/www.claret.cat\/es\/wp-json\/wp\/v2\/product_cat?post=1087161"},{"taxonomy":"product_tag","embeddable":true,"href":"https:\/\/www.claret.cat\/es\/wp-json\/wp\/v2\/product_tag?post=1087161"}],"curies":[{"name":"wp","href":"https:\/\/api.w.org\/{rel}","templated":true}]}}