{"id":1087223,"date":"2026-03-02T17:25:01","date_gmt":"2026-03-02T16:25:01","guid":{"rendered":"https:\/\/www.claret.cat\/llibre\/para-no-dejar-de-pensar-9788428843393\/"},"modified":"2026-03-10T13:31:51","modified_gmt":"2026-03-10T12:31:51","slug":"para-no-dejar-de-pensar-9788428843393","status":"publish","type":"product","link":"https:\/\/www.claret.cat\/es\/libro\/para-no-dejar-de-pensar-9788428843393\/","title":{"rendered":"PARA NO DEJAR DE PENSAR"},"content":{"rendered":"<p><strong>El ser humano se caracteriza por no afrontar sus dificultades de la mejor forma posible<\/strong>. A veces, porque realiza lo que no debe; otras, porque no hace lo que debe. En cualquier caso, <strong>la vida es tan dif\u00edcil que suele superar nuestra capacidad intelectual<\/strong> para encontrar la mejor soluci\u00f3n. Estos aforismos constituyen una manera de enfrentarse a la vida, de <strong>intentar entender el comportamiento humano<\/strong>, su complejidad y, a veces, su simpleza, el modo como manejamos los conflictos y nos enfrentamos a ellos, <strong>la dificultad que encontramos en esta tarea<\/strong> y por qu\u00e9 cerramos ojos y o\u00eddos a sugerencias claramente mejores.<\/p>\n","protected":false},"excerpt":{"rendered":"<p>MU\u00d1OZ AD\u00c1NEZ, ALFREDO<\/p>\n","protected":false},"featured_media":1088968,"template":"","meta":{"_acf_changed":false,"om_disable_all_campaigns":false,"rs_blank_template":"","rs_page_bg_color":"","slide_template_v7":"","inline_featured_image":false,"_monsterinsights_skip_tracking":false,"_monsterinsights_sitenote_active":false,"_monsterinsights_sitenote_note":"","_monsterinsights_sitenote_category":0},"product_brand":[],"product_cat":[275,413],"product_tag":[],"class_list":{"0":"post-1087223","1":"product","2":"type-product","3":"status-publish","4":"has-post-thumbnail","6":"product_cat-fonamental","7":"product_cat-fundamental","9":"first","10":"instock","11":"taxable","12":"shipping-taxable","13":"purchasable","14":"product-type-simple"},"acf":{"autor":"MU\u00d1OZ AD\u00c1NEZ, ALFREDO","codart":"842884339","libros-coleccion":"","ediciones":"1","encuadernacion":"R\u00fastica","fecha_de_publicacion":"02\/03\/2026","novedad":"1","paginas":"192","subtitulo":"MIL AFORISMOS NUEVOS","orden":"0","portada":"0","idioma":"spa","booktrailer":"","resenas":"","editorial":[{"ID":6335,"post_author":"3","post_date":"2022-07-28 17:49:59","post_date_gmt":"2022-07-28 15:49:59","post_content":"","post_title":"PPC altres","post_excerpt":"","post_status":"publish","comment_status":"closed","ping_status":"closed","post_password":"","post_name":"ppc-altres","to_ping":"","pinged":"","post_modified":"2022-07-28 17:49:59","post_modified_gmt":"2022-07-28 15:49:59","post_content_filtered":"","post_parent":0,"guid":"http:\/\/dev.claret.cat\/editorial\/ppc-altres\/","menu_order":0,"post_type":"editorial","post_mime_type":"","comment_count":"0","filter":"raw"}]},"aioseo_notices":[],"_links":{"self":[{"href":"https:\/\/www.claret.cat\/es\/wp-json\/wp\/v2\/product\/1087223","targetHints":{"allow":["GET"]}}],"collection":[{"href":"https:\/\/www.claret.cat\/es\/wp-json\/wp\/v2\/product"}],"about":[{"href":"https:\/\/www.claret.cat\/es\/wp-json\/wp\/v2\/types\/product"}],"wp:featuredmedia":[{"embeddable":true,"href":"https:\/\/www.claret.cat\/es\/wp-json\/wp\/v2\/media\/1088968"}],"wp:attachment":[{"href":"https:\/\/www.claret.cat\/es\/wp-json\/wp\/v2\/media?parent=1087223"}],"wp:term":[{"taxonomy":"product_brand","embeddable":true,"href":"https:\/\/www.claret.cat\/es\/wp-json\/wp\/v2\/product_brand?post=1087223"},{"taxonomy":"product_cat","embeddable":true,"href":"https:\/\/www.claret.cat\/es\/wp-json\/wp\/v2\/product_cat?post=1087223"},{"taxonomy":"product_tag","embeddable":true,"href":"https:\/\/www.claret.cat\/es\/wp-json\/wp\/v2\/product_tag?post=1087223"}],"curies":[{"name":"wp","href":"https:\/\/api.w.org\/{rel}","templated":true}]}}