{"id":1087227,"date":"2026-03-02T17:25:53","date_gmt":"2026-03-02T16:25:53","guid":{"rendered":"https:\/\/www.claret.cat\/llibre\/abusos-de-poder-en-la-iglesia-9788428843522\/"},"modified":"2026-03-30T13:35:39","modified_gmt":"2026-03-30T11:35:39","slug":"abusos-de-poder-en-la-iglesia-9788428843522","status":"publish","type":"product","link":"https:\/\/www.claret.cat\/es\/libro\/abusos-de-poder-en-la-iglesia-9788428843522\/","title":{"rendered":"ABUSOS DE PODER EN LA IGLESIA"},"content":{"rendered":"<p><em>Abusos de poder en la Iglesia<\/em> <strong>trata con profundidad lo que ocurre en el centro del abuso de poder<\/strong>: las causas, el dolor de las v\u00edctimas, sus iniciales caminos de sanaci\u00f3n, la ceguera y <strong>los abusos estructurales de las instituciones<\/strong> y la necesidad de justicia por parte de ellas. Este libro de <strong>Javier de la Torre<\/strong> est\u00e1 escrito desde la experiencia de escucha cercana y a fondo de <strong>m\u00e1s de treinta personas<\/strong> y desde lo vivido en muchas instituciones eclesiales. La voz de las v\u00edctimas de abusos de poder no se escucha, ni se entiende en su hondura. <strong>La cultura eclesial actual est\u00e1 incapacitada para dar un paso m\u00e1s all\u00e1<\/strong> y superar su paternalismo y, menos a\u00fan, para activamente hacer justicia transformando las instituciones y <strong>restaurar con justicia lo realizado a las v\u00edctimas<\/strong>.&nbsp;<\/p>\n","protected":false},"excerpt":{"rendered":"<p>TORRE D\u00cdAZ, FRANCISCO JAVIER DE LA<\/p>\n","protected":false},"featured_media":1093513,"template":"","meta":{"_acf_changed":false,"om_disable_all_campaigns":false,"rs_blank_template":"","rs_page_bg_color":"","slide_template_v7":"","inline_featured_image":false,"_monsterinsights_skip_tracking":false,"_monsterinsights_sitenote_active":false,"_monsterinsights_sitenote_note":"","_monsterinsights_sitenote_category":0},"product_brand":[],"product_cat":[283,511,416,281,515,289,516,290],"product_tag":[],"class_list":{"0":"post-1087227","1":"product","2":"type-product","3":"status-publish","4":"has-post-thumbnail","6":"product_cat-eclesiologia-teologia","7":"product_cat-eclesiologia-teologia-1_espiritualidad","8":"product_cat-escatologia-teologia-1_espiritualidad","9":"product_cat-escatologia","10":"product_cat-moral-de-la-persona-bioetica-teologia-1_espiritualidad","11":"product_cat-moral-de-la-persona-bioetica","12":"product_cat-moral-de-la-persona-sexualidad","13":"product_cat-moral-de-la-persona-sexualitat","15":"first","16":"instock","17":"taxable","18":"shipping-taxable","19":"purchasable","20":"product-type-simple"},"acf":{"autor":"TORRE D\u00cdAZ, FRANCISCO JAVIER DE LA","codart":"842884352","libros-coleccion":"GS","ediciones":"1","encuadernacion":"R\u00fastica","fecha_de_publicacion":"27\/02\/2026","novedad":"1","paginas":"208","subtitulo":"PODER, V\u00cdCTIMAS Y REFORMA DE LA IGLESIA ","orden":"0","portada":"0","idioma":"spa","booktrailer":"","resenas":"","editorial":[{"ID":6335,"post_author":"3","post_date":"2022-07-28 17:49:59","post_date_gmt":"2022-07-28 15:49:59","post_content":"","post_title":"PPC altres","post_excerpt":"","post_status":"publish","comment_status":"closed","ping_status":"closed","post_password":"","post_name":"ppc-altres","to_ping":"","pinged":"","post_modified":"2022-07-28 17:49:59","post_modified_gmt":"2022-07-28 15:49:59","post_content_filtered":"","post_parent":0,"guid":"http:\/\/dev.claret.cat\/editorial\/ppc-altres\/","menu_order":0,"post_type":"editorial","post_mime_type":"","comment_count":"0","filter":"raw"}]},"aioseo_notices":[],"_links":{"self":[{"href":"https:\/\/www.claret.cat\/es\/wp-json\/wp\/v2\/product\/1087227","targetHints":{"allow":["GET"]}}],"collection":[{"href":"https:\/\/www.claret.cat\/es\/wp-json\/wp\/v2\/product"}],"about":[{"href":"https:\/\/www.claret.cat\/es\/wp-json\/wp\/v2\/types\/product"}],"wp:featuredmedia":[{"embeddable":true,"href":"https:\/\/www.claret.cat\/es\/wp-json\/wp\/v2\/media\/1093513"}],"wp:attachment":[{"href":"https:\/\/www.claret.cat\/es\/wp-json\/wp\/v2\/media?parent=1087227"}],"wp:term":[{"taxonomy":"product_brand","embeddable":true,"href":"https:\/\/www.claret.cat\/es\/wp-json\/wp\/v2\/product_brand?post=1087227"},{"taxonomy":"product_cat","embeddable":true,"href":"https:\/\/www.claret.cat\/es\/wp-json\/wp\/v2\/product_cat?post=1087227"},{"taxonomy":"product_tag","embeddable":true,"href":"https:\/\/www.claret.cat\/es\/wp-json\/wp\/v2\/product_tag?post=1087227"}],"curies":[{"name":"wp","href":"https:\/\/api.w.org\/{rel}","templated":true}]}}