{"id":1087272,"date":"2026-03-03T13:05:02","date_gmt":"2026-03-03T12:05:02","guid":{"rendered":"https:\/\/www.claret.cat\/llibre\/el-canto-del-pajaro-cautivo-edicion-especial-limitada-9791387711764\/"},"modified":"2026-03-03T13:45:34","modified_gmt":"2026-03-03T12:45:34","slug":"el-canto-del-pajaro-cautivo-edicion-especial-limitada-9791387711764","status":"publish","type":"product","link":"https:\/\/www.claret.cat\/es\/libro\/el-canto-del-pajaro-cautivo-edicion-especial-limitada-9791387711764\/","title":{"rendered":"EL CANTO DEL P\u00c1JARO CAUTIVO (EDICI\u00d3N ESPECIAL LIMITADA)"},"content":{"rendered":"<p>Entra en el brutal mundo de Terminus, una prisi\u00f3n donde los ricos cazan a los reclusos por diversi\u00f3n. Amor prohibido, alianzas inesperadas y una lucha desesperada por la supervivencia marcan el inicio de una electrizante saga dist\u00f3pica.<br \/> En la ciudad de Dividium, la ley es simple: si cometes un crimen, tu castigo es cumplir cadena perpetua en Terminus.<br \/> Raven es una cazarrecompensas que vive en los m\u00e1rgenes de la sociedad. Pero, cuando sentencian a su hermano mayor, Jed, a una vida en Terminus, Raven har\u00e1 cualquier cosa para sacarlo de all\u00ed\u2026 Incluso si eso implica que la arresten a ella tambi\u00e9n.<br \/> Atrapada en una prisi\u00f3n en la que el peligro acecha en cada esquina, Raven tendr\u00e1 que usar toda su astucia y su fuerza para proteger a Jed y protegerse a s\u00ed misma mientras intenta encontrar un modo de escapar. Sin embargo, se topa con un obst\u00e1culo que no esperaba: un guardia de prisi\u00f3n que remueve algo en su interior. El hombre al que deber\u00eda odiar. Un hombre indescifrable.<br \/> En un mundo en el que la confianza es un arma y el amor un lastre, Raven deber\u00e1 decidir hasta d\u00f3nde llegar para conseguir de nuevo la libertad.<\/p>\n","protected":false},"excerpt":{"rendered":"<p>BROOKE FAST<\/p>\n","protected":false},"featured_media":1087296,"template":"","meta":{"_acf_changed":false,"om_disable_all_campaigns":false,"rs_blank_template":"","rs_page_bg_color":"","slide_template_v7":"","inline_featured_image":false,"_monsterinsights_skip_tracking":false,"_monsterinsights_sitenote_active":false,"_monsterinsights_sitenote_note":"","_monsterinsights_sitenote_category":0},"product_brand":[],"product_cat":[133,566,117,363],"product_tag":[],"class_list":{"0":"post-1087272","1":"product","2":"type-product","3":"status-publish","4":"has-post-thumbnail","6":"product_cat-lectures-per-adolescents-12-18-anys","7":"product_cat-juvenil-3_infantil-juvenil-spa-spa","8":"product_cat-juvenil","9":"product_cat-lecturas-por-adolescentes-12-18-anos","11":"first","12":"instock","13":"taxable","14":"shipping-taxable","15":"purchasable","16":"product-type-simple"},"acf":{"autor":"BROOKE FAST","codart":"138771176","libros-coleccion":"","ediciones":"1","encuadernacion":"R\u00fastica","fecha_de_publicacion":"01\/03\/2026","novedad":"1","paginas":"0","subtitulo":"SAGA DESTINOS DIVIDIDOS","orden":"0","portada":"0","idioma":"spa","booktrailer":"","resenas":"","editorial":[{"ID":147988,"post_author":"3","post_date":"2022-10-14 11:54:46","post_date_gmt":"2022-10-14 09:54:46","post_content":"","post_title":"Editorial Hidra","post_excerpt":"","post_status":"publish","comment_status":"closed","ping_status":"closed","post_password":"","post_name":"editorial-hidra","to_ping":"","pinged":"","post_modified":"2022-10-14 11:54:46","post_modified_gmt":"2022-10-14 09:54:46","post_content_filtered":"","post_parent":0,"guid":"http:\/\/dev.claret.cat\/editorial\/editorial-hidra\/","menu_order":0,"post_type":"editorial","post_mime_type":"","comment_count":"0","filter":"raw"}]},"aioseo_notices":[],"_links":{"self":[{"href":"https:\/\/www.claret.cat\/es\/wp-json\/wp\/v2\/product\/1087272","targetHints":{"allow":["GET"]}}],"collection":[{"href":"https:\/\/www.claret.cat\/es\/wp-json\/wp\/v2\/product"}],"about":[{"href":"https:\/\/www.claret.cat\/es\/wp-json\/wp\/v2\/types\/product"}],"wp:featuredmedia":[{"embeddable":true,"href":"https:\/\/www.claret.cat\/es\/wp-json\/wp\/v2\/media\/1087296"}],"wp:attachment":[{"href":"https:\/\/www.claret.cat\/es\/wp-json\/wp\/v2\/media?parent=1087272"}],"wp:term":[{"taxonomy":"product_brand","embeddable":true,"href":"https:\/\/www.claret.cat\/es\/wp-json\/wp\/v2\/product_brand?post=1087272"},{"taxonomy":"product_cat","embeddable":true,"href":"https:\/\/www.claret.cat\/es\/wp-json\/wp\/v2\/product_cat?post=1087272"},{"taxonomy":"product_tag","embeddable":true,"href":"https:\/\/www.claret.cat\/es\/wp-json\/wp\/v2\/product_tag?post=1087272"}],"curies":[{"name":"wp","href":"https:\/\/api.w.org\/{rel}","templated":true}]}}