{"id":1087275,"date":"2026-03-03T13:10:01","date_gmt":"2026-03-03T12:10:01","guid":{"rendered":"https:\/\/www.claret.cat\/llibre\/las-cinco-heridas-9791387922405\/"},"modified":"2026-03-03T13:35:38","modified_gmt":"2026-03-03T12:35:38","slug":"las-cinco-heridas-9791387922405","status":"publish","type":"product","link":"https:\/\/www.claret.cat\/es\/libro\/las-cinco-heridas-9791387922405\/","title":{"rendered":"LAS CINCO HERIDAS"},"content":{"rendered":"<p>Es Semana Santa en el peque\u00f1o pueblo de Las Pe\u00f1as, Nuevo M\u00e9xico, y Amadeo Padilla, un desempleado de treinta y tres a\u00f1os, ha sido elegido para representar a Jes\u00fas en la procesi\u00f3n del Viernes Santo. Se prepara con fervor para este papel cuando su hija, Angel, de quince a\u00f1os, aparece embarazada en su puerta, trastocando sus planes de redenci\u00f3n personal. A pocas semanas de dar a luz, la valiente y vivaz Angel ha huido de casa de su madre, dando un giro inesperado a su vida. V\u00edvida, tierna, divertida y bellamente narrada, Las cinco heridas abarca el primer a\u00f1o de vida del beb\u00e9, mientras convergen cinco generaciones de la familia Padilla. Cada uno trae consigo expectativas que Amadeo, quien suele resolver sus problemas con una cerveza en la mano, cree no poder cumplir.<\/p>\n","protected":false},"excerpt":{"rendered":"<p>KIRSTIN VALDEZ QUADE<\/p>\n","protected":false},"featured_media":1087294,"template":"","meta":{"_acf_changed":false,"om_disable_all_campaigns":false,"rs_blank_template":"","rs_page_bg_color":"","slide_template_v7":"","inline_featured_image":false,"_monsterinsights_skip_tracking":false,"_monsterinsights_sitenote_active":false,"_monsterinsights_sitenote_note":"","_monsterinsights_sitenote_category":0},"product_brand":[],"product_cat":[127,357],"product_tag":[],"class_list":{"0":"post-1087275","1":"product","2":"type-product","3":"status-publish","4":"has-post-thumbnail","6":"product_cat-novella-contemporania","7":"product_cat-novela-contemporanea","9":"first","10":"instock","11":"taxable","12":"shipping-taxable","13":"purchasable","14":"product-type-simple"},"acf":{"autor":"KIRSTIN VALDEZ QUADE","codart":"138792240","libros-coleccion":"","ediciones":"1","encuadernacion":"R\u00fastica","fecha_de_publicacion":"01\/03\/2026","novedad":"1","paginas":"525","subtitulo":"","orden":"0","portada":"0","idioma":"spa","booktrailer":"","resenas":"","editorial":[{"ID":148581,"post_author":"3","post_date":"2022-10-14 11:59:22","post_date_gmt":"2022-10-14 09:59:22","post_content":"","post_title":"N\u00d3RDICA LIBROS","post_excerpt":"","post_status":"publish","comment_status":"closed","ping_status":"closed","post_password":"","post_name":"nordica-libros","to_ping":"","pinged":"","post_modified":"2022-10-14 11:59:22","post_modified_gmt":"2022-10-14 09:59:22","post_content_filtered":"","post_parent":0,"guid":"http:\/\/dev.claret.cat\/editorial\/nordica-libros\/","menu_order":0,"post_type":"editorial","post_mime_type":"","comment_count":"0","filter":"raw"}]},"aioseo_notices":[],"_links":{"self":[{"href":"https:\/\/www.claret.cat\/es\/wp-json\/wp\/v2\/product\/1087275","targetHints":{"allow":["GET"]}}],"collection":[{"href":"https:\/\/www.claret.cat\/es\/wp-json\/wp\/v2\/product"}],"about":[{"href":"https:\/\/www.claret.cat\/es\/wp-json\/wp\/v2\/types\/product"}],"wp:featuredmedia":[{"embeddable":true,"href":"https:\/\/www.claret.cat\/es\/wp-json\/wp\/v2\/media\/1087294"}],"wp:attachment":[{"href":"https:\/\/www.claret.cat\/es\/wp-json\/wp\/v2\/media?parent=1087275"}],"wp:term":[{"taxonomy":"product_brand","embeddable":true,"href":"https:\/\/www.claret.cat\/es\/wp-json\/wp\/v2\/product_brand?post=1087275"},{"taxonomy":"product_cat","embeddable":true,"href":"https:\/\/www.claret.cat\/es\/wp-json\/wp\/v2\/product_cat?post=1087275"},{"taxonomy":"product_tag","embeddable":true,"href":"https:\/\/www.claret.cat\/es\/wp-json\/wp\/v2\/product_tag?post=1087275"}],"curies":[{"name":"wp","href":"https:\/\/api.w.org\/{rel}","templated":true}]}}