{"id":1087278,"date":"2026-03-03T13:10:17","date_gmt":"2026-03-03T12:10:17","guid":{"rendered":"https:\/\/www.claret.cat\/llibre\/para-matarte-mejor-9788410346680\/"},"modified":"2026-03-03T13:15:57","modified_gmt":"2026-03-03T12:15:57","slug":"para-matarte-mejor-9788410346680","status":"publish","type":"product","link":"https:\/\/www.claret.cat\/es\/libro\/para-matarte-mejor-9788410346680\/","title":{"rendered":"PARA MATARTE MEJOR"},"content":{"rendered":"<p>De la autora del \u00e9xito de ventas\u00a0La casa de los enigmas, un\u00a0thriller\u00a0retorcido que te deja sin respiro<\/p>\n<p>\u00abPrep\u00e1rate para quedarte hechizado.\u00bb Janice Hallett<\/p>\n<p>\u00c9RASE UNA VEZ UN ASESINO<\/p>\n<p>La inspectora Lyla Rondell se encuentra ante el caso de su vida. Encargada de investigar una serie de muertes desconcertantes, la \u00fanica pista que tiene es que cada crimen parece inspirado en un cuento cl\u00e1sico. Pero no hay nada de inocente ni m\u00e1gico en lo ocurrido, y la prensa est\u00e1 disfrutando con lo que han bautizado como \u00ablos asesinatos de Grimm el Destripador\u00bb. A medida que se acumulan los cad\u00e1veres, Lyla se da cuenta de que todo su mundo est\u00e1 a punto de ponerse patas arriba: el rastro sangriento del asesino se adentra en su propia historia, y cuando descubra la verdad, nada volver\u00e1 a ser lo mismo. <br \/>Una novela que mezcla lo m\u00e1s oscuro del thriller, lo fant\u00e1stico y la reinterpretaci\u00f3n de los mitos. Intriga, giros inesperados y un espejo entre realidad y narraci\u00f3n. \u00bfTe atreves a entrar en el bosque?<br \/>\u00a0<br \/>La combinaci\u00f3n perfecta de Stephen King y las f\u00e1bulas de los hermanos Grimm.<br \/>\u00a0<br \/>\u00abUn retorcido cuento de hadas.\u00bb<br \/>My Weekly<br \/>\u00abMuy original y alucinantemente inteligente.\u00bb<br \/>Claire McGowan<\/p>\n","protected":false},"excerpt":{"rendered":"<p>A.K. BENEDICT<\/p>\n","protected":false},"featured_media":1087279,"template":"","meta":{"_acf_changed":false,"om_disable_all_campaigns":false,"rs_blank_template":"","rs_page_bg_color":"","slide_template_v7":"","inline_featured_image":false,"_monsterinsights_skip_tracking":false,"_monsterinsights_sitenote_active":false,"_monsterinsights_sitenote_note":"","_monsterinsights_sitenote_category":0},"product_brand":[],"product_cat":[127,357],"product_tag":[],"class_list":{"0":"post-1087278","1":"product","2":"type-product","3":"status-publish","4":"has-post-thumbnail","6":"product_cat-novella-contemporania","7":"product_cat-novela-contemporanea","9":"first","10":"instock","11":"taxable","12":"shipping-taxable","13":"purchasable","14":"product-type-simple"},"acf":{"autor":"A.K. BENEDICT","codart":"841034668","libros-coleccion":"","ediciones":"1","encuadernacion":"R\u00fastica","fecha_de_publicacion":"01\/03\/2026","novedad":"1","paginas":"380","subtitulo":"","orden":"0","portada":"0","idioma":"spa","booktrailer":"","resenas":"","editorial":[{"ID":261979,"post_author":"3","post_date":"2022-10-24 11:18:21","post_date_gmt":"2022-10-24 09:18:21","post_content":"","post_title":"DUOMO-NEFELIBATA EDICIONES","post_excerpt":"","post_status":"publish","comment_status":"closed","ping_status":"closed","post_password":"","post_name":"duomo-nefelibata-ediciones","to_ping":"","pinged":"","post_modified":"2022-10-24 11:18:21","post_modified_gmt":"2022-10-24 09:18:21","post_content_filtered":"","post_parent":0,"guid":"http:\/\/dev.claret.cat\/editorial\/duomo-nefelibata-ediciones\/","menu_order":0,"post_type":"editorial","post_mime_type":"","comment_count":"0","filter":"raw"}]},"aioseo_notices":[],"_links":{"self":[{"href":"https:\/\/www.claret.cat\/es\/wp-json\/wp\/v2\/product\/1087278","targetHints":{"allow":["GET"]}}],"collection":[{"href":"https:\/\/www.claret.cat\/es\/wp-json\/wp\/v2\/product"}],"about":[{"href":"https:\/\/www.claret.cat\/es\/wp-json\/wp\/v2\/types\/product"}],"wp:featuredmedia":[{"embeddable":true,"href":"https:\/\/www.claret.cat\/es\/wp-json\/wp\/v2\/media\/1087279"}],"wp:attachment":[{"href":"https:\/\/www.claret.cat\/es\/wp-json\/wp\/v2\/media?parent=1087278"}],"wp:term":[{"taxonomy":"product_brand","embeddable":true,"href":"https:\/\/www.claret.cat\/es\/wp-json\/wp\/v2\/product_brand?post=1087278"},{"taxonomy":"product_cat","embeddable":true,"href":"https:\/\/www.claret.cat\/es\/wp-json\/wp\/v2\/product_cat?post=1087278"},{"taxonomy":"product_tag","embeddable":true,"href":"https:\/\/www.claret.cat\/es\/wp-json\/wp\/v2\/product_tag?post=1087278"}],"curies":[{"name":"wp","href":"https:\/\/api.w.org\/{rel}","templated":true}]}}