{"id":1087284,"date":"2026-03-03T13:15:04","date_gmt":"2026-03-03T12:15:04","guid":{"rendered":"https:\/\/www.claret.cat\/llibre\/tata-9788419834997\/"},"modified":"2026-03-03T13:30:17","modified_gmt":"2026-03-03T12:30:17","slug":"tata-9788419834997","status":"publish","type":"product","link":"https:\/\/www.claret.cat\/es\/libro\/tata-9788419834997\/","title":{"rendered":"TAT\u00c0"},"content":{"rendered":"<p>L&#8217;\u00c8XIT ACLAPARADOR DE L&#8217;ANY<\/p>\n<p>4 edicions en castell\u00e0<br \/>\u00abVal\u00e9rie Perrin es confirma com una narradora prodigiosa.\u00bb\u00a0ElleLA COLETTE ERA UNA DONA SENSE HIST\u00d2RIA, PER\u00d2 NO HI HA PERSONES SENSE HIST\u00d2RIA&#8230;<br \/>L\u2019Agn\u00e8s no se\u2019n sap avenir quan la policia li demana que identifiqui el cos de la seva tieta Colette, que acaba de morir. No pot ser, fa tres anys que \u00e9s morta; les seves restes descansen al cementiri de Gueugnon. Per\u00f2 \u00e9s all\u00e0, i \u00e9s ella. Qui reposa, doncs, a la seva tomba, sota la l\u00e0pida amb el seu nom? I per qu\u00e8 la Colette va fer creure a tothom durant tres anys que era morta? Gr\u00e0cies a vells amics, testimonis inesperats i una maleta misteriosa plena de cintes de casset, l\u2019Agn\u00e8s comen\u00e7a a descabdellar secrets i a reconstruir la hist\u00f2ria de la seva fam\u00edlia. Sempre havia vist la seva tieta Colette com una dona que havia passat per la vida sense deixar empremta, per\u00f2 ara ent\u00e9n all\u00f2 que no es pot oblidar mai: tots tenim una hist\u00f2ria, alguna cosa a explicar.Poden les paraules, escrites o parlades, canviar el nostre present i, encara m\u00e9s, regalar-nos un altre passat? Amb una delicadesa commovedora i una veu \u00fanica, Val\u00e9rie Perrin, la gran narradora de les nostres vides, uneix el dest\u00ed i les exist\u00e8ncies de diverses dones i basteix una novel\u00b7la magn\u00edfica que il\u00b7lumina la part m\u00e9s fonda i humana que ens habita.\u00abUn llibre palpitant, sorprenent i, sobretot, molt reeixit.\u00bb\u00a0Le Figaro<br \/>\u00abUna hist\u00f2ria incommensurable. Magistral!\u00bb Le Parisien<br \/>\u00abUna novel\u00b7la emocionant i delicada, \u00edntima i alhora universal, que es quedar\u00e0 amb tu per sempre.\u00bb Alo\u00f1a Fdez. Larrechi, Mujerhoy<br \/>\u00abVal\u00e9rie Perrin, la recordista del bestseller.\u00bb El Peri\u00f3dico<br \/>\u00abConfirma amb aquesta novel\u00b7la la seva mestria per emocionar. Una autora capa\u00e7 de transformar all\u00f2 aparentment ordinari en un relat inoblidable.\u00bb La Sexta<br \/>\u00abEl gran fenomen literari franc\u00e8s.\u00bb Infobae<br \/>\u00abCrims, misteri, dol, identitat, esperan\u00e7a&#8230; Aquesta novel\u00b7la ho t\u00e9 tot.\u00bb Susana Mart\u00edn Gij\u00f3n<br \/>\u00abVal\u00e9rie Perrin sap explorar amb una sensibilitat \u00fanica l\u2019amor, el perd\u00f3 i els secrets que forgen les nostres vides.\u00bb Laura Ferrero<br \/>\u00abCaptiva des del primer moment amb una narraci\u00f3 contundent, una pl\u00e8iade de personatges fascinants i una historia apassionant.\u00bb Bego\u00f1a Alonso, Elle<br \/>\u00abUna hist\u00f2ria d\u2019amistat, amor, dolor, misteri i veritats ocultes, tot amagat en cintes de casset.\u00bb Onda Cero<br \/>\u00abTat\u00e0 \u00e9s el seu llibre m\u00e9s ambici\u00f3s, el m\u00e9s \u00edntim, el m\u00e9s alliberador, el m\u00e9s important.\u00bb Le Parisien<br \/>\u00abTotalment addictiu.\u00bb Europe 1<br \/>\u00abUna autora d\u2019una eleg\u00e0ncia estil\u00edstica sobirana.\u00bb The Guardian<\/p>\n","protected":false},"excerpt":{"rendered":"<p>VAL\u00c9RIE PERRIN<\/p>\n","protected":false},"featured_media":1087292,"template":"","meta":{"_acf_changed":false,"om_disable_all_campaigns":false,"rs_blank_template":"","rs_page_bg_color":"","slide_template_v7":"","inline_featured_image":false,"_monsterinsights_skip_tracking":false,"_monsterinsights_sitenote_active":false,"_monsterinsights_sitenote_note":"","_monsterinsights_sitenote_category":0},"product_brand":[],"product_cat":[127,357],"product_tag":[],"class_list":{"0":"post-1087284","1":"product","2":"type-product","3":"status-publish","4":"has-post-thumbnail","6":"product_cat-novella-contemporania","7":"product_cat-novela-contemporanea","9":"first","10":"instock","11":"taxable","12":"shipping-taxable","13":"purchasable","14":"product-type-simple"},"acf":{"autor":"VAL\u00c9RIE PERRIN","codart":"841983499","libros-coleccion":"","ediciones":"1","encuadernacion":"R\u00fastica","fecha_de_publicacion":"01\/03\/2026","novedad":"1","paginas":"556","subtitulo":"","orden":"0","portada":"0","idioma":"cat","booktrailer":"","resenas":"","editorial":[{"ID":6188,"post_author":"3","post_date":"2022-07-28 17:46:47","post_date_gmt":"2022-07-28 15:46:47","post_content":"","post_title":"Duomo ediciones","post_excerpt":"","post_status":"publish","comment_status":"closed","ping_status":"closed","post_password":"","post_name":"duomo-ediciones","to_ping":"","pinged":"","post_modified":"2022-07-28 17:46:47","post_modified_gmt":"2022-07-28 15:46:47","post_content_filtered":"","post_parent":0,"guid":"http:\/\/dev.claret.cat\/editorial\/duomo-ediciones\/","menu_order":0,"post_type":"editorial","post_mime_type":"","comment_count":"0","filter":"raw"}]},"aioseo_notices":[],"_links":{"self":[{"href":"https:\/\/www.claret.cat\/es\/wp-json\/wp\/v2\/product\/1087284","targetHints":{"allow":["GET"]}}],"collection":[{"href":"https:\/\/www.claret.cat\/es\/wp-json\/wp\/v2\/product"}],"about":[{"href":"https:\/\/www.claret.cat\/es\/wp-json\/wp\/v2\/types\/product"}],"wp:featuredmedia":[{"embeddable":true,"href":"https:\/\/www.claret.cat\/es\/wp-json\/wp\/v2\/media\/1087292"}],"wp:attachment":[{"href":"https:\/\/www.claret.cat\/es\/wp-json\/wp\/v2\/media?parent=1087284"}],"wp:term":[{"taxonomy":"product_brand","embeddable":true,"href":"https:\/\/www.claret.cat\/es\/wp-json\/wp\/v2\/product_brand?post=1087284"},{"taxonomy":"product_cat","embeddable":true,"href":"https:\/\/www.claret.cat\/es\/wp-json\/wp\/v2\/product_cat?post=1087284"},{"taxonomy":"product_tag","embeddable":true,"href":"https:\/\/www.claret.cat\/es\/wp-json\/wp\/v2\/product_tag?post=1087284"}],"curies":[{"name":"wp","href":"https:\/\/api.w.org\/{rel}","templated":true}]}}