{"id":1087287,"date":"2026-03-03T13:15:23","date_gmt":"2026-03-03T12:15:23","guid":{"rendered":"https:\/\/www.claret.cat\/llibre\/yurena-toda-la-verdad-de-una-mujer-inmortal-9791259577474\/"},"modified":"2026-03-03T13:15:38","modified_gmt":"2026-03-03T12:15:38","slug":"yurena-toda-la-verdad-de-una-mujer-inmortal-9791259577474","status":"publish","type":"product","link":"https:\/\/www.claret.cat\/es\/libro\/yurena-toda-la-verdad-de-una-mujer-inmortal-9791259577474\/","title":{"rendered":"YURENA. TODA LA VERDAD DE UNA MUJER INMORTAL"},"content":{"rendered":"<p>TODOS HABLARON DE ELLA HASTA QUE FUE ELLA LA QUE HABL\u00d3.\u00a0Cantante, icono pop y personaje medi\u00e1tico convertido en leyenda de la televisi\u00f3n espa\u00f1ola, Yurena no necesita presentaci\u00f3n. Amada y criticada a partes iguales, pocas figuras han generado tanto ruido, fascinaci\u00f3n y titulares como ella. Ahora, tras varias producciones audiovisuales en las que se ha ficcionado su vida, llega su propio relato: el libro donde, por primera vez, cuenta sin filtros toda la verdad.En estas p\u00e1ginas, Yurena repasa su trayectoria desde sus inicios como Tamara hasta convertirse en un fen\u00f3meno nacional e internacional, comparte sus vivencias en el centro del hurac\u00e1n medi\u00e1tico y revela lo que nunca pudo decir en ning\u00fan plat\u00f3.Un testimonio emocionante, lleno de luces y sombras, pero tambi\u00e9n de humor, m\u00fasica y, sobre todo, amor. M\u00e1s que unas memorias, este libro es un viaje al coraz\u00f3n de una mujer que, contra todo pron\u00f3stico, se convirti\u00f3 en inmortal.LA HISTORIA REAL DETR\u00c1S DEL FEN\u00d3MENO YURENA. \u00abTe aviso de algo: voy a abrirme en canal. (\u2026) Dar\u00e9 nombres, ser\u00e9 expl\u00edcita siempre que eso no vaya en mi contra, pero no me esconder\u00e9. Prep\u00e1rate para un relato honesto escrito desde el coraz\u00f3n, pero tambi\u00e9n desde la herida. No quiero dejar al margen nada que sea importante para m\u00ed. Ya no\u00bb.<\/p>\n","protected":false},"excerpt":{"rendered":"<p>YURENA<\/p>\n","protected":false},"featured_media":1087288,"template":"","meta":{"_acf_changed":false,"om_disable_all_campaigns":false,"rs_blank_template":"","rs_page_bg_color":"","slide_template_v7":"","inline_featured_image":false,"_monsterinsights_skip_tracking":false,"_monsterinsights_sitenote_active":false,"_monsterinsights_sitenote_note":"","_monsterinsights_sitenote_category":0},"product_brand":[],"product_cat":[549,99],"product_tag":[],"class_list":{"0":"post-1087287","1":"product","2":"type-product","3":"status-publish","4":"has-post-thumbnail","6":"product_cat-biografias","7":"product_cat-biografies","9":"first","10":"instock","11":"taxable","12":"shipping-taxable","13":"purchasable","14":"product-type-simple"},"acf":{"autor":"YURENA","codart":"125957747","libros-coleccion":"","ediciones":"1","encuadernacion":"R\u00fastica","fecha_de_publicacion":"01\/03\/2026","novedad":"1","paginas":"210","subtitulo":"","orden":"0","portada":"0","idioma":"spa","booktrailer":"","resenas":"","editorial":[{"ID":148488,"post_author":"3","post_date":"2022-10-14 11:58:38","post_date_gmt":"2022-10-14 09:58:38","post_content":"","post_title":"MAGAZZINI SALANI","post_excerpt":"","post_status":"publish","comment_status":"closed","ping_status":"closed","post_password":"","post_name":"magazzini-salani-2","to_ping":"","pinged":"","post_modified":"2022-10-14 11:58:38","post_modified_gmt":"2022-10-14 09:58:38","post_content_filtered":"","post_parent":0,"guid":"http:\/\/dev.claret.cat\/editorial\/magazzini-salani-2\/","menu_order":0,"post_type":"editorial","post_mime_type":"","comment_count":"0","filter":"raw"}]},"aioseo_notices":[],"_links":{"self":[{"href":"https:\/\/www.claret.cat\/es\/wp-json\/wp\/v2\/product\/1087287","targetHints":{"allow":["GET"]}}],"collection":[{"href":"https:\/\/www.claret.cat\/es\/wp-json\/wp\/v2\/product"}],"about":[{"href":"https:\/\/www.claret.cat\/es\/wp-json\/wp\/v2\/types\/product"}],"wp:featuredmedia":[{"embeddable":true,"href":"https:\/\/www.claret.cat\/es\/wp-json\/wp\/v2\/media\/1087288"}],"wp:attachment":[{"href":"https:\/\/www.claret.cat\/es\/wp-json\/wp\/v2\/media?parent=1087287"}],"wp:term":[{"taxonomy":"product_brand","embeddable":true,"href":"https:\/\/www.claret.cat\/es\/wp-json\/wp\/v2\/product_brand?post=1087287"},{"taxonomy":"product_cat","embeddable":true,"href":"https:\/\/www.claret.cat\/es\/wp-json\/wp\/v2\/product_cat?post=1087287"},{"taxonomy":"product_tag","embeddable":true,"href":"https:\/\/www.claret.cat\/es\/wp-json\/wp\/v2\/product_tag?post=1087287"}],"curies":[{"name":"wp","href":"https:\/\/api.w.org\/{rel}","templated":true}]}}