{"id":1087344,"date":"2026-03-03T17:45:02","date_gmt":"2026-03-03T16:45:02","guid":{"rendered":"https:\/\/www.claret.cat\/llibre\/tres-halcones-para-tamerlan-9788410640344\/"},"modified":"2026-03-04T12:15:04","modified_gmt":"2026-03-04T11:15:04","slug":"tres-halcones-para-tamerlan-9788410640344","status":"publish","type":"product","link":"https:\/\/www.claret.cat\/es\/libro\/tres-halcones-para-tamerlan-9788410640344\/","title":{"rendered":"TRES HALCONES PARA TAMERL\u00c1N"},"content":{"rendered":"<p>Segovia, 1403: un emisario oriental ofreci\u00f3 al rey Enrique III un presente ins\u00f3lito: tres mujeres de extraordinaria belleza. Castilla deb\u00eda responder con un obsequio de igual o mayor valor. La elecci\u00f3n: tres halcones regios.Jes\u00fas S\u00e1nchez Adalid nos invita a revivir esta epopeya hist\u00f3rica a trav\u00e9s de los ojos de Alvar, un joven aprendiz de halconero que acompa\u00f1a a la embajada real para custodiar las valiosas aves. Comienza as\u00ed un viaje deslumbrante, que lo llevar\u00e1 a trav\u00e9s del Mediterr\u00e1neo hasta Constantinopla, pasando por las ruinas de Troya y el esplendor de Bizancio, hasta las estepas del Asia Central y el fulgor de Samarcanda. Ser\u00e1 una aventura de resistencia y fe, marcada por tempestades, intrigas entre venecianos y genoveses, misteriosas escalas en islas remotas y la lucha interior de un muchacho que aprende a mirar el mundo con nuevos ojos.Con una prosa exquisita y envolvente, S\u00e1nchez Adalid trae a los lectores de hoy una joya medieval casi borrada de la memoria de Espa\u00f1a, pero cuya magnitud rivaliza con las grandes expediciones del pasado: la m\u00edtica cr\u00f3nica Embajada a Tamerl\u00e1n escrita por Ruy Gonz\u00e1lez de Clavijo a inicios del siglo xv.<\/p>\n","protected":false},"excerpt":{"rendered":"<p>JES\u00daS S\u00c1NCHEZ ADALID<\/p>\n","protected":false},"featured_media":1087498,"template":"","meta":{"_acf_changed":false,"om_disable_all_campaigns":false,"rs_blank_template":"","rs_page_bg_color":"","slide_template_v7":"","inline_featured_image":false,"_monsterinsights_skip_tracking":false,"_monsterinsights_sitenote_active":false,"_monsterinsights_sitenote_note":"","_monsterinsights_sitenote_category":0},"product_brand":[],"product_cat":[130,360],"product_tag":[],"class_list":{"0":"post-1087344","1":"product","2":"type-product","3":"status-publish","4":"has-post-thumbnail","6":"product_cat-novella-historica-i-ficcio","7":"product_cat-novela-historica-y-ficcion","9":"first","10":"instock","11":"taxable","12":"shipping-taxable","13":"purchasable","14":"product-type-simple"},"acf":{"autor":"JES\u00daS S\u00c1NCHEZ ADALID","codart":"841064034","libros-coleccion":"","ediciones":"1","encuadernacion":"Carton\u00e9","fecha_de_publicacion":"01\/03\/2026","novedad":"1","paginas":"670","subtitulo":"","orden":"0","portada":"0","idioma":"spa","booktrailer":"","resenas":"","editorial":[{"ID":148249,"post_author":"3","post_date":"2022-10-14 11:56:47","post_date_gmt":"2022-10-14 09:56:47","post_content":"","post_title":"HarperCollins","post_excerpt":"","post_status":"publish","comment_status":"closed","ping_status":"closed","post_password":"","post_name":"harpercollins","to_ping":"","pinged":"","post_modified":"2022-10-14 11:56:47","post_modified_gmt":"2022-10-14 09:56:47","post_content_filtered":"","post_parent":0,"guid":"http:\/\/dev.claret.cat\/editorial\/harpercollins\/","menu_order":0,"post_type":"editorial","post_mime_type":"","comment_count":"0","filter":"raw"}]},"aioseo_notices":[],"_links":{"self":[{"href":"https:\/\/www.claret.cat\/es\/wp-json\/wp\/v2\/product\/1087344","targetHints":{"allow":["GET"]}}],"collection":[{"href":"https:\/\/www.claret.cat\/es\/wp-json\/wp\/v2\/product"}],"about":[{"href":"https:\/\/www.claret.cat\/es\/wp-json\/wp\/v2\/types\/product"}],"wp:featuredmedia":[{"embeddable":true,"href":"https:\/\/www.claret.cat\/es\/wp-json\/wp\/v2\/media\/1087498"}],"wp:attachment":[{"href":"https:\/\/www.claret.cat\/es\/wp-json\/wp\/v2\/media?parent=1087344"}],"wp:term":[{"taxonomy":"product_brand","embeddable":true,"href":"https:\/\/www.claret.cat\/es\/wp-json\/wp\/v2\/product_brand?post=1087344"},{"taxonomy":"product_cat","embeddable":true,"href":"https:\/\/www.claret.cat\/es\/wp-json\/wp\/v2\/product_cat?post=1087344"},{"taxonomy":"product_tag","embeddable":true,"href":"https:\/\/www.claret.cat\/es\/wp-json\/wp\/v2\/product_tag?post=1087344"}],"curies":[{"name":"wp","href":"https:\/\/api.w.org\/{rel}","templated":true}]}}