{"id":1087347,"date":"2026-03-03T17:45:37","date_gmt":"2026-03-03T16:45:37","guid":{"rendered":"https:\/\/www.claret.cat\/llibre\/la-novela-de-marceau-miller-9791387664602\/"},"modified":"2026-03-04T12:15:09","modified_gmt":"2026-03-04T11:15:09","slug":"la-novela-de-marceau-miller-9791387664602","status":"publish","type":"product","link":"https:\/\/www.claret.cat\/es\/libro\/la-novela-de-marceau-miller-9791387664602\/","title":{"rendered":"LA NOVELA DE MARCEAU MILLER"},"content":{"rendered":"<p>Tras el \u00e9xito de Jo\u00ebl Dicker, llega un thriller convertido en fen\u00f3meno internacional, publicado en catorce pa\u00edses.Una novela que guarda el gran enigma, \u00bfqui\u00e9n se oculta detr\u00e1s de Marceau Miller?Hay hombres que ponen su vida en peligro constantemente. Marceau Miller es uno de ellos. Aunque se ha convertido en un escritor de \u00e9xito mundial, con una vida aparentemente ideal, siempre intenta jugar con los l\u00edmites del peligro. Hasta su ca\u00edda mortal de la cima de la monta\u00f1a.Al descubrir que Marceau ha dejado tras de s\u00ed una \u00faltima novela en la que revela la verdad, su mujer, Sarah, se lanza a una vertiginosa b\u00fasqueda del tesoro. \u00bfD\u00f3nde est\u00e1 ese manuscrito? \u00bfQui\u00e9n es Marceau Miller?Un thriller trepidante en el que cada verdad esconde una mentira m\u00e1s profunda\u00a0\u00abUna novela altamente efectiva para devorarse de una sentada. La b\u00fasqueda del manuscrito lleva a una investigaci\u00f3n adictiva que no deja ni un minuto de paz al lector\u00bb.Le Parisien\u00bfPOR QU\u00c9 LEER LA NOVELA DE MARCEAU MILLER?Un prisma narrativo a tres voces que reconstruye la historia y mentiras de Marceau Miller.Top 10 de la lista de best seller de novela negra que se publicar\u00e1 en catorce pa\u00edses.Ha despertado un entusiasmo mundial y el inter\u00e9s de productores y plataformas televisivas.Es una experiencia inmersiva entre realidad y ficci\u00f3n: el lector es parte de la investigaci\u00f3n.<\/p>\n","protected":false},"excerpt":{"rendered":"<p>MARCEAU MILLER<\/p>\n","protected":false},"featured_media":1087348,"template":"","meta":{"_acf_changed":false,"om_disable_all_campaigns":false,"rs_blank_template":"","rs_page_bg_color":"","slide_template_v7":"","inline_featured_image":false,"_monsterinsights_skip_tracking":false,"_monsterinsights_sitenote_active":false,"_monsterinsights_sitenote_note":"","_monsterinsights_sitenote_category":0},"product_brand":[],"product_cat":[127,357],"product_tag":[],"class_list":{"0":"post-1087347","1":"product","2":"type-product","3":"status-publish","4":"has-post-thumbnail","6":"product_cat-novella-contemporania","7":"product_cat-novela-contemporanea","9":"first","10":"instock","11":"taxable","12":"shipping-taxable","13":"purchasable","14":"product-type-simple"},"acf":{"autor":"MARCEAU MILLER","codart":"138766460","libros-coleccion":"","ediciones":"1","encuadernacion":"R\u00fastica","fecha_de_publicacion":"01\/03\/2026","novedad":"1","paginas":"300","subtitulo":"","orden":"0","portada":"0","idioma":"spa","booktrailer":"","resenas":"","editorial":[{"ID":6297,"post_author":"3","post_date":"2022-07-28 17:49:10","post_date_gmt":"2022-07-28 15:49:10","post_content":"","post_title":"Maeva Ediciones","post_excerpt":"","post_status":"publish","comment_status":"closed","ping_status":"closed","post_password":"","post_name":"maeva-ediciones","to_ping":"","pinged":"","post_modified":"2022-07-28 17:49:10","post_modified_gmt":"2022-07-28 15:49:10","post_content_filtered":"","post_parent":0,"guid":"http:\/\/dev.claret.cat\/editorial\/maeva-ediciones\/","menu_order":0,"post_type":"editorial","post_mime_type":"","comment_count":"0","filter":"raw"}]},"aioseo_notices":[],"_links":{"self":[{"href":"https:\/\/www.claret.cat\/es\/wp-json\/wp\/v2\/product\/1087347","targetHints":{"allow":["GET"]}}],"collection":[{"href":"https:\/\/www.claret.cat\/es\/wp-json\/wp\/v2\/product"}],"about":[{"href":"https:\/\/www.claret.cat\/es\/wp-json\/wp\/v2\/types\/product"}],"wp:featuredmedia":[{"embeddable":true,"href":"https:\/\/www.claret.cat\/es\/wp-json\/wp\/v2\/media\/1087348"}],"wp:attachment":[{"href":"https:\/\/www.claret.cat\/es\/wp-json\/wp\/v2\/media?parent=1087347"}],"wp:term":[{"taxonomy":"product_brand","embeddable":true,"href":"https:\/\/www.claret.cat\/es\/wp-json\/wp\/v2\/product_brand?post=1087347"},{"taxonomy":"product_cat","embeddable":true,"href":"https:\/\/www.claret.cat\/es\/wp-json\/wp\/v2\/product_cat?post=1087347"},{"taxonomy":"product_tag","embeddable":true,"href":"https:\/\/www.claret.cat\/es\/wp-json\/wp\/v2\/product_tag?post=1087347"}],"curies":[{"name":"wp","href":"https:\/\/api.w.org\/{rel}","templated":true}]}}