{"id":1087350,"date":"2026-03-03T17:50:13","date_gmt":"2026-03-03T16:50:13","guid":{"rendered":"https:\/\/www.claret.cat\/llibre\/la-vida-despues-del-adios-9788410645073\/"},"modified":"2026-03-30T13:40:42","modified_gmt":"2026-03-30T11:40:42","slug":"la-vida-despues-del-adios-9788410645073","status":"publish","type":"product","link":"https:\/\/www.claret.cat\/es\/libro\/la-vida-despues-del-adios-9788410645073\/","title":{"rendered":"LA VIDA DESPU\u00c9S DEL ADI\u00d3S"},"content":{"rendered":"<p>\u00abOjal\u00e1 este relato anime a cada lector a mirar su propia vida, a reconocer sus se\u00f1ales y a descubrir que incluso en los momentos m\u00e1s oscuros siempre existe una luz\u00bb.Estas p\u00e1ginas nos sumergen en la historia real de un hombre que lo ten\u00eda todo en la vida: el doctor Alfonso del Corral, prestigioso traumat\u00f3logo y exjugador del Real Madrid, quien, tras enfrentarse al dolor m\u00e1s desgarrador, la p\u00e9rdida de su hijo \u00c1lvaro, encontr\u00f3 sentido y consuelo en su b\u00fasqueda espiritual que lo llev\u00f3 a localizar se\u00f1ales en los lugares m\u00e1s sencillos y en los gestos m\u00e1s humildes.La vida despu\u00e9s del adi\u00f3s es una reflexi\u00f3n sobre c\u00f3mo la fe puede ofrecer respuestas cuando la l\u00f3gica falla, y c\u00f3mo, incluso ante la muerte, la esperanza puede hallar un camino. A trav\u00e9s de su sincero testimonio descubrir\u00e1s que sentir la presencia de Dios te ayudar\u00e1 a llenar el vac\u00edo y darte fuerza cuando m\u00e1s lo necesitas.<\/p>\n","protected":false},"excerpt":{"rendered":"<p>DR. ALFONSO DEL CORRAL DE SALAS<\/p>\n","protected":false},"featured_media":1093519,"template":"","meta":{"_acf_changed":false,"om_disable_all_campaigns":false,"rs_blank_template":"","rs_page_bg_color":"","slide_template_v7":"","inline_featured_image":false,"_monsterinsights_skip_tracking":false,"_monsterinsights_sitenote_active":false,"_monsterinsights_sitenote_note":"","_monsterinsights_sitenote_category":0},"product_brand":[],"product_cat":[485,232,491,241],"product_tag":[],"class_list":{"0":"post-1087350","1":"product","2":"type-product","3":"status-publish","4":"has-post-thumbnail","6":"product_cat-autores-espiritualidad-1_espiritualidad","7":"product_cat-autors-espiritualitat","8":"product_cat-testimonios","9":"product_cat-testimonis","11":"first","12":"instock","13":"taxable","14":"shipping-taxable","15":"purchasable","16":"product-type-simple"},"acf":{"autor":"DR. ALFONSO DEL CORRAL DE SALAS","codart":"841064507","libros-coleccion":"","ediciones":"1","encuadernacion":"R\u00fastica","fecha_de_publicacion":"01\/03\/2026","novedad":"1","paginas":"190","subtitulo":"UNA HISTORIA DE SE\u00d1ALES, AMOR, ESPERANZA Y FE EN JESUCRISTO","orden":"0","portada":"0","idioma":"spa","booktrailer":"","resenas":"","editorial":[{"ID":148249,"post_author":"3","post_date":"2022-10-14 11:56:47","post_date_gmt":"2022-10-14 09:56:47","post_content":"","post_title":"HarperCollins","post_excerpt":"","post_status":"publish","comment_status":"closed","ping_status":"closed","post_password":"","post_name":"harpercollins","to_ping":"","pinged":"","post_modified":"2022-10-14 11:56:47","post_modified_gmt":"2022-10-14 09:56:47","post_content_filtered":"","post_parent":0,"guid":"http:\/\/dev.claret.cat\/editorial\/harpercollins\/","menu_order":0,"post_type":"editorial","post_mime_type":"","comment_count":"0","filter":"raw"}]},"aioseo_notices":[],"_links":{"self":[{"href":"https:\/\/www.claret.cat\/es\/wp-json\/wp\/v2\/product\/1087350","targetHints":{"allow":["GET"]}}],"collection":[{"href":"https:\/\/www.claret.cat\/es\/wp-json\/wp\/v2\/product"}],"about":[{"href":"https:\/\/www.claret.cat\/es\/wp-json\/wp\/v2\/types\/product"}],"wp:featuredmedia":[{"embeddable":true,"href":"https:\/\/www.claret.cat\/es\/wp-json\/wp\/v2\/media\/1093519"}],"wp:attachment":[{"href":"https:\/\/www.claret.cat\/es\/wp-json\/wp\/v2\/media?parent=1087350"}],"wp:term":[{"taxonomy":"product_brand","embeddable":true,"href":"https:\/\/www.claret.cat\/es\/wp-json\/wp\/v2\/product_brand?post=1087350"},{"taxonomy":"product_cat","embeddable":true,"href":"https:\/\/www.claret.cat\/es\/wp-json\/wp\/v2\/product_cat?post=1087350"},{"taxonomy":"product_tag","embeddable":true,"href":"https:\/\/www.claret.cat\/es\/wp-json\/wp\/v2\/product_tag?post=1087350"}],"curies":[{"name":"wp","href":"https:\/\/api.w.org\/{rel}","templated":true}]}}