{"id":1087362,"date":"2026-03-03T18:10:02","date_gmt":"2026-03-03T17:10:02","guid":{"rendered":"https:\/\/www.claret.cat\/llibre\/magic-animals-11-el-tesoro-del-laberinto-9788408316763\/"},"modified":"2026-03-10T19:20:40","modified_gmt":"2026-03-10T18:20:40","slug":"magic-animals-11-el-tesoro-del-laberinto-9788408316763","status":"publish","type":"product","link":"https:\/\/www.claret.cat\/es\/libro\/magic-animals-11-el-tesoro-del-laberinto-9788408316763\/","title":{"rendered":"MAGIC ANIMALS 11. EL TESORO DEL LABERINTO"},"content":{"rendered":"<p>Un enigm\u00e1tico globo sobrevuela el valle de Blim. Se dirige ni m\u00e1s ni menos que hacia el Laberinto Prohibido. \u00bfQui\u00e9n lo conduce? Y lo m\u00e1s inquietante de todo: \u00bfcu\u00e1les son sus intenciones? Abi, \u00c9ric, Yuna, Cloe y Nico acaban de descubrir que all\u00ed se oculta un tesoro que protege el equilibrio natural del valle\u2026 Acompa\u00f1ados por Evalisto y Marisabia, los Magic Animals se adentrar\u00e1n en el coraz\u00f3n del laberinto para resolver el enigma y desenmascarar al misterioso viajero.<br \/> *<br \/> MAGIC ANIMALS\u00a0es la serie que re\u00fane todos los ingredientes para triunfar e ilusionar a los peque\u00f1os lectores en un mundo lleno de ni\u00f1os y ni\u00f1as, magia, aventuras,\u00a0seres fant\u00e1sticos\u2026 y animales.\u00a0<br \/> En el misterioso valle de Blim habitan seres fant\u00e1sticos capaces de adoptar forma de ni\u00f1o y de animal. Seres que, a trav\u00e9s de un amuleto m\u00e1gico, pueden transformarse en MAGIC ANIMALS con poderes incre\u00edbles.<br \/> *<br \/> Una colecci\u00f3n para primeros lectores, con cap\u00edtulos breves, letra grande y lenguaje adaptado al nivel lector.<br \/> Una serie de libros ideal para\u00a0aprender a leer,\u00a0con\u00a0parte narrativa y parte de c\u00f3mic\u00a0y perfecta para pasar horas de diversi\u00f3n y entretenimiento.<br \/> Ilustraciones a todo color y con p\u00e1ginas en\u00a0formato c\u00f3mic, que facilitan la lectura y la comprensi\u00f3n del lector,\u00a0creadas por\u00a0Carles Dalmau, un joven ilustrador que se han hecho un hueco destacado en el mundo de la ilustraci\u00f3n, el c\u00f3mic y el manga. Cuenta con m\u00e1s de 700.000 seguidores en sus redes.<br \/> Una colecci\u00f3n llena de magia, poderes, animales, ni\u00f1os y ni\u00f1as, misterios\u00a0recomendada para ni\u00f1os de 6 a 8 a\u00f1os. Perfecta para ni\u00f1os y ni\u00f1as lectores de\u00a0Anna Kadabra y Marcus Pocus.<br \/> \u00a0<br \/> G\u00c9NERO<\/p>\n<p> Acci\u00f3n y aventura<br \/> Misterios y magia<br \/> Animales y poderes\u00a0<br \/> Humor y diversi\u00f3n<\/p>\n<p> \u00a0<br \/> LA AUTORA<br \/> Susanna Isern\u00a0es una de las autoras m\u00e1s importantes del panorama de la literatura infantil. Ha publicado m\u00e1s de 100 t\u00edtulos que se han traducido a m\u00e1s de 30 idiomas y lleva m\u00e1s de 1.000.000 de ejemplares vendidos a nivel mundial.<\/p>\n","protected":false},"excerpt":{"rendered":"<p>SUSANNA ISERN<\/p>\n","protected":false},"featured_media":1087363,"template":"","meta":{"_acf_changed":false,"om_disable_all_campaigns":false,"rs_blank_template":"","rs_page_bg_color":"","slide_template_v7":"","inline_featured_image":false,"_monsterinsights_skip_tracking":false,"_monsterinsights_sitenote_active":false,"_monsterinsights_sitenote_note":"","_monsterinsights_sitenote_category":0},"product_brand":[],"product_cat":[132,362],"product_tag":[],"class_list":{"0":"post-1087362","1":"product","2":"type-product","3":"status-publish","4":"has-post-thumbnail","6":"product_cat-lectures-per-preadolescents-6-12-anys","7":"product_cat-libros-preadolescentes-6-12-anos","9":"first","10":"instock","11":"taxable","12":"shipping-taxable","13":"purchasable","14":"product-type-simple"},"acf":{"autor":"SUSANNA ISERN","codart":"840831676","libros-coleccion":"","ediciones":"1","encuadernacion":"R\u00fastica","fecha_de_publicacion":"01\/03\/2026","novedad":"1","paginas":"123","subtitulo":"EL TESORO DEL LABERINTO","orden":"0","portada":"0","idioma":"spa","booktrailer":"","resenas":"","editorial":[{"ID":6233,"post_author":"3","post_date":"2022-07-28 17:47:48","post_date_gmt":"2022-07-28 15:47:48","post_content":"","post_title":"EDITORIAL PLANETA","post_excerpt":"","post_status":"publish","comment_status":"closed","ping_status":"closed","post_password":"","post_name":"editorial-planeta","to_ping":"","pinged":"","post_modified":"2022-07-28 17:47:48","post_modified_gmt":"2022-07-28 15:47:48","post_content_filtered":"","post_parent":0,"guid":"http:\/\/dev.claret.cat\/editorial\/editorial-planeta\/","menu_order":0,"post_type":"editorial","post_mime_type":"","comment_count":"0","filter":"raw"}]},"aioseo_notices":[],"_links":{"self":[{"href":"https:\/\/www.claret.cat\/es\/wp-json\/wp\/v2\/product\/1087362","targetHints":{"allow":["GET"]}}],"collection":[{"href":"https:\/\/www.claret.cat\/es\/wp-json\/wp\/v2\/product"}],"about":[{"href":"https:\/\/www.claret.cat\/es\/wp-json\/wp\/v2\/types\/product"}],"wp:featuredmedia":[{"embeddable":true,"href":"https:\/\/www.claret.cat\/es\/wp-json\/wp\/v2\/media\/1087363"}],"wp:attachment":[{"href":"https:\/\/www.claret.cat\/es\/wp-json\/wp\/v2\/media?parent=1087362"}],"wp:term":[{"taxonomy":"product_brand","embeddable":true,"href":"https:\/\/www.claret.cat\/es\/wp-json\/wp\/v2\/product_brand?post=1087362"},{"taxonomy":"product_cat","embeddable":true,"href":"https:\/\/www.claret.cat\/es\/wp-json\/wp\/v2\/product_cat?post=1087362"},{"taxonomy":"product_tag","embeddable":true,"href":"https:\/\/www.claret.cat\/es\/wp-json\/wp\/v2\/product_tag?post=1087362"}],"curies":[{"name":"wp","href":"https:\/\/api.w.org\/{rel}","templated":true}]}}