{"id":1087369,"date":"2026-03-03T18:40:02","date_gmt":"2026-03-03T17:40:02","guid":{"rendered":"https:\/\/www.claret.cat\/llibre\/els-xiprers-9791387802455\/"},"modified":"2026-03-03T18:55:24","modified_gmt":"2026-03-03T17:55:24","slug":"els-xiprers-9791387802455","status":"publish","type":"product","link":"https:\/\/www.claret.cat\/es\/libro\/els-xiprers-9791387802455\/","title":{"rendered":"ELS XIPRERS"},"content":{"rendered":"<p>Jair Dominguez ens ofereix una novel\u00b7la brillant que explora a fons les complexitats de la condici\u00f3 humana.En una urbanitzaci\u00f3 id\u00edl\u00b7lica de l\u2019Empord\u00e0, un grup de fam\u00edlies joves crien els seus fills. S\u00f3n els fills dels boomers, que han tingut fills i els eduquen d\u2019una manera mai vista en la hist\u00f2ria de la humanitat: tenen tot el que volen, ning\u00fa els pressiona, cap autoritat plana sobre ells. Quina vida els espera als fills m\u00e9s cuidats, vigilats i protegits de tots els temps?<br \/> Entre festes d\u2019aniversari, revetlles de Sant Joan i partits escolars, passen els anys, els nens van creixent i les din\u00e0miques familiars van canviant. En Bru, un d\u2019aquests nens, \u00e9s una persona poc corrent. Intel\u00b7ligent\u00edssim i amb una sensibilitat estranya, t\u00e9 la capacitat de veure qu\u00e8 passar\u00e0, i tot aquell m\u00f3n te\u00f2ricament perfecte comen\u00e7a a ensorrar-se el dia que prediu la mort d\u2019un dels seus companys de classe.<br \/> Els xiprers \u00e9s una novel\u00b7la vibrant que explora les particularitats de la vida adulta, amb un mosaic de personatges, cadascun amb les seves lluites i conflictes personals. La novel\u00b7la ofereix una exploraci\u00f3 profunda de la condici\u00f3 humana i les seves complexitats.<\/p>\n","protected":false},"excerpt":{"rendered":"<p>JAIR DOMINGUEZ<\/p>\n","protected":false},"featured_media":1087370,"template":"","meta":{"_acf_changed":false,"om_disable_all_campaigns":false,"rs_blank_template":"","rs_page_bg_color":"","slide_template_v7":"","inline_featured_image":false,"_monsterinsights_skip_tracking":false,"_monsterinsights_sitenote_active":false,"_monsterinsights_sitenote_note":"","_monsterinsights_sitenote_category":0},"product_brand":[],"product_cat":[127,357],"product_tag":[],"class_list":{"0":"post-1087369","1":"product","2":"type-product","3":"status-publish","4":"has-post-thumbnail","6":"product_cat-novella-contemporania","7":"product_cat-novela-contemporanea","9":"first","10":"instock","11":"taxable","12":"shipping-taxable","13":"purchasable","14":"product-type-simple"},"acf":{"autor":"JAIR DOMINGUEZ","codart":"138780245","libros-coleccion":"","ediciones":"1","encuadernacion":"R\u00fastica","fecha_de_publicacion":"01\/03\/2026","novedad":"1","paginas":"349","subtitulo":"","orden":"0","portada":"0","idioma":"cat","booktrailer":"","resenas":"","editorial":[{"ID":6281,"post_author":"3","post_date":"2022-07-28 17:48:50","post_date_gmt":"2022-07-28 15:48:50","post_content":"","post_title":"LABUTXACA","post_excerpt":"","post_status":"publish","comment_status":"closed","ping_status":"closed","post_password":"","post_name":"labutxaca","to_ping":"","pinged":"","post_modified":"2022-07-28 17:48:50","post_modified_gmt":"2022-07-28 15:48:50","post_content_filtered":"","post_parent":0,"guid":"http:\/\/dev.claret.cat\/editorial\/labutxaca\/","menu_order":0,"post_type":"editorial","post_mime_type":"","comment_count":"0","filter":"raw"}]},"aioseo_notices":[],"_links":{"self":[{"href":"https:\/\/www.claret.cat\/es\/wp-json\/wp\/v2\/product\/1087369","targetHints":{"allow":["GET"]}}],"collection":[{"href":"https:\/\/www.claret.cat\/es\/wp-json\/wp\/v2\/product"}],"about":[{"href":"https:\/\/www.claret.cat\/es\/wp-json\/wp\/v2\/types\/product"}],"wp:featuredmedia":[{"embeddable":true,"href":"https:\/\/www.claret.cat\/es\/wp-json\/wp\/v2\/media\/1087370"}],"wp:attachment":[{"href":"https:\/\/www.claret.cat\/es\/wp-json\/wp\/v2\/media?parent=1087369"}],"wp:term":[{"taxonomy":"product_brand","embeddable":true,"href":"https:\/\/www.claret.cat\/es\/wp-json\/wp\/v2\/product_brand?post=1087369"},{"taxonomy":"product_cat","embeddable":true,"href":"https:\/\/www.claret.cat\/es\/wp-json\/wp\/v2\/product_cat?post=1087369"},{"taxonomy":"product_tag","embeddable":true,"href":"https:\/\/www.claret.cat\/es\/wp-json\/wp\/v2\/product_tag?post=1087369"}],"curies":[{"name":"wp","href":"https:\/\/api.w.org\/{rel}","templated":true}]}}