{"id":1087372,"date":"2026-03-03T18:40:21","date_gmt":"2026-03-03T17:40:21","guid":{"rendered":"https:\/\/www.claret.cat\/llibre\/la-dona-del-segle-9791387802400\/"},"modified":"2026-03-03T18:55:19","modified_gmt":"2026-03-03T17:55:19","slug":"la-dona-del-segle-9791387802400","status":"publish","type":"product","link":"https:\/\/www.claret.cat\/es\/libro\/la-dona-del-segle-9791387802400\/","title":{"rendered":"LA DONA DEL SEGLE"},"content":{"rendered":"<p>Torna Toni Cruanyes\u00a0amb la hist\u00f2ria de tres dones importants a la seva fam\u00edlia. Un homenatge a les dones del tombant de segle.M\u00e9s enll\u00e0 dels records d\u2019inf\u00e0ncia, Toni Cruanyes s\u2019endinsa en la psicologia de tres noies joves, nascudes els anys 1900, 1928 i 1954, que en un moment determinat de la seva vida han de prendre una decisi\u00f3 que les marcar\u00e0 per sempre. \u00c9s la restituci\u00f3 de la mem\u00f2ria de dones valentes i treballadores, silenciades en un m\u00f3n dominat pels homes. A trav\u00e9s de les seves vides, l\u2019autor ofereix una visi\u00f3 \u00edntima i detallada dels canvis socials i hist\u00f2rics que han marcat Catalunya i el m\u00f3n al llarg del segle xx.<\/p>\n","protected":false},"excerpt":{"rendered":"<p>TONI CRUANYES<\/p>\n","protected":false},"featured_media":1087373,"template":"","meta":{"_acf_changed":false,"om_disable_all_campaigns":false,"rs_blank_template":"","rs_page_bg_color":"","slide_template_v7":"","inline_featured_image":false,"_monsterinsights_skip_tracking":false,"_monsterinsights_sitenote_active":false,"_monsterinsights_sitenote_note":"","_monsterinsights_sitenote_category":0},"product_brand":[],"product_cat":[127,357],"product_tag":[],"class_list":{"0":"post-1087372","1":"product","2":"type-product","3":"status-publish","4":"has-post-thumbnail","6":"product_cat-novella-contemporania","7":"product_cat-novela-contemporanea","9":"first","10":"instock","11":"taxable","12":"shipping-taxable","13":"purchasable","14":"product-type-simple"},"acf":{"autor":"TONI CRUANYES","codart":"138780240","libros-coleccion":"","ediciones":"1","encuadernacion":"R\u00fastica","fecha_de_publicacion":"01\/03\/2026","novedad":"1","paginas":"316","subtitulo":"","orden":"0","portada":"0","idioma":"cat","booktrailer":"","resenas":"","editorial":[{"ID":6281,"post_author":"3","post_date":"2022-07-28 17:48:50","post_date_gmt":"2022-07-28 15:48:50","post_content":"","post_title":"LABUTXACA","post_excerpt":"","post_status":"publish","comment_status":"closed","ping_status":"closed","post_password":"","post_name":"labutxaca","to_ping":"","pinged":"","post_modified":"2022-07-28 17:48:50","post_modified_gmt":"2022-07-28 15:48:50","post_content_filtered":"","post_parent":0,"guid":"http:\/\/dev.claret.cat\/editorial\/labutxaca\/","menu_order":0,"post_type":"editorial","post_mime_type":"","comment_count":"0","filter":"raw"}]},"aioseo_notices":[],"_links":{"self":[{"href":"https:\/\/www.claret.cat\/es\/wp-json\/wp\/v2\/product\/1087372","targetHints":{"allow":["GET"]}}],"collection":[{"href":"https:\/\/www.claret.cat\/es\/wp-json\/wp\/v2\/product"}],"about":[{"href":"https:\/\/www.claret.cat\/es\/wp-json\/wp\/v2\/types\/product"}],"wp:featuredmedia":[{"embeddable":true,"href":"https:\/\/www.claret.cat\/es\/wp-json\/wp\/v2\/media\/1087373"}],"wp:attachment":[{"href":"https:\/\/www.claret.cat\/es\/wp-json\/wp\/v2\/media?parent=1087372"}],"wp:term":[{"taxonomy":"product_brand","embeddable":true,"href":"https:\/\/www.claret.cat\/es\/wp-json\/wp\/v2\/product_brand?post=1087372"},{"taxonomy":"product_cat","embeddable":true,"href":"https:\/\/www.claret.cat\/es\/wp-json\/wp\/v2\/product_cat?post=1087372"},{"taxonomy":"product_tag","embeddable":true,"href":"https:\/\/www.claret.cat\/es\/wp-json\/wp\/v2\/product_tag?post=1087372"}],"curies":[{"name":"wp","href":"https:\/\/api.w.org\/{rel}","templated":true}]}}