{"id":1087378,"date":"2026-03-03T18:40:49","date_gmt":"2026-03-03T17:40:49","guid":{"rendered":"https:\/\/www.claret.cat\/llibre\/magic-animals-11-el-tresor-del-laberint-9791387903749\/"},"modified":"2026-04-17T18:50:23","modified_gmt":"2026-04-17T16:50:23","slug":"magic-animals-11-el-tresor-del-laberint-9791387903749","status":"publish","type":"product","link":"https:\/\/www.claret.cat\/es\/libro\/magic-animals-11-el-tresor-del-laberint-9791387903749\/","title":{"rendered":"MAGIC ANIMALS 11. EL TRESOR DEL LABERINT"},"content":{"rendered":"<p>Un globus enigm\u00e0tic sobrevola la vall de Blim. Es dirigeix ni m\u00e9s ni menys que cap al Laberint Prohibit. Qui el condueix? I el m\u00e9s inquietant de tot: quines s\u00f3n les seves intencions? L&#8221;Abi, l&#8221;\u00c8ric, la Yuna, la Cloe i el Nico acaben de descobrir que all\u00e0 s&#8221;hi oculta un tresor que protegeix l&#8221;equilibri natural de la vall&#8230; Acompanyats per l&#8221;Ernllest i la Maris\u00e0via, els Magic Animals s&#8221;endinsaran en el cor del laberint per resoldre l&#8221;enigma i desenmascarar el viatger misteri\u00f3s.\u00a0<br \/> *<br \/> MAGIC ANIMALS\u00a0\u00e9s la s\u00e8rie que reuneix tots els ingredients per triomfar i il\u00b7lusionar els petits lectors en un m\u00f3n ple de nens i nenes, m\u00e0gia, aventures, \u00e9ssers fant\u00e0stics\u2026 i animals.\u00a0<br \/> En la misteriosa vall de Blim habiten \u00e9ssers fant\u00e0stics capa\u00e7os d&#8221;adoptar forma de nen i d&#8221;animal. \u00c9ssers que, a trav\u00e9s d&#8221;un amulet m\u00e0gic, poden transformar-se en MAGIC ANIMALS amb poders incre\u00efbles.\u00a0<br \/> *<\/p>\n<p> Una col\u00b7lecci\u00f3 per a primers lectors, amb cap\u00edtols breus, lletra grossa i llenguatge adaptat al nivell lector.<br \/> Una s\u00e8rie de llibres ideal per\u00a0aprendre a llegir,\u00a0amb una\u00a0part narrativa i una part de c\u00f2mic,\u00a0i perfecta per passar hores de diversi\u00f3 i entreteniment.<br \/> Il\u00b7lustracions en color i amb p\u00e0gines en\u00a0format c\u00f2mic que faciliten la lectura i la comprensi\u00f3 del lector,\u00a0creades per\u00a0Carles Dalmau, un jove il\u00b7lustrador\u00a0que s&#8221;ha fet un lloc destacat en el m\u00f3n de la il\u00b7lustraci\u00f3, el c\u00f2mic i el manga. T\u00e9 m\u00e9s de 700.000 seguidors a les xarxes.<br \/> Una col\u00b7lecci\u00f3 plena de m\u00e0gia, poders, animals, nens i nenes i misteris,\u00a0recomanada per a nens i nenes de 6 a 8 anys. Perfecta per a lectors d&#8221;Anna Kadabra i Marcus Pocus.<br \/> \u00a0G\u00c8NERE<\/p>\n<p> Acci\u00f3 i aventura<br \/> Misteris i m\u00e0gia<br \/> Animals i poders\u00a0<br \/> Humor i diversi\u00f3<\/p>\n<p> LA AUTORA<br \/> Susanna Isern\u00a0\u00e9s una de les autores m\u00e9s importants del panorama de la literatura infantil. Ha publicat m\u00e9s de 100 t\u00edtols que s&#8221;han tradu\u00eft a m\u00e9s de 30 idiomes i porta m\u00e9s de 1.000.000 exemplars venuts a tot el m\u00f3n.<\/p>\n","protected":false},"excerpt":{"rendered":"<p>SUSANNA ISERN<\/p>\n","protected":false},"featured_media":1087379,"template":"","meta":{"_acf_changed":false,"om_disable_all_campaigns":false,"rs_blank_template":"","rs_page_bg_color":"","slide_template_v7":"","inline_featured_image":false,"_monsterinsights_skip_tracking":false,"_monsterinsights_sitenote_active":false,"_monsterinsights_sitenote_note":"","_monsterinsights_sitenote_category":0},"product_brand":[],"product_cat":[131,361],"product_tag":[],"class_list":{"0":"post-1087378","1":"product","2":"type-product","3":"status-publish","4":"has-post-thumbnail","6":"product_cat-contes-per-infants-0-6-anys","7":"product_cat-cuentos-para-ninos-0-6-anos","9":"first","10":"instock","11":"taxable","12":"shipping-taxable","13":"purchasable","14":"product-type-simple"},"acf":{"autor":"SUSANNA ISERN","codart":"138790374","libros-coleccion":"","ediciones":"1","encuadernacion":"R\u00fastica","fecha_de_publicacion":"01\/03\/2026","novedad":"1","paginas":"123","subtitulo":"","orden":"0","portada":"0","idioma":"cat","booktrailer":"","resenas":"","editorial":[{"ID":6249,"post_author":"3","post_date":"2022-07-28 17:48:09","post_date_gmt":"2022-07-28 15:48:09","post_content":"","post_title":"Estrella Polar","post_excerpt":"","post_status":"publish","comment_status":"closed","ping_status":"closed","post_password":"","post_name":"estrella-polar","to_ping":"","pinged":"","post_modified":"2022-07-28 17:48:09","post_modified_gmt":"2022-07-28 15:48:09","post_content_filtered":"","post_parent":0,"guid":"http:\/\/dev.claret.cat\/editorial\/estrella-polar\/","menu_order":0,"post_type":"editorial","post_mime_type":"","comment_count":"0","filter":"raw"}]},"aioseo_notices":[],"_links":{"self":[{"href":"https:\/\/www.claret.cat\/es\/wp-json\/wp\/v2\/product\/1087378","targetHints":{"allow":["GET"]}}],"collection":[{"href":"https:\/\/www.claret.cat\/es\/wp-json\/wp\/v2\/product"}],"about":[{"href":"https:\/\/www.claret.cat\/es\/wp-json\/wp\/v2\/types\/product"}],"wp:featuredmedia":[{"embeddable":true,"href":"https:\/\/www.claret.cat\/es\/wp-json\/wp\/v2\/media\/1087379"}],"wp:attachment":[{"href":"https:\/\/www.claret.cat\/es\/wp-json\/wp\/v2\/media?parent=1087378"}],"wp:term":[{"taxonomy":"product_brand","embeddable":true,"href":"https:\/\/www.claret.cat\/es\/wp-json\/wp\/v2\/product_brand?post=1087378"},{"taxonomy":"product_cat","embeddable":true,"href":"https:\/\/www.claret.cat\/es\/wp-json\/wp\/v2\/product_cat?post=1087378"},{"taxonomy":"product_tag","embeddable":true,"href":"https:\/\/www.claret.cat\/es\/wp-json\/wp\/v2\/product_tag?post=1087378"}],"curies":[{"name":"wp","href":"https:\/\/api.w.org\/{rel}","templated":true}]}}