{"id":1087381,"date":"2026-03-03T18:45:02","date_gmt":"2026-03-03T17:45:02","guid":{"rendered":"https:\/\/www.claret.cat\/llibre\/la-vida-en-directe-9788466434874\/"},"modified":"2026-03-16T17:30:37","modified_gmt":"2026-03-16T16:30:37","slug":"la-vida-en-directe-9788466434874","status":"publish","type":"product","link":"https:\/\/www.claret.cat\/es\/libro\/la-vida-en-directe-9788466434874\/","title":{"rendered":"LA VIDA EN DIRECTE"},"content":{"rendered":"<p>Unes mem\u00f2ries l\u00facides i honestes que retraten 50 anys de periodisme esportiu catal\u00e0.<br \/> Edici\u00f3 de V\u00edctor Lavagnini.Llu\u00eds Canut ens obre les portes del seu arxiu vital amb les p\u00e0gines de La vida en directe, un retrat honest i proper que ens fa sentir a taula amb ell. <br \/> Entre els gols euf\u00f2rics del Dream Team, les injust\u00edcies arbitrals a Par\u00eds i les nits de llum al Palau, Canut narra amb passi\u00f3 i sense embuts la seva traject\u00f2ria professional i humana, marcada per la vocaci\u00f3, la lleialtat i, en els \u00faltims anys, el combat tena\u00e7 contra el Parkinson.<br \/> Amb l\u2019ajuda i l\u2019estima de V\u00edctor Lavagnini, amic i c\u00f2mplice, pels records de Canut hi desfilen noms m\u00edtics com Johan Cruyff, Epi, Soloz\u00e1bal, St\u00f2itxkov, Samaranch, Audie Norris o Joan Manuel Serrat, sense oblidar els companys que van ser mestres i referents: \u00c0lex Botines, Fernando Border\u00edas i Quim Reg\u00e0s.<br \/> El llibre recorre la hist\u00f2ria contempor\u00e0nia del Bar\u00e7a, per\u00f2 va molt m\u00e9s enll\u00e0: \u00e9s una cr\u00f2nica d\u2019un pa\u00eds, d\u2019una \u00e8poca i d\u2019una manera d\u2019entendre la feina feta des del rigor, la proximitat i la passi\u00f3. Escrit amb mem\u00f2ria prodigiosa, La vida en directe \u00e9s tota una lli\u00e7\u00f3 d\u2019\u00e8tica professional i dignitat.<\/p>\n","protected":false},"excerpt":{"rendered":"<p>LLU\u00cdS CANUT PERMANYER<\/p>\n","protected":false},"featured_media":1087404,"template":"","meta":{"_acf_changed":false,"om_disable_all_campaigns":false,"rs_blank_template":"","rs_page_bg_color":"","slide_template_v7":"","inline_featured_image":false,"_monsterinsights_skip_tracking":false,"_monsterinsights_sitenote_active":false,"_monsterinsights_sitenote_note":"","_monsterinsights_sitenote_category":0},"product_brand":[],"product_cat":[546,96],"product_tag":[],"class_list":{"0":"post-1087381","1":"product","2":"type-product","3":"status-publish","4":"has-post-thumbnail","6":"product_cat-deportes","7":"product_cat-esports","9":"first","10":"instock","11":"taxable","12":"shipping-taxable","13":"purchasable","14":"product-type-simple"},"acf":{"autor":"LLU\u00cdS CANUT PERMANYER","codart":"846643487","libros-coleccion":"","ediciones":"1","encuadernacion":"Carton\u00e9","fecha_de_publicacion":"01\/03\/2026","novedad":"1","paginas":"245","subtitulo":"50 ANYS DEL MILLOR PERIODISME ESPORTIU","orden":"0","portada":"0","idioma":"cat","booktrailer":"","resenas":"","editorial":[{"ID":6166,"post_author":"3","post_date":"2022-07-28 17:46:19","post_date_gmt":"2022-07-28 15:46:19","post_content":"","post_title":"Columna CAT","post_excerpt":"","post_status":"publish","comment_status":"closed","ping_status":"closed","post_password":"","post_name":"columna-cat","to_ping":"","pinged":"","post_modified":"2022-07-28 17:46:19","post_modified_gmt":"2022-07-28 15:46:19","post_content_filtered":"","post_parent":0,"guid":"http:\/\/dev.claret.cat\/editorial\/columna-cat\/","menu_order":0,"post_type":"editorial","post_mime_type":"","comment_count":"0","filter":"raw"}]},"aioseo_notices":[],"_links":{"self":[{"href":"https:\/\/www.claret.cat\/es\/wp-json\/wp\/v2\/product\/1087381","targetHints":{"allow":["GET"]}}],"collection":[{"href":"https:\/\/www.claret.cat\/es\/wp-json\/wp\/v2\/product"}],"about":[{"href":"https:\/\/www.claret.cat\/es\/wp-json\/wp\/v2\/types\/product"}],"wp:featuredmedia":[{"embeddable":true,"href":"https:\/\/www.claret.cat\/es\/wp-json\/wp\/v2\/media\/1087404"}],"wp:attachment":[{"href":"https:\/\/www.claret.cat\/es\/wp-json\/wp\/v2\/media?parent=1087381"}],"wp:term":[{"taxonomy":"product_brand","embeddable":true,"href":"https:\/\/www.claret.cat\/es\/wp-json\/wp\/v2\/product_brand?post=1087381"},{"taxonomy":"product_cat","embeddable":true,"href":"https:\/\/www.claret.cat\/es\/wp-json\/wp\/v2\/product_cat?post=1087381"},{"taxonomy":"product_tag","embeddable":true,"href":"https:\/\/www.claret.cat\/es\/wp-json\/wp\/v2\/product_tag?post=1087381"}],"curies":[{"name":"wp","href":"https:\/\/api.w.org\/{rel}","templated":true}]}}