{"id":1087387,"date":"2026-03-03T18:45:29","date_gmt":"2026-03-03T17:45:29","guid":{"rendered":"https:\/\/www.claret.cat\/llibre\/el-primer-any-9788410488823\/"},"modified":"2026-03-18T12:41:02","modified_gmt":"2026-03-18T11:41:02","slug":"el-primer-any-9788410488823","status":"publish","type":"product","link":"https:\/\/www.claret.cat\/es\/libro\/el-primer-any-9788410488823\/","title":{"rendered":"EL PRIMER ANY"},"content":{"rendered":"<p>Per qu\u00e8 l\u2019esperan\u00e7a s\u2019ha convertit en el b\u00e9 m\u00e9s preuat dels nostres dies? Per qu\u00e8 tenim fills?L&#8217;arribada d&#8217;un fill \u00e9s una porta oberta al futur, per\u00f2 tamb\u00e9, inevitablement, una mirada sobre el passat i tot de preguntes sobre el present. A El primer any Francesc Ser\u00e9s narra una transformaci\u00f3 personal que avan\u00e7a en paral\u00b7lel a viv\u00e8ncies que contenen els grans debats del nostre temps, per\u00f2 sobretot giren a l\u2019entorn d\u2019una pregunta que esdev\u00e9 troncal: per qu\u00e8 tenim fills? Decisions personals i dubtes \u00edntims conviuen amb reflexions sobre la paternitat, la identitat, l&#8217;amistat, la fam\u00edlia, per\u00f2 tamb\u00e9 la deriva d&#8217;Europa i del m\u00f3n. Des del naixement del fill fins al primer aniversari i en escenaris ben diversos, l\u2019autor i el lector provaran d\u2019entendre com s&#8221;obre pas la vida i com l&#8217;esperan\u00e7a s&#8217;ha convertit en el b\u00e9 m\u00e9s preuat del nostre temps.<\/p>\n","protected":false},"excerpt":{"rendered":"<p>FRANCESC SER\u00c9S<\/p>\n","protected":false},"featured_media":1087490,"template":"","meta":{"_acf_changed":false,"om_disable_all_campaigns":false,"rs_blank_template":"","rs_page_bg_color":"","slide_template_v7":"","inline_featured_image":false,"_monsterinsights_skip_tracking":false,"_monsterinsights_sitenote_active":false,"_monsterinsights_sitenote_note":"","_monsterinsights_sitenote_category":0},"product_brand":[],"product_cat":[90,540],"product_tag":[],"class_list":{"0":"post-1087387","1":"product","2":"type-product","3":"status-publish","4":"has-post-thumbnail","6":"product_cat-altres","7":"product_cat-otros","9":"first","10":"instock","11":"taxable","12":"shipping-taxable","13":"purchasable","14":"product-type-simple"},"acf":{"autor":"FRANCESC SER\u00c9S","codart":"841048882","libros-coleccion":"","ediciones":"1","encuadernacion":"Carton\u00e9","fecha_de_publicacion":"01\/03\/2026","novedad":"1","paginas":"199","subtitulo":"","orden":"0","portada":"0","idioma":"cat","booktrailer":"","resenas":"","editorial":[{"ID":6336,"post_author":"3","post_date":"2022-07-28 17:50:00","post_date_gmt":"2022-07-28 15:50:00","post_content":"","post_title":"Proa","post_excerpt":"","post_status":"publish","comment_status":"closed","ping_status":"closed","post_password":"","post_name":"proa","to_ping":"","pinged":"","post_modified":"2022-07-28 17:50:00","post_modified_gmt":"2022-07-28 15:50:00","post_content_filtered":"","post_parent":0,"guid":"http:\/\/dev.claret.cat\/editorial\/proa\/","menu_order":0,"post_type":"editorial","post_mime_type":"","comment_count":"0","filter":"raw"}]},"aioseo_notices":[],"_links":{"self":[{"href":"https:\/\/www.claret.cat\/es\/wp-json\/wp\/v2\/product\/1087387","targetHints":{"allow":["GET"]}}],"collection":[{"href":"https:\/\/www.claret.cat\/es\/wp-json\/wp\/v2\/product"}],"about":[{"href":"https:\/\/www.claret.cat\/es\/wp-json\/wp\/v2\/types\/product"}],"wp:featuredmedia":[{"embeddable":true,"href":"https:\/\/www.claret.cat\/es\/wp-json\/wp\/v2\/media\/1087490"}],"wp:attachment":[{"href":"https:\/\/www.claret.cat\/es\/wp-json\/wp\/v2\/media?parent=1087387"}],"wp:term":[{"taxonomy":"product_brand","embeddable":true,"href":"https:\/\/www.claret.cat\/es\/wp-json\/wp\/v2\/product_brand?post=1087387"},{"taxonomy":"product_cat","embeddable":true,"href":"https:\/\/www.claret.cat\/es\/wp-json\/wp\/v2\/product_cat?post=1087387"},{"taxonomy":"product_tag","embeddable":true,"href":"https:\/\/www.claret.cat\/es\/wp-json\/wp\/v2\/product_tag?post=1087387"}],"curies":[{"name":"wp","href":"https:\/\/api.w.org\/{rel}","templated":true}]}}