{"id":1087390,"date":"2026-03-03T18:45:42","date_gmt":"2026-03-03T17:45:42","guid":{"rendered":"https:\/\/www.claret.cat\/llibre\/animals-salvatges-llibre-popup-9791387782207\/"},"modified":"2026-03-03T18:55:09","modified_gmt":"2026-03-03T17:55:09","slug":"animals-salvatges-llibre-popup-9791387782207","status":"publish","type":"product","link":"https:\/\/www.claret.cat\/es\/libro\/animals-salvatges-llibre-popup-9791387782207\/","title":{"rendered":"ANIMALS SALVATGES. LLIBRE POP-UP"},"content":{"rendered":"<p>Un nova col\u00b7lecci\u00f3 de llibres pop-up on els animals i la natura cobren vida.Acompanya l\u2019intr\u00e8pid cuc de terra i descobreix els animals salvatges.<br \/> Hola! Soc un cuc de terra i m\u2019encanta explorar la natura. M\u2019acompanyes en aquesta aventura?<br \/> La natura cobra vida amb aquest divertit llibre pop-up! Deixa\u2019t sorprendre pels incre\u00efbles desplegables i apr\u00e8n un munt de coses sobre el m\u00f3n animal: sabies que els elefants no poden saltar? I que cada zebra t\u00e9 un patr\u00f3 \u00fanic de ratlles? Aquestes i moltes m\u00e9s curiositats t\u2019estan esperant. A m\u00e9s, un petit cuc de terra trapella juga a fet i amagar. Ser\u00e0s capa\u00e7 de trobar-lo a cada doble p\u00e0gina?<br \/> Aquest llibre compta amb il\u00b7lustracions desplegables, elements per buscar, curiositats i textos rimats que es poden fer servir com a endevinalles. Les diverses maneres de llegir el conte no nom\u00e9s ofereixen alternatives per adaptar-se a les necessitats de cada infant, sin\u00f3 que tamb\u00e9 fomenten la relectura, un h\u00e0bit essencial per al seu aprenentatge.<br \/> Un llibre sorprenent i elegant, ideal perqu\u00e8 els m\u00e9s petits de casa aprenguin a estimar el m\u00f3n que ens envolta. Ens acompanyes en aquest viatge?<br \/> A partir de 3 anys<br \/> T\u00edtols de la col\u00b7lecci\u00f3:<\/p>\n<p> Animals salvatges. Llibre pop-up<br \/> L\u2019oce\u00e0. Llibre pop-up<\/p>\n","protected":false},"excerpt":{"rendered":"<p>ANA\u00cfS CHAMBEL<\/p>\n","protected":false},"featured_media":1087391,"template":"","meta":{"_acf_changed":false,"om_disable_all_campaigns":false,"rs_blank_template":"","rs_page_bg_color":"","slide_template_v7":"","inline_featured_image":false,"_monsterinsights_skip_tracking":false,"_monsterinsights_sitenote_active":false,"_monsterinsights_sitenote_note":"","_monsterinsights_sitenote_category":0},"product_brand":[],"product_cat":[131,361],"product_tag":[],"class_list":{"0":"post-1087390","1":"product","2":"type-product","3":"status-publish","4":"has-post-thumbnail","6":"product_cat-contes-per-infants-0-6-anys","7":"product_cat-cuentos-para-ninos-0-6-anos","9":"first","10":"instock","11":"taxable","12":"shipping-taxable","13":"purchasable","14":"product-type-simple"},"acf":{"autor":"ANA\u00cfS CHAMBEL","codart":"138778220","libros-coleccion":"","ediciones":"1","encuadernacion":"Carton\u00e9","fecha_de_publicacion":"01\/03\/2026","novedad":"1","paginas":"12","subtitulo":"","orden":"0","portada":"0","idioma":"cat","booktrailer":"","resenas":"","editorial":[{"ID":6249,"post_author":"3","post_date":"2022-07-28 17:48:09","post_date_gmt":"2022-07-28 15:48:09","post_content":"","post_title":"Estrella Polar","post_excerpt":"","post_status":"publish","comment_status":"closed","ping_status":"closed","post_password":"","post_name":"estrella-polar","to_ping":"","pinged":"","post_modified":"2022-07-28 17:48:09","post_modified_gmt":"2022-07-28 15:48:09","post_content_filtered":"","post_parent":0,"guid":"http:\/\/dev.claret.cat\/editorial\/estrella-polar\/","menu_order":0,"post_type":"editorial","post_mime_type":"","comment_count":"0","filter":"raw"}]},"aioseo_notices":[],"_links":{"self":[{"href":"https:\/\/www.claret.cat\/es\/wp-json\/wp\/v2\/product\/1087390","targetHints":{"allow":["GET"]}}],"collection":[{"href":"https:\/\/www.claret.cat\/es\/wp-json\/wp\/v2\/product"}],"about":[{"href":"https:\/\/www.claret.cat\/es\/wp-json\/wp\/v2\/types\/product"}],"wp:featuredmedia":[{"embeddable":true,"href":"https:\/\/www.claret.cat\/es\/wp-json\/wp\/v2\/media\/1087391"}],"wp:attachment":[{"href":"https:\/\/www.claret.cat\/es\/wp-json\/wp\/v2\/media?parent=1087390"}],"wp:term":[{"taxonomy":"product_brand","embeddable":true,"href":"https:\/\/www.claret.cat\/es\/wp-json\/wp\/v2\/product_brand?post=1087390"},{"taxonomy":"product_cat","embeddable":true,"href":"https:\/\/www.claret.cat\/es\/wp-json\/wp\/v2\/product_cat?post=1087390"},{"taxonomy":"product_tag","embeddable":true,"href":"https:\/\/www.claret.cat\/es\/wp-json\/wp\/v2\/product_tag?post=1087390"}],"curies":[{"name":"wp","href":"https:\/\/api.w.org\/{rel}","templated":true}]}}