{"id":1087396,"date":"2026-03-03T18:50:29","date_gmt":"2026-03-03T17:50:29","guid":{"rendered":"https:\/\/www.claret.cat\/llibre\/el-cinque-fill-9788429782868\/"},"modified":"2026-03-04T12:10:24","modified_gmt":"2026-03-04T11:10:24","slug":"el-cinque-fill-9788429782868","status":"publish","type":"product","link":"https:\/\/www.claret.cat\/es\/libro\/el-cinque-fill-9788429782868\/","title":{"rendered":"EL CINQU\u00c8 FILL"},"content":{"rendered":"<p>Una novel\u00b7la revolucion\u00e0ria que destapa un tab\u00fa literari i social: l\u2019aversi\u00f3 que senten algunes mares envers els seus fills.\u00abSentint les rialles, els sons de la canalla que juga, la Harriet i en David es donen la m\u00e0 i somriuen, i respiren felicitat.\u00bb La vida de la jove parella \u00e9s una estampa gloriosa de la felicitat dom\u00e8stica i dels valors familiars\u00a0 tradicionals: quatre fills, una casa preciosa, l\u2019amor de la fam\u00edlia i els amics&#8230; Per\u00f2 quan neix la cinquena criatura, una ombra maligna i implacable es projecta sobre la seva vida id\u00edl\u00b7lica. El nad\u00f3 Ben \u00e9s gros, lleig, agressiu i estranyot, un d\u2019aquells que mossega fort el mugr\u00f3 de la mare \u00abple de fredor i d\u2019aversi\u00f3\u00bb. La Harriet s\u2019esfor\u00e7a per tenir cura del seu cinqu\u00e8 fill, per\u00f2 \u00e9s un repte desconegut que la desconcerta profundament i l\u2019aterreix, perqu\u00e8 no sap ben b\u00e9 qu\u00e8 ha portat al m\u00f3n.<\/p>\n","protected":false},"excerpt":{"rendered":"<p>DORIS LESSING<\/p>\n","protected":false},"featured_media":1087493,"template":"","meta":{"_acf_changed":false,"om_disable_all_campaigns":false,"rs_blank_template":"","rs_page_bg_color":"","slide_template_v7":"","inline_featured_image":false,"_monsterinsights_skip_tracking":false,"_monsterinsights_sitenote_active":false,"_monsterinsights_sitenote_note":"","_monsterinsights_sitenote_category":0},"product_brand":[],"product_cat":[127,357],"product_tag":[],"class_list":{"0":"post-1087396","1":"product","2":"type-product","3":"status-publish","4":"has-post-thumbnail","6":"product_cat-novella-contemporania","7":"product_cat-novela-contemporanea","9":"first","10":"instock","11":"taxable","12":"shipping-taxable","13":"purchasable","14":"product-type-simple"},"acf":{"autor":"DORIS LESSING","codart":"842978286","libros-coleccion":"","ediciones":"1","encuadernacion":"R\u00fastica","fecha_de_publicacion":"01\/03\/2026","novedad":"1","paginas":"167","subtitulo":"","orden":"0","portada":"0","idioma":"cat","booktrailer":"","resenas":"","editorial":[{"ID":6210,"post_author":"3","post_date":"2022-07-28 17:47:13","post_date_gmt":"2022-07-28 15:47:13","post_content":"","post_title":"Edicions 62","post_excerpt":"","post_status":"publish","comment_status":"closed","ping_status":"closed","post_password":"","post_name":"edicions-62","to_ping":"","pinged":"","post_modified":"2022-07-28 17:47:13","post_modified_gmt":"2022-07-28 15:47:13","post_content_filtered":"","post_parent":0,"guid":"http:\/\/dev.claret.cat\/editorial\/edicions-62\/","menu_order":0,"post_type":"editorial","post_mime_type":"","comment_count":"0","filter":"raw"}]},"aioseo_notices":[],"_links":{"self":[{"href":"https:\/\/www.claret.cat\/es\/wp-json\/wp\/v2\/product\/1087396","targetHints":{"allow":["GET"]}}],"collection":[{"href":"https:\/\/www.claret.cat\/es\/wp-json\/wp\/v2\/product"}],"about":[{"href":"https:\/\/www.claret.cat\/es\/wp-json\/wp\/v2\/types\/product"}],"wp:featuredmedia":[{"embeddable":true,"href":"https:\/\/www.claret.cat\/es\/wp-json\/wp\/v2\/media\/1087493"}],"wp:attachment":[{"href":"https:\/\/www.claret.cat\/es\/wp-json\/wp\/v2\/media?parent=1087396"}],"wp:term":[{"taxonomy":"product_brand","embeddable":true,"href":"https:\/\/www.claret.cat\/es\/wp-json\/wp\/v2\/product_brand?post=1087396"},{"taxonomy":"product_cat","embeddable":true,"href":"https:\/\/www.claret.cat\/es\/wp-json\/wp\/v2\/product_cat?post=1087396"},{"taxonomy":"product_tag","embeddable":true,"href":"https:\/\/www.claret.cat\/es\/wp-json\/wp\/v2\/product_tag?post=1087396"}],"curies":[{"name":"wp","href":"https:\/\/api.w.org\/{rel}","templated":true}]}}