{"id":1087399,"date":"2026-03-03T18:50:43","date_gmt":"2026-03-03T17:50:43","guid":{"rendered":"https:\/\/www.claret.cat\/llibre\/sang-de-drac-academia-bloodwing-1-edicio-limitada-amb-cantells-tintats-9788466434676\/"},"modified":"2026-03-03T18:55:43","modified_gmt":"2026-03-03T17:55:43","slug":"sang-de-drac-academia-bloodwing-1-edicio-limitada-amb-cantells-tintats-9788466434676","status":"publish","type":"product","link":"https:\/\/www.claret.cat\/es\/libro\/sang-de-drac-academia-bloodwing-1-edicio-limitada-amb-cantells-tintats-9788466434676\/","title":{"rendered":"SANG DE DRAC (ACAD\u00c8MIA BLOODWING 1) EDICI\u00d3 LIMITADA AMB CANTELLS TINTATS"},"content":{"rendered":"<p>L\u2019Acad\u00e8mia Bloodwing no \u00e9s una escola. \u00c9s un camp de batalla.\u00a0La s\u00e8rie del moment. Best-seller a The New York Times, USA Today i The Sunday Times.<br \/> No et perdis aquesta edici\u00f3 limitada!Edici\u00f3 en tapa dura amb cantells tintats, guardes amb acabats metal\u00b7litzats i mapa desplegable.<br \/> Em dic Medra. Sembla que soc l\u2019\u00faltim genet de drac, tot i que ja no queda cap drac. Els vampirs han decidit capturar-me per convertir-me en una pe\u00e7a m\u00e9s del seu pervers joc de poder. Estic atrapada a l\u2019Acad\u00e8mia Bloodwing, on els sangnobles ho controlen tot i els infortunats com jo som nom\u00e9s aliment per a ells, peons en el seu taulell de joc.<br \/> Bloodwing no \u00e9s una escola; \u00e9s un camp de batalla. I si ets d\u00e8bil, est\u00e0s mort. Em passo el dia lluitant per la meva vida a classe i tractant de desxifrar un secret en forma de drac que podria explicar qui soc. Sembla f\u00e0cil, oi?<br \/> I aix\u00f2 ni tan sols \u00e9s el pitjor. Hi ha en Blake Drakharrow, un sangnoble fred, arrogant i tan atractiu com perill\u00f3s. M\u2019ha fet la vida impossible des que ens vam con\u00e8ixer, i ara, per culpa d\u2019un antic ritual, estem promesos. Per\u00f2 no penso rendir-me a ell sense lluitar.<br \/> Creuen que em poden controlar. Creuen que em poden utilitzar. Per\u00f2 no tenen ni idea del que han despertat.<\/p>\n<p> Advertiment: inclou contingut sensible<\/p>\n","protected":false},"excerpt":{"rendered":"<p>BRIAR BOLEYN<\/p>\n","protected":false},"featured_media":1087400,"template":"","meta":{"_acf_changed":false,"om_disable_all_campaigns":false,"rs_blank_template":"","rs_page_bg_color":"","slide_template_v7":"","inline_featured_image":false,"_monsterinsights_skip_tracking":false,"_monsterinsights_sitenote_active":false,"_monsterinsights_sitenote_note":"","_monsterinsights_sitenote_category":0},"product_brand":[],"product_cat":[90,540],"product_tag":[],"class_list":{"0":"post-1087399","1":"product","2":"type-product","3":"status-publish","4":"has-post-thumbnail","6":"product_cat-altres","7":"product_cat-otros","9":"first","10":"instock","11":"taxable","12":"shipping-taxable","13":"purchasable","14":"product-type-simple"},"acf":{"autor":"BRIAR BOLEYN","codart":"846643467","libros-coleccion":"","ediciones":"1","encuadernacion":"Carton\u00e9","fecha_de_publicacion":"01\/03\/2026","novedad":"1","paginas":"692","subtitulo":"","orden":"0","portada":"0","idioma":"cat","booktrailer":"","resenas":"","editorial":[{"ID":6166,"post_author":"3","post_date":"2022-07-28 17:46:19","post_date_gmt":"2022-07-28 15:46:19","post_content":"","post_title":"Columna CAT","post_excerpt":"","post_status":"publish","comment_status":"closed","ping_status":"closed","post_password":"","post_name":"columna-cat","to_ping":"","pinged":"","post_modified":"2022-07-28 17:46:19","post_modified_gmt":"2022-07-28 15:46:19","post_content_filtered":"","post_parent":0,"guid":"http:\/\/dev.claret.cat\/editorial\/columna-cat\/","menu_order":0,"post_type":"editorial","post_mime_type":"","comment_count":"0","filter":"raw"}]},"aioseo_notices":[],"_links":{"self":[{"href":"https:\/\/www.claret.cat\/es\/wp-json\/wp\/v2\/product\/1087399","targetHints":{"allow":["GET"]}}],"collection":[{"href":"https:\/\/www.claret.cat\/es\/wp-json\/wp\/v2\/product"}],"about":[{"href":"https:\/\/www.claret.cat\/es\/wp-json\/wp\/v2\/types\/product"}],"wp:featuredmedia":[{"embeddable":true,"href":"https:\/\/www.claret.cat\/es\/wp-json\/wp\/v2\/media\/1087400"}],"wp:attachment":[{"href":"https:\/\/www.claret.cat\/es\/wp-json\/wp\/v2\/media?parent=1087399"}],"wp:term":[{"taxonomy":"product_brand","embeddable":true,"href":"https:\/\/www.claret.cat\/es\/wp-json\/wp\/v2\/product_brand?post=1087399"},{"taxonomy":"product_cat","embeddable":true,"href":"https:\/\/www.claret.cat\/es\/wp-json\/wp\/v2\/product_cat?post=1087399"},{"taxonomy":"product_tag","embeddable":true,"href":"https:\/\/www.claret.cat\/es\/wp-json\/wp\/v2\/product_tag?post=1087399"}],"curies":[{"name":"wp","href":"https:\/\/api.w.org\/{rel}","templated":true}]}}