{"id":1087419,"date":"2026-03-04T10:30:02","date_gmt":"2026-03-04T09:30:02","guid":{"rendered":"https:\/\/www.claret.cat\/llibre\/cosas-de-casa-9788408317166\/"},"modified":"2026-03-04T10:51:02","modified_gmt":"2026-03-04T09:51:02","slug":"cosas-de-casa-9788408317166","status":"publish","type":"product","link":"https:\/\/www.claret.cat\/es\/libro\/cosas-de-casa-9788408317166\/","title":{"rendered":"COSAS DE CASA"},"content":{"rendered":"<p>De las recetas al papel: el libro de las recetas de las \u00abCosas de casa\u00bb, de Jordi Roca.Jordi Roca se mete en tu casa \u00ad(sin avisar, claro) para revolverte los fogones, desmontarte las recetas de siempre y convertir tu cocina en el m\u00e1s divertido parque de atracciones gastron\u00f3mico.<br \/> Este no es un libro para cocinar \u00abcomo toca\u00bb. Es para practicar el desmadre controlado, para ensuciarte las manos, re\u00edrte de tus peque\u00f1as torpezas y descubrir que, con un poco de imaginaci\u00f3n y mucha cara dura, lo de casa puede ser espectacular.<br \/> Aqu\u00ed encontrar\u00e1s recetas que saben a nevera abierta sin permiso, a sobremesas que se alargan y a fiesta asegurada\u2026 pero pasadas por el filtro inconfundible de Jordi: un punto de locura, otro de ternura y un pu\u00f1ado muy generoso de creatividad sin normas. Pero para que nada falle, o sea a\u00fan mejor.<br \/> Prep\u00e1rate pues para caramelizar, mezclar, improvisar y flipar.<br \/> Porque la cocina es un juego. Y en casa se juega mejor.<\/p>\n<p> \u00abEl libro rompe con la idea de que cocinar bien implica solemnidad, tensi\u00f3n y perfecci\u00f3n constante proponiendo una cocina sin dogmas ni miedo al error, donde el disfrute pesa m\u00e1s que la trascendencia, y que no se presenta como exhibici\u00f3n t\u00e9cnica, sino como gesto afectivo. M\u00e1s que ense\u00f1ar a cocinar \u201ccorrectamente\u201d, Jordi Roca \u201cnos da permiso\u201d para improvisar, mezclar y equivocarnos.\u00bb Diario de Gastronom\u00eda<\/p>\n","protected":false},"excerpt":{"rendered":"<p>JORDI ROCA<\/p>\n","protected":false},"featured_media":1087420,"template":"","meta":{"_acf_changed":false,"om_disable_all_campaigns":false,"rs_blank_template":"","rs_page_bg_color":"","slide_template_v7":"","inline_featured_image":false,"_monsterinsights_skip_tracking":false,"_monsterinsights_sitenote_active":false,"_monsterinsights_sitenote_note":"","_monsterinsights_sitenote_category":0},"product_brand":[],"product_cat":[553,103],"product_tag":[],"class_list":{"0":"post-1087419","1":"product","2":"type-product","3":"status-publish","4":"has-post-thumbnail","6":"product_cat-cocina","7":"product_cat-cuina","9":"first","10":"instock","11":"taxable","12":"shipping-taxable","13":"purchasable","14":"product-type-simple"},"acf":{"autor":"JORDI ROCA","codart":"840831716","libros-coleccion":"","ediciones":"1","encuadernacion":"Carton\u00e9","fecha_de_publicacion":"01\/03\/2026","novedad":"1","paginas":"176","subtitulo":"RECETAS IMBATIBLES","orden":"0","portada":"0","idioma":"spa","booktrailer":"","resenas":"","editorial":[{"ID":6233,"post_author":"3","post_date":"2022-07-28 17:47:48","post_date_gmt":"2022-07-28 15:47:48","post_content":"","post_title":"EDITORIAL PLANETA","post_excerpt":"","post_status":"publish","comment_status":"closed","ping_status":"closed","post_password":"","post_name":"editorial-planeta","to_ping":"","pinged":"","post_modified":"2022-07-28 17:47:48","post_modified_gmt":"2022-07-28 15:47:48","post_content_filtered":"","post_parent":0,"guid":"http:\/\/dev.claret.cat\/editorial\/editorial-planeta\/","menu_order":0,"post_type":"editorial","post_mime_type":"","comment_count":"0","filter":"raw"}]},"aioseo_notices":[],"_links":{"self":[{"href":"https:\/\/www.claret.cat\/es\/wp-json\/wp\/v2\/product\/1087419","targetHints":{"allow":["GET"]}}],"collection":[{"href":"https:\/\/www.claret.cat\/es\/wp-json\/wp\/v2\/product"}],"about":[{"href":"https:\/\/www.claret.cat\/es\/wp-json\/wp\/v2\/types\/product"}],"wp:featuredmedia":[{"embeddable":true,"href":"https:\/\/www.claret.cat\/es\/wp-json\/wp\/v2\/media\/1087420"}],"wp:attachment":[{"href":"https:\/\/www.claret.cat\/es\/wp-json\/wp\/v2\/media?parent=1087419"}],"wp:term":[{"taxonomy":"product_brand","embeddable":true,"href":"https:\/\/www.claret.cat\/es\/wp-json\/wp\/v2\/product_brand?post=1087419"},{"taxonomy":"product_cat","embeddable":true,"href":"https:\/\/www.claret.cat\/es\/wp-json\/wp\/v2\/product_cat?post=1087419"},{"taxonomy":"product_tag","embeddable":true,"href":"https:\/\/www.claret.cat\/es\/wp-json\/wp\/v2\/product_tag?post=1087419"}],"curies":[{"name":"wp","href":"https:\/\/api.w.org\/{rel}","templated":true}]}}