{"id":1087422,"date":"2026-03-04T10:30:19","date_gmt":"2026-03-04T09:30:19","guid":{"rendered":"https:\/\/www.claret.cat\/llibre\/coses-de-casa-9788408317142\/"},"modified":"2026-03-04T10:50:57","modified_gmt":"2026-03-04T09:50:57","slug":"coses-de-casa-9788408317142","status":"publish","type":"product","link":"https:\/\/www.claret.cat\/es\/libro\/coses-de-casa-9788408317142\/","title":{"rendered":"COSES DE CASA"},"content":{"rendered":"<p>De les receptes al paper: el llibre de les receptes de les \u00abCoses de casa\u00bb, de Jordi Roca.Jordi Roca entra a casa teva (sense avisar, esclar) per regirar-te els fogons, desmuntar-te les receptes de sempre i convertir la teva cuina en el m\u00e9s divertit parc d\u2019atraccions gastron\u00f2mic.<br \/> Aix\u00f2 no \u00e9s un llibre per cuinar \u00abcom toca\u00bb. \u00c9s per practicar el desgavell controlat, per embrutar-te les mans, riure de les teves petites matusseries i descobrir que, amb una mica d\u2019imaginaci\u00f3 i molta cara, les coses de casa poden ser espectaculars.\u00a0<br \/> Aqu\u00ed hi trobar\u00e0s receptes amb gust de nevera oberta sense perm\u00eds, de sobretaules que s\u2019allarguen i de festa assegurada\u2026 per\u00f2 passades pel filtre inconfusible d\u2019en Jordi: un punt de bogeria, un altre de tendresa i un grapat molt gener\u00f3s de creativitat sense normes. Perqu\u00e8 res no falli\u2026 o sigui encara millor.<br \/> Prepara\u2019t, doncs, per caramel\u00b7litzar, barrejar, improvisar i flipar.<br \/> Perqu\u00e8 la cuina \u00e9s un joc. I a casa es juga millor.<\/p>\n","protected":false},"excerpt":{"rendered":"<p>JORDI ROCA<\/p>\n","protected":false},"featured_media":1087423,"template":"","meta":{"_acf_changed":false,"om_disable_all_campaigns":false,"rs_blank_template":"","rs_page_bg_color":"","slide_template_v7":"","inline_featured_image":false,"_monsterinsights_skip_tracking":false,"_monsterinsights_sitenote_active":false,"_monsterinsights_sitenote_note":"","_monsterinsights_sitenote_category":0},"product_brand":[],"product_cat":[553,103],"product_tag":[],"class_list":{"0":"post-1087422","1":"product","2":"type-product","3":"status-publish","4":"has-post-thumbnail","6":"product_cat-cocina","7":"product_cat-cuina","9":"first","10":"instock","11":"taxable","12":"shipping-taxable","13":"purchasable","14":"product-type-simple"},"acf":{"autor":"JORDI ROCA","codart":"840831714","libros-coleccion":"","ediciones":"1","encuadernacion":"Carton\u00e9","fecha_de_publicacion":"01\/03\/2026","novedad":"1","paginas":"176","subtitulo":"RECEPTES IMBATIBLES","orden":"0","portada":"0","idioma":"cat","booktrailer":"","resenas":"","editorial":[{"ID":6233,"post_author":"3","post_date":"2022-07-28 17:47:48","post_date_gmt":"2022-07-28 15:47:48","post_content":"","post_title":"EDITORIAL PLANETA","post_excerpt":"","post_status":"publish","comment_status":"closed","ping_status":"closed","post_password":"","post_name":"editorial-planeta","to_ping":"","pinged":"","post_modified":"2022-07-28 17:47:48","post_modified_gmt":"2022-07-28 15:47:48","post_content_filtered":"","post_parent":0,"guid":"http:\/\/dev.claret.cat\/editorial\/editorial-planeta\/","menu_order":0,"post_type":"editorial","post_mime_type":"","comment_count":"0","filter":"raw"}]},"aioseo_notices":[],"_links":{"self":[{"href":"https:\/\/www.claret.cat\/es\/wp-json\/wp\/v2\/product\/1087422","targetHints":{"allow":["GET"]}}],"collection":[{"href":"https:\/\/www.claret.cat\/es\/wp-json\/wp\/v2\/product"}],"about":[{"href":"https:\/\/www.claret.cat\/es\/wp-json\/wp\/v2\/types\/product"}],"wp:featuredmedia":[{"embeddable":true,"href":"https:\/\/www.claret.cat\/es\/wp-json\/wp\/v2\/media\/1087423"}],"wp:attachment":[{"href":"https:\/\/www.claret.cat\/es\/wp-json\/wp\/v2\/media?parent=1087422"}],"wp:term":[{"taxonomy":"product_brand","embeddable":true,"href":"https:\/\/www.claret.cat\/es\/wp-json\/wp\/v2\/product_brand?post=1087422"},{"taxonomy":"product_cat","embeddable":true,"href":"https:\/\/www.claret.cat\/es\/wp-json\/wp\/v2\/product_cat?post=1087422"},{"taxonomy":"product_tag","embeddable":true,"href":"https:\/\/www.claret.cat\/es\/wp-json\/wp\/v2\/product_tag?post=1087422"}],"curies":[{"name":"wp","href":"https:\/\/api.w.org\/{rel}","templated":true}]}}