{"id":1087425,"date":"2026-03-04T10:30:32","date_gmt":"2026-03-04T09:30:32","guid":{"rendered":"https:\/\/www.claret.cat\/llibre\/mis-heroes-policia-9788408311997\/"},"modified":"2026-03-04T10:50:33","modified_gmt":"2026-03-04T09:50:33","slug":"mis-heroes-policia-9788408311997","status":"publish","type":"product","link":"https:\/\/www.claret.cat\/es\/libro\/mis-heroes-policia-9788408311997\/","title":{"rendered":"MIS H\u00c9ROES. POLIC\u00cdA"},"content":{"rendered":"<p>De mayor quiero ser\u2026 \u00a1POLIC\u00cdA!Los superh\u00e9roes no solo aparecen en las pel\u00edculas. Existen de verdad y trabajan duro para mejorar la vida de las personas. \u00bfLos conoces? Descubre c\u00f3mo es un d\u00eda en la vida de un polic\u00eda en este divertido cuento. \u00bfQu\u00e9 ropa usa? \u00bfCon qu\u00e9 veh\u00edculo se mueve? \u00bfEn qu\u00e9 consiste su trabajo?<br \/> Cada p\u00e1gina doble incluye una tierna escena de polic\u00edas en acci\u00f3n y un mont\u00f3n de vocabulario para aprender.<br \/> Una colecci\u00f3n de libros troquelados con la que los m\u00e1s peque\u00f1os podr\u00e1n familiarizarse con distintas profesiones y elementos del entorno urbano.<br \/> T\u00edtulos de la colecci\u00f3n Mis h\u00e9roes:<\/p>\n<p> Mis h\u00e9roes. Veterinario<br \/> Mis h\u00e9roes. Doctora<br \/> Mis h\u00e9roes. Polic\u00eda<br \/> Mis h\u00e9roes. Bombera<\/p>\n","protected":false},"excerpt":{"rendered":"<p>YOYO<\/p>\n","protected":false},"featured_media":1087426,"template":"","meta":{"_acf_changed":false,"om_disable_all_campaigns":false,"rs_blank_template":"","rs_page_bg_color":"","slide_template_v7":"","inline_featured_image":false,"_monsterinsights_skip_tracking":false,"_monsterinsights_sitenote_active":false,"_monsterinsights_sitenote_note":"","_monsterinsights_sitenote_category":0},"product_brand":[],"product_cat":[131,361],"product_tag":[],"class_list":{"0":"post-1087425","1":"product","2":"type-product","3":"status-publish","4":"has-post-thumbnail","6":"product_cat-contes-per-infants-0-6-anys","7":"product_cat-cuentos-para-ninos-0-6-anos","9":"first","10":"instock","11":"taxable","12":"shipping-taxable","13":"purchasable","14":"product-type-simple"},"acf":{"autor":"YOYO","codart":"840831199","libros-coleccion":"","ediciones":"1","encuadernacion":"Carpeta","fecha_de_publicacion":"01\/03\/2026","novedad":"1","paginas":"10","subtitulo":"","orden":"0","portada":"0","idioma":"spa","booktrailer":"","resenas":"","editorial":[{"ID":6233,"post_author":"3","post_date":"2022-07-28 17:47:48","post_date_gmt":"2022-07-28 15:47:48","post_content":"","post_title":"EDITORIAL PLANETA","post_excerpt":"","post_status":"publish","comment_status":"closed","ping_status":"closed","post_password":"","post_name":"editorial-planeta","to_ping":"","pinged":"","post_modified":"2022-07-28 17:47:48","post_modified_gmt":"2022-07-28 15:47:48","post_content_filtered":"","post_parent":0,"guid":"http:\/\/dev.claret.cat\/editorial\/editorial-planeta\/","menu_order":0,"post_type":"editorial","post_mime_type":"","comment_count":"0","filter":"raw"}]},"aioseo_notices":[],"_links":{"self":[{"href":"https:\/\/www.claret.cat\/es\/wp-json\/wp\/v2\/product\/1087425","targetHints":{"allow":["GET"]}}],"collection":[{"href":"https:\/\/www.claret.cat\/es\/wp-json\/wp\/v2\/product"}],"about":[{"href":"https:\/\/www.claret.cat\/es\/wp-json\/wp\/v2\/types\/product"}],"wp:featuredmedia":[{"embeddable":true,"href":"https:\/\/www.claret.cat\/es\/wp-json\/wp\/v2\/media\/1087426"}],"wp:attachment":[{"href":"https:\/\/www.claret.cat\/es\/wp-json\/wp\/v2\/media?parent=1087425"}],"wp:term":[{"taxonomy":"product_brand","embeddable":true,"href":"https:\/\/www.claret.cat\/es\/wp-json\/wp\/v2\/product_brand?post=1087425"},{"taxonomy":"product_cat","embeddable":true,"href":"https:\/\/www.claret.cat\/es\/wp-json\/wp\/v2\/product_cat?post=1087425"},{"taxonomy":"product_tag","embeddable":true,"href":"https:\/\/www.claret.cat\/es\/wp-json\/wp\/v2\/product_tag?post=1087425"}],"curies":[{"name":"wp","href":"https:\/\/api.w.org\/{rel}","templated":true}]}}