{"id":1087437,"date":"2026-03-04T10:35:02","date_gmt":"2026-03-04T09:35:02","guid":{"rendered":"https:\/\/www.claret.cat\/llibre\/mi-papa-libro-de-carton-en-forma-de-corazon-9788408294108\/"},"modified":"2026-03-18T10:10:07","modified_gmt":"2026-03-18T09:10:07","slug":"mi-papa-libro-de-carton-en-forma-de-corazon-9788408294108","status":"publish","type":"product","link":"https:\/\/www.claret.cat\/es\/libro\/mi-papa-libro-de-carton-en-forma-de-corazon-9788408294108\/","title":{"rendered":"MI PAP\u00c1. LIBRO DE CART\u00d3N EN FORMA DE CORAZ\u00d3N"},"content":{"rendered":"<p>Un libro supertierno en forma de coraz\u00f3n para todos los padres del mundo.Nuestros padres nos miman, nos abrazan, nos ense\u00f1an a vivir, nos hacen re\u00edr y nos hacen sentir \u00fanicos y especiales. Este libro de cart\u00f3n se convierte en un regalo perfecto para expresar este amor tan especial que vincula a un padre y a su criatura.<br \/> Con una historia rimada, a trav\u00e9s de los animalitos, los beb\u00e9s se ver\u00e1n reflejados en sus acciones: abrazarse, jugar, aprender\u2026 siempre acompa\u00f1ados de sus pap\u00e1s, que les observan crecer.<br \/> Adem\u00e1s, con su forma de coraz\u00f3n \u00a1el mensaje del libro queda m\u00e1s claro que nunca! Representa la entrega del amor incondicional a nuestros peques:<br \/> Mi pap\u00e1 me abraza con tanto amor que desparece cualquier temor.<br \/> \u00c9l me ayuda cuando algo me sale mal. Sin duda es un maestro sensacional.<br \/> Mi pap\u00e1 juega conmigo como si \u00e9l fuera un chiquillo. Nos entendemos al dedillo.<br \/> Los cuentos que me lee son apasionantes. Con \u00e9l descubro lugares alucinantes.<br \/> Mi coraz\u00f3n y el de pap\u00e1 laten al comp\u00e1s. \u00a1No lo puedo querer m\u00e1s!<br \/> Un libro con un formato diferente, con decoraciones brillantes estampadas en cada p\u00e1gina, ilustraciones coloridas y tiernas, y un mensaje muy claro para que nuestros peque\u00f1os se sientan muy queridos y cuidados.<br \/> Recomendado a partir de 2 a\u00f1os.<\/p>\n","protected":false},"excerpt":{"rendered":"<p>GINA SAMBA<\/p>\n","protected":false},"featured_media":1087438,"template":"","meta":{"_acf_changed":false,"om_disable_all_campaigns":false,"rs_blank_template":"","rs_page_bg_color":"","slide_template_v7":"","inline_featured_image":false,"_monsterinsights_skip_tracking":false,"_monsterinsights_sitenote_active":false,"_monsterinsights_sitenote_note":"","_monsterinsights_sitenote_category":0},"product_brand":[],"product_cat":[131,361],"product_tag":[],"class_list":{"0":"post-1087437","1":"product","2":"type-product","3":"status-publish","4":"has-post-thumbnail","6":"product_cat-contes-per-infants-0-6-anys","7":"product_cat-cuentos-para-ninos-0-6-anos","9":"first","10":"instock","11":"taxable","12":"shipping-taxable","13":"purchasable","14":"product-type-simple"},"acf":{"autor":"GINA SAMBA","codart":"840829410","libros-coleccion":"FORA DE COL.LECCI\u00d3","ediciones":"1","encuadernacion":"Carpeta","fecha_de_publicacion":"01\/03\/2026","novedad":"1","paginas":"10","subtitulo":"","orden":"0","portada":"0","idioma":"spa","booktrailer":"","resenas":"","editorial":[{"ID":6233,"post_author":"3","post_date":"2022-07-28 17:47:48","post_date_gmt":"2022-07-28 15:47:48","post_content":"","post_title":"EDITORIAL PLANETA","post_excerpt":"","post_status":"publish","comment_status":"closed","ping_status":"closed","post_password":"","post_name":"editorial-planeta","to_ping":"","pinged":"","post_modified":"2022-07-28 17:47:48","post_modified_gmt":"2022-07-28 15:47:48","post_content_filtered":"","post_parent":0,"guid":"http:\/\/dev.claret.cat\/editorial\/editorial-planeta\/","menu_order":0,"post_type":"editorial","post_mime_type":"","comment_count":"0","filter":"raw"}]},"aioseo_notices":[],"_links":{"self":[{"href":"https:\/\/www.claret.cat\/es\/wp-json\/wp\/v2\/product\/1087437","targetHints":{"allow":["GET"]}}],"collection":[{"href":"https:\/\/www.claret.cat\/es\/wp-json\/wp\/v2\/product"}],"about":[{"href":"https:\/\/www.claret.cat\/es\/wp-json\/wp\/v2\/types\/product"}],"wp:featuredmedia":[{"embeddable":true,"href":"https:\/\/www.claret.cat\/es\/wp-json\/wp\/v2\/media\/1087438"}],"wp:attachment":[{"href":"https:\/\/www.claret.cat\/es\/wp-json\/wp\/v2\/media?parent=1087437"}],"wp:term":[{"taxonomy":"product_brand","embeddable":true,"href":"https:\/\/www.claret.cat\/es\/wp-json\/wp\/v2\/product_brand?post=1087437"},{"taxonomy":"product_cat","embeddable":true,"href":"https:\/\/www.claret.cat\/es\/wp-json\/wp\/v2\/product_cat?post=1087437"},{"taxonomy":"product_tag","embeddable":true,"href":"https:\/\/www.claret.cat\/es\/wp-json\/wp\/v2\/product_tag?post=1087437"}],"curies":[{"name":"wp","href":"https:\/\/api.w.org\/{rel}","templated":true}]}}