{"id":1087440,"date":"2026-03-04T10:35:17","date_gmt":"2026-03-04T09:35:17","guid":{"rendered":"https:\/\/www.claret.cat\/llibre\/detectograms-el-loro-que-sabia-demasiado-9788408316091\/"},"modified":"2026-03-04T10:50:42","modified_gmt":"2026-03-04T09:50:42","slug":"detectograms-el-loro-que-sabia-demasiado-9788408316091","status":"publish","type":"product","link":"https:\/\/www.claret.cat\/es\/libro\/detectograms-el-loro-que-sabia-demasiado-9788408316091\/","title":{"rendered":"DETECTOGRAMS: EL LORO QUE SAB\u00cdA DEMASIADO"},"content":{"rendered":"<p>UNA APASIONANTE MEZCLA DE NARRATIVA Y PUZLE<br \/> Un libro ideal para los fans de la intriga y para j\u00f3venes superdetectives expertos en descifrar c\u00f3digos.<br \/> Combina una emocionante historia de misterio con minicap\u00edtulos con acertijos que el lector debe resolver a medida que aumenta el suspense.<br \/> La inspectora de polic\u00eda Cross y sus agentes han sido llamados para un caso misterioso. Han localizado a una famosa banda de ladrones en un almac\u00e9n, pero han llegado demasiado tarde. La banda se ha escapado a toda velocidad con lingotes de oro robados.<br \/> Lo \u00fanico que han dejado atr\u00e1s son unos pocos trozos de papel y un loro muy ruidoso que parece estar graznando pistas cr\u00edpticas sobre el paradero de los ladrones.<br \/> Esta emocionante aventura de resoluci\u00f3n de cr\u00edmenes contiene 46 enigmas, incluyendo laberintos, desaf\u00edos de l\u00f3gica y juegos de las diferencias. \u00bfPuedes ayudar a la inspectora Cross y a sus agentes a resolver el caso solucionando todos los Detectograms\u00ae?<br \/> Recomendado a partir de 9 a\u00f1os.<\/p>\n","protected":false},"excerpt":{"rendered":"<p>TIM COLLINS<\/p>\n","protected":false},"featured_media":1087441,"template":"","meta":{"_acf_changed":false,"om_disable_all_campaigns":false,"rs_blank_template":"","rs_page_bg_color":"","slide_template_v7":"","inline_featured_image":false,"_monsterinsights_skip_tracking":false,"_monsterinsights_sitenote_active":false,"_monsterinsights_sitenote_note":"","_monsterinsights_sitenote_category":0},"product_brand":[],"product_cat":[132,362],"product_tag":[],"class_list":{"0":"post-1087440","1":"product","2":"type-product","3":"status-publish","4":"has-post-thumbnail","6":"product_cat-lectures-per-preadolescents-6-12-anys","7":"product_cat-libros-preadolescentes-6-12-anos","9":"first","10":"instock","11":"taxable","12":"shipping-taxable","13":"purchasable","14":"product-type-simple"},"acf":{"autor":"TIM COLLINS","codart":"840831609","libros-coleccion":"","ediciones":"1","encuadernacion":"R\u00fastica","fecha_de_publicacion":"01\/03\/2026","novedad":"1","paginas":"224","subtitulo":"M\u00c1S DE 45 ENIGMAS PARA RESOLVER EL MISTERIO","orden":"0","portada":"0","idioma":"spa","booktrailer":"","resenas":"","editorial":[{"ID":6233,"post_author":"3","post_date":"2022-07-28 17:47:48","post_date_gmt":"2022-07-28 15:47:48","post_content":"","post_title":"EDITORIAL PLANETA","post_excerpt":"","post_status":"publish","comment_status":"closed","ping_status":"closed","post_password":"","post_name":"editorial-planeta","to_ping":"","pinged":"","post_modified":"2022-07-28 17:47:48","post_modified_gmt":"2022-07-28 15:47:48","post_content_filtered":"","post_parent":0,"guid":"http:\/\/dev.claret.cat\/editorial\/editorial-planeta\/","menu_order":0,"post_type":"editorial","post_mime_type":"","comment_count":"0","filter":"raw"}]},"aioseo_notices":[],"_links":{"self":[{"href":"https:\/\/www.claret.cat\/es\/wp-json\/wp\/v2\/product\/1087440","targetHints":{"allow":["GET"]}}],"collection":[{"href":"https:\/\/www.claret.cat\/es\/wp-json\/wp\/v2\/product"}],"about":[{"href":"https:\/\/www.claret.cat\/es\/wp-json\/wp\/v2\/types\/product"}],"wp:featuredmedia":[{"embeddable":true,"href":"https:\/\/www.claret.cat\/es\/wp-json\/wp\/v2\/media\/1087441"}],"wp:attachment":[{"href":"https:\/\/www.claret.cat\/es\/wp-json\/wp\/v2\/media?parent=1087440"}],"wp:term":[{"taxonomy":"product_brand","embeddable":true,"href":"https:\/\/www.claret.cat\/es\/wp-json\/wp\/v2\/product_brand?post=1087440"},{"taxonomy":"product_cat","embeddable":true,"href":"https:\/\/www.claret.cat\/es\/wp-json\/wp\/v2\/product_cat?post=1087440"},{"taxonomy":"product_tag","embeddable":true,"href":"https:\/\/www.claret.cat\/es\/wp-json\/wp\/v2\/product_tag?post=1087440"}],"curies":[{"name":"wp","href":"https:\/\/api.w.org\/{rel}","templated":true}]}}