{"id":1087443,"date":"2026-03-04T10:35:37","date_gmt":"2026-03-04T09:35:37","guid":{"rendered":"https:\/\/www.claret.cat\/llibre\/animales-salvajes-libro-popup-9788408307198\/"},"modified":"2026-03-04T10:50:19","modified_gmt":"2026-03-04T09:50:19","slug":"animales-salvajes-libro-popup-9788408307198","status":"publish","type":"product","link":"https:\/\/www.claret.cat\/es\/libro\/animales-salvajes-libro-popup-9788408307198\/","title":{"rendered":"ANIMALES SALVAJES. LIBRO POP-UP"},"content":{"rendered":"<p>Una nueva colecci\u00f3n de libros pop-up d\u00f3nde los animales y la naturaleza cobran vida.Acompa\u00f1a a la intr\u00e9pida lombriz y descubre a los animales salvajes.<br \/> \u00a1La naturaleza cobra vida con este divertido libro pop-up! D\u00e9jate sorprender por los incre\u00edbles desplegables y aprende un mont\u00f3n de cosas sobre el mundo animal: \u00bfsab\u00edas que los elefantes no pueden saltar? \u00bfY que cada cebra tiene un patr\u00f3n \u00fanico de rayas? Estas y muchas m\u00e1s curiosidades te est\u00e1n esperando. Adem\u00e1s, una peque\u00f1a lombriz traviesa juega al escondite. \u00bfSer\u00e1s capaz de encontrarla en cada doble p\u00e1gina?<br \/> Este libro cuenta con ilustraciones desplegables, elementos para buscar, curiosidades y textos rimados que se pueden utilizar como adivinanzas. Las diversas formas de leer el cuento no s\u00f3lo ofrecen alternativas para adaptarse a las necesidades de cada ni\u00f1o, sino que tambi\u00e9n fomentan la relectura, un h\u00e1bito esencial para su aprendizaje.<br \/> Un libro sorprendente y elegante, ideal para que los m\u00e1s peque\u00f1os de casa aprendan a amar el mundo que les rodea. \u00bfNos acompa\u00f1as en este viaje?<br \/> A partir de 3 a\u00f1os<br \/> T\u00edtulos de la colecci\u00f3n:<\/p>\n<p> Animales salvajes. Libro pop-up<br \/> El oc\u00e9ano. Libro pop-up<\/p>\n","protected":false},"excerpt":{"rendered":"<p>ANA\u00cfS CHAMBEL<\/p>\n","protected":false},"featured_media":1087444,"template":"","meta":{"_acf_changed":false,"om_disable_all_campaigns":false,"rs_blank_template":"","rs_page_bg_color":"","slide_template_v7":"","inline_featured_image":false,"_monsterinsights_skip_tracking":false,"_monsterinsights_sitenote_active":false,"_monsterinsights_sitenote_note":"","_monsterinsights_sitenote_category":0},"product_brand":[],"product_cat":[131,361],"product_tag":[],"class_list":{"0":"post-1087443","1":"product","2":"type-product","3":"status-publish","4":"has-post-thumbnail","6":"product_cat-contes-per-infants-0-6-anys","7":"product_cat-cuentos-para-ninos-0-6-anos","9":"first","10":"instock","11":"taxable","12":"shipping-taxable","13":"purchasable","14":"product-type-simple"},"acf":{"autor":"ANA\u00cfS CHAMBEL","codart":"840830719","libros-coleccion":"","ediciones":"1","encuadernacion":"Carton\u00e9","fecha_de_publicacion":"01\/03\/2026","novedad":"1","paginas":"12","subtitulo":"","orden":"0","portada":"0","idioma":"spa","booktrailer":"","resenas":"","editorial":[{"ID":6233,"post_author":"3","post_date":"2022-07-28 17:47:48","post_date_gmt":"2022-07-28 15:47:48","post_content":"","post_title":"EDITORIAL PLANETA","post_excerpt":"","post_status":"publish","comment_status":"closed","ping_status":"closed","post_password":"","post_name":"editorial-planeta","to_ping":"","pinged":"","post_modified":"2022-07-28 17:47:48","post_modified_gmt":"2022-07-28 15:47:48","post_content_filtered":"","post_parent":0,"guid":"http:\/\/dev.claret.cat\/editorial\/editorial-planeta\/","menu_order":0,"post_type":"editorial","post_mime_type":"","comment_count":"0","filter":"raw"}]},"aioseo_notices":[],"_links":{"self":[{"href":"https:\/\/www.claret.cat\/es\/wp-json\/wp\/v2\/product\/1087443","targetHints":{"allow":["GET"]}}],"collection":[{"href":"https:\/\/www.claret.cat\/es\/wp-json\/wp\/v2\/product"}],"about":[{"href":"https:\/\/www.claret.cat\/es\/wp-json\/wp\/v2\/types\/product"}],"wp:featuredmedia":[{"embeddable":true,"href":"https:\/\/www.claret.cat\/es\/wp-json\/wp\/v2\/media\/1087444"}],"wp:attachment":[{"href":"https:\/\/www.claret.cat\/es\/wp-json\/wp\/v2\/media?parent=1087443"}],"wp:term":[{"taxonomy":"product_brand","embeddable":true,"href":"https:\/\/www.claret.cat\/es\/wp-json\/wp\/v2\/product_brand?post=1087443"},{"taxonomy":"product_cat","embeddable":true,"href":"https:\/\/www.claret.cat\/es\/wp-json\/wp\/v2\/product_cat?post=1087443"},{"taxonomy":"product_tag","embeddable":true,"href":"https:\/\/www.claret.cat\/es\/wp-json\/wp\/v2\/product_tag?post=1087443"}],"curies":[{"name":"wp","href":"https:\/\/api.w.org\/{rel}","templated":true}]}}