{"id":1087446,"date":"2026-03-04T10:35:51","date_gmt":"2026-03-04T09:35:51","guid":{"rendered":"https:\/\/www.claret.cat\/llibre\/el-oceano-libro-popup-9788408307181\/"},"modified":"2026-03-04T10:50:14","modified_gmt":"2026-03-04T09:50:14","slug":"el-oceano-libro-popup-9788408307181","status":"publish","type":"product","link":"https:\/\/www.claret.cat\/es\/libro\/el-oceano-libro-popup-9788408307181\/","title":{"rendered":"EL OC\u00c9ANO. LIBRO POP-UP"},"content":{"rendered":"<p>Una nueva colecci\u00f3n de libros pop-up d\u00f3nde los animales y la naturaleza cobran vida.Acompa\u00f1a al intr\u00e9pido cangrejo y descubre a los animales del oc\u00e9ano.<br \/> \u00a1Hola! Soy un cangrejo y vivo en la orilla. Explorar el mar es siempre una maravilla.<br \/> \u00a1La naturaleza cobra vida con este divertido libro pop-up! D\u00e9jate sorprender por los incre\u00edbles desplegables y aprende un mont\u00f3n de cosas sobre el mundo animal: \u00bfsab\u00edas que los peces globos son venenosos? \u00bfY que los pulpos pueden cambiar de color? Estas y muchas m\u00e1s curiosidades te est\u00e1n esperando. Adem\u00e1s, un peque\u00f1o cangrejo travieso juega al escondite. \u00bfSer\u00e1s capaz de encontrarlo en cada p\u00e1gina doble?<br \/> Este libro cuenta con ilustraciones desplegables, elementos para buscar, curiosidades y textos rimados que se pueden utilizar como adivinanzas. Las diversas formas de leer el cuento, no s\u00f3lo ofrecen alternativas para adaptarse a las necesidades de cada ni\u00f1o, sino que tambi\u00e9n fomentan la relectura, un h\u00e1bito esencial para su aprendizaje.<br \/> Un libro sorprendente y elegante, ideal para que los m\u00e1s peque\u00f1os de casa aprendan a amar el mundo que les rodea. \u00bfNos acompa\u00f1as en este viaje?<br \/> A partir de 3 a\u00f1os<br \/> T\u00edtulos de la colecci\u00f3n:<\/p>\n<p> Animales salvajes. Libro pop-up<br \/> El oc\u00e9ano. Libro pop-up<\/p>\n","protected":false},"excerpt":{"rendered":"<p>ANA\u00cfS CHAMBEL<\/p>\n","protected":false},"featured_media":1087447,"template":"","meta":{"_acf_changed":false,"om_disable_all_campaigns":false,"rs_blank_template":"","rs_page_bg_color":"","slide_template_v7":"","inline_featured_image":false,"_monsterinsights_skip_tracking":false,"_monsterinsights_sitenote_active":false,"_monsterinsights_sitenote_note":"","_monsterinsights_sitenote_category":0},"product_brand":[],"product_cat":[131,361],"product_tag":[],"class_list":{"0":"post-1087446","1":"product","2":"type-product","3":"status-publish","4":"has-post-thumbnail","6":"product_cat-contes-per-infants-0-6-anys","7":"product_cat-cuentos-para-ninos-0-6-anos","9":"first","10":"instock","11":"taxable","12":"shipping-taxable","13":"purchasable","14":"product-type-simple"},"acf":{"autor":"ANA\u00cfS CHAMBEL","codart":"840830718","libros-coleccion":"","ediciones":"1","encuadernacion":"Carton\u00e9","fecha_de_publicacion":"01\/03\/2026","novedad":"1","paginas":"12","subtitulo":"","orden":"0","portada":"0","idioma":"spa","booktrailer":"","resenas":"","editorial":[{"ID":6233,"post_author":"3","post_date":"2022-07-28 17:47:48","post_date_gmt":"2022-07-28 15:47:48","post_content":"","post_title":"EDITORIAL PLANETA","post_excerpt":"","post_status":"publish","comment_status":"closed","ping_status":"closed","post_password":"","post_name":"editorial-planeta","to_ping":"","pinged":"","post_modified":"2022-07-28 17:47:48","post_modified_gmt":"2022-07-28 15:47:48","post_content_filtered":"","post_parent":0,"guid":"http:\/\/dev.claret.cat\/editorial\/editorial-planeta\/","menu_order":0,"post_type":"editorial","post_mime_type":"","comment_count":"0","filter":"raw"}]},"aioseo_notices":[],"_links":{"self":[{"href":"https:\/\/www.claret.cat\/es\/wp-json\/wp\/v2\/product\/1087446","targetHints":{"allow":["GET"]}}],"collection":[{"href":"https:\/\/www.claret.cat\/es\/wp-json\/wp\/v2\/product"}],"about":[{"href":"https:\/\/www.claret.cat\/es\/wp-json\/wp\/v2\/types\/product"}],"wp:featuredmedia":[{"embeddable":true,"href":"https:\/\/www.claret.cat\/es\/wp-json\/wp\/v2\/media\/1087447"}],"wp:attachment":[{"href":"https:\/\/www.claret.cat\/es\/wp-json\/wp\/v2\/media?parent=1087446"}],"wp:term":[{"taxonomy":"product_brand","embeddable":true,"href":"https:\/\/www.claret.cat\/es\/wp-json\/wp\/v2\/product_brand?post=1087446"},{"taxonomy":"product_cat","embeddable":true,"href":"https:\/\/www.claret.cat\/es\/wp-json\/wp\/v2\/product_cat?post=1087446"},{"taxonomy":"product_tag","embeddable":true,"href":"https:\/\/www.claret.cat\/es\/wp-json\/wp\/v2\/product_tag?post=1087446"}],"curies":[{"name":"wp","href":"https:\/\/api.w.org\/{rel}","templated":true}]}}