{"id":1087449,"date":"2026-03-04T10:36:04","date_gmt":"2026-03-04T09:36:04","guid":{"rendered":"https:\/\/www.claret.cat\/llibre\/progreso-9788491998563\/"},"modified":"2026-03-04T10:51:30","modified_gmt":"2026-03-04T09:51:30","slug":"progreso-9788491998563","status":"publish","type":"product","link":"https:\/\/www.claret.cat\/es\/libro\/progreso-9788491998563\/","title":{"rendered":"PROGRESO"},"content":{"rendered":"<p>Una obra que invita a repensar la historia, el futuro y la propia idea de humanidad.<br \/> Durante siglos, en nombre del progreso hemos arrasado ciudades, allanado monta\u00f1as y cartografiado el planeta. Hemos cre\u00eddo que avanzar significaba dominar la naturaleza, aumentar la producci\u00f3n, conquistar nuevos territorios y acumular conocimiento. Sin embargo, esa narrativa de mejora infinita ha sido tambi\u00e9n la m\u00e1s destructiva: ha justificado genocidios, esclavitudes, conquistas y ecocidios. La fe casi religiosa en el progreso ha puesto en peligro la continuidad de nuestra civilizaci\u00f3n.<br \/> En este ensayo ambicioso y provocador, el ge\u00f3grafo Samuel Miller McDonald reconstruye la genealog\u00eda del mito del progreso para mostrar c\u00f3mo se convirti\u00f3 en la ideolog\u00eda dominante de la modernidad. Explora sus ra\u00edces en la antig\u00fcedad, su expansi\u00f3n en la Ilustraci\u00f3n y su culminaci\u00f3n en la era industrial y digital, cuando la promesa de crecimiento ilimitado se transform\u00f3 en dogma.<br \/> Progreso combina historia intelectual, filosof\u00eda, antropolog\u00eda y ecolog\u00eda pol\u00edtica a la vez que proclama la necesidad urgente de imaginar otros horizontes posibles. Frente a la fe ciega en la innovaci\u00f3n tecnol\u00f3gica y el crecimiento econ\u00f3mico, si la humanidad quiere tener alguna posibilidad de futuro, debemos romper con la idea del progreso. Este libro nos muestra por d\u00f3nde empezar.<\/p>\n","protected":false},"excerpt":{"rendered":"<p>SAMUEL MILLER MCDONALD<\/p>\n","protected":false},"featured_media":1087450,"template":"","meta":{"_acf_changed":false,"om_disable_all_campaigns":false,"rs_blank_template":"","rs_page_bg_color":"","slide_template_v7":"","inline_featured_image":false,"_monsterinsights_skip_tracking":false,"_monsterinsights_sitenote_active":false,"_monsterinsights_sitenote_note":"","_monsterinsights_sitenote_category":0},"product_brand":[],"product_cat":[157,370],"product_tag":[],"class_list":{"0":"post-1087449","1":"product","2":"type-product","3":"status-publish","4":"has-post-thumbnail","6":"product_cat-investigacio-i-corrents","7":"product_cat-investigacion-y-corrientes","9":"first","10":"instock","11":"taxable","12":"shipping-taxable","13":"purchasable","14":"product-type-simple"},"acf":{"autor":"SAMUEL MILLER MCDONALD","codart":"849199856","libros-coleccion":"","ediciones":"1","encuadernacion":"Carton\u00e9","fecha_de_publicacion":"01\/03\/2026","novedad":"1","paginas":"464","subtitulo":"HISTORIA DE LA PEOR IDEA DE LA HUMANIDAD","orden":"0","portada":"0","idioma":"spa","booktrailer":"","resenas":"","editorial":[{"ID":6174,"post_author":"3","post_date":"2022-07-28 17:46:29","post_date_gmt":"2022-07-28 15:46:29","post_content":"","post_title":"CRITICA","post_excerpt":"","post_status":"publish","comment_status":"closed","ping_status":"closed","post_password":"","post_name":"critica","to_ping":"","pinged":"","post_modified":"2022-07-28 17:46:29","post_modified_gmt":"2022-07-28 15:46:29","post_content_filtered":"","post_parent":0,"guid":"http:\/\/dev.claret.cat\/editorial\/critica\/","menu_order":0,"post_type":"editorial","post_mime_type":"","comment_count":"0","filter":"raw"}]},"aioseo_notices":[],"_links":{"self":[{"href":"https:\/\/www.claret.cat\/es\/wp-json\/wp\/v2\/product\/1087449","targetHints":{"allow":["GET"]}}],"collection":[{"href":"https:\/\/www.claret.cat\/es\/wp-json\/wp\/v2\/product"}],"about":[{"href":"https:\/\/www.claret.cat\/es\/wp-json\/wp\/v2\/types\/product"}],"wp:featuredmedia":[{"embeddable":true,"href":"https:\/\/www.claret.cat\/es\/wp-json\/wp\/v2\/media\/1087450"}],"wp:attachment":[{"href":"https:\/\/www.claret.cat\/es\/wp-json\/wp\/v2\/media?parent=1087449"}],"wp:term":[{"taxonomy":"product_brand","embeddable":true,"href":"https:\/\/www.claret.cat\/es\/wp-json\/wp\/v2\/product_brand?post=1087449"},{"taxonomy":"product_cat","embeddable":true,"href":"https:\/\/www.claret.cat\/es\/wp-json\/wp\/v2\/product_cat?post=1087449"},{"taxonomy":"product_tag","embeddable":true,"href":"https:\/\/www.claret.cat\/es\/wp-json\/wp\/v2\/product_tag?post=1087449"}],"curies":[{"name":"wp","href":"https:\/\/api.w.org\/{rel}","templated":true}]}}