{"id":1087452,"date":"2026-03-04T10:40:02","date_gmt":"2026-03-04T09:40:02","guid":{"rendered":"https:\/\/www.claret.cat\/llibre\/apocalipsis-y-democracia-9788411077545\/"},"modified":"2026-03-04T13:45:14","modified_gmt":"2026-03-04T12:45:14","slug":"apocalipsis-y-democracia-9788411077545","status":"publish","type":"product","link":"https:\/\/www.claret.cat\/es\/libro\/apocalipsis-y-democracia-9788411077545\/","title":{"rendered":"APOCALIPSIS Y DEMOCRACIA"},"content":{"rendered":"<p>\u00bfPor qu\u00e9 luchamos por nuestra servidumbre como si se tratara de nuestra libertad? Un absorbente ensayo sobre el presente pol\u00edtico y las amenazas del futuro.El 20 de enero de 2025 dio comienzo la segunda presidencia de Donald Trump, y en los seis meses que van de febrero a julio de 2025, el mundo ya es otro. Esta obra pretende dar cuenta de esta transformaci\u00f3n y de la peligrosa deriva antidemocr\u00e1tica que ha tomado la pol\u00edtica m\u00e1s reciente. Y la analiza con la distancia que aportan la reflexi\u00f3n y el estudio, y con la meditaci\u00f3n y la iron\u00eda que a Jordi Ib\u00e1\u00f1ez le permite su oficio de profesor de filosof\u00eda. Trump, Thiel, Karp y la \u00abrep\u00fablica tecnol\u00f3gica\u00bb, el aceleracionismo libertario, el transhumanismo, pero tambi\u00e9n la cuesti\u00f3n de la alternativa cat\u00f3lica y el apocalipsis, Ren\u00e9 Girard y el manejo de la violencia en las sociedades, el papel de la izquierda y el drama de Gaza constituyen los nudos de un ensayo pegado a la actualidad, circunscrito a un momento concreto, pero que a la vez analiza con inc\u00f3moda lucidez sus ra\u00edces y otea el horizonte amenazador de lo que est\u00e1 por venir.<\/p>\n","protected":false},"excerpt":{"rendered":"<p>JORDI IB\u00c1\u00d1EZ FAN\u00c9S<\/p>\n","protected":false},"featured_media":1087674,"template":"","meta":{"_acf_changed":false,"om_disable_all_campaigns":false,"rs_blank_template":"","rs_page_bg_color":"","slide_template_v7":"","inline_featured_image":false,"_monsterinsights_skip_tracking":false,"_monsterinsights_sitenote_active":false,"_monsterinsights_sitenote_note":"","_monsterinsights_sitenote_category":0},"product_brand":[],"product_cat":[162,436,152,429],"product_tag":[],"class_list":{"0":"post-1087452","1":"product","2":"type-product","3":"status-publish","4":"has-post-thumbnail","6":"product_cat-economica-i-politica","7":"product_cat-economica-y-politica","8":"product_cat-el-mon-actual","9":"product_cat-el-mundo-actual","11":"first","12":"instock","13":"taxable","14":"shipping-taxable","15":"purchasable","16":"product-type-simple"},"acf":{"autor":"JORDI IB\u00c1\u00d1EZ FAN\u00c9S","codart":"841107754","libros-coleccion":"","ediciones":"1","encuadernacion":"R\u00fastica","fecha_de_publicacion":"01\/03\/2026","novedad":"1","paginas":"272","subtitulo":"","orden":"0","portada":"0","idioma":"spa","booktrailer":"","resenas":"","editorial":[{"ID":262540,"post_author":"3","post_date":"2022-10-24 11:25:43","post_date_gmt":"2022-10-24 09:25:43","post_content":"","post_title":"TUSQUETS EDITORES","post_excerpt":"","post_status":"publish","comment_status":"closed","ping_status":"closed","post_password":"","post_name":"tusquets-editores-3","to_ping":"","pinged":"","post_modified":"2022-10-24 11:25:43","post_modified_gmt":"2022-10-24 09:25:43","post_content_filtered":"","post_parent":0,"guid":"http:\/\/dev.claret.cat\/editorial\/tusquets-editores-3\/","menu_order":0,"post_type":"editorial","post_mime_type":"","comment_count":"0","filter":"raw"}]},"aioseo_notices":[],"_links":{"self":[{"href":"https:\/\/www.claret.cat\/es\/wp-json\/wp\/v2\/product\/1087452","targetHints":{"allow":["GET"]}}],"collection":[{"href":"https:\/\/www.claret.cat\/es\/wp-json\/wp\/v2\/product"}],"about":[{"href":"https:\/\/www.claret.cat\/es\/wp-json\/wp\/v2\/types\/product"}],"wp:featuredmedia":[{"embeddable":true,"href":"https:\/\/www.claret.cat\/es\/wp-json\/wp\/v2\/media\/1087674"}],"wp:attachment":[{"href":"https:\/\/www.claret.cat\/es\/wp-json\/wp\/v2\/media?parent=1087452"}],"wp:term":[{"taxonomy":"product_brand","embeddable":true,"href":"https:\/\/www.claret.cat\/es\/wp-json\/wp\/v2\/product_brand?post=1087452"},{"taxonomy":"product_cat","embeddable":true,"href":"https:\/\/www.claret.cat\/es\/wp-json\/wp\/v2\/product_cat?post=1087452"},{"taxonomy":"product_tag","embeddable":true,"href":"https:\/\/www.claret.cat\/es\/wp-json\/wp\/v2\/product_tag?post=1087452"}],"curies":[{"name":"wp","href":"https:\/\/api.w.org\/{rel}","templated":true}]}}