{"id":1087455,"date":"2026-03-04T10:40:16","date_gmt":"2026-03-04T09:40:16","guid":{"rendered":"https:\/\/www.claret.cat\/llibre\/24-horas-en-la-vida-de-un-vikingo-9788467081145\/"},"modified":"2026-03-04T10:51:25","modified_gmt":"2026-03-04T09:51:25","slug":"24-horas-en-la-vida-de-un-vikingo-9788467081145","status":"publish","type":"product","link":"https:\/\/www.claret.cat\/es\/libro\/24-horas-en-la-vida-de-un-vikingo-9788467081145\/","title":{"rendered":"24 HORAS EN LA VIDA DE UN VIKINGO"},"content":{"rendered":"<p>Un retrato fiel y evocador de una civilizaci\u00f3n que, m\u00e1s de mil a\u00f1os despu\u00e9s, sigue despertando fascinaci\u00f3n.La cultura vikinga suele presentarse envuelta en t\u00f3picos: guerreros feroces y sanguinarios, saqueadores que viv\u00edan al margen de la ley y enterraban a sus muertos en barcos, incansables exploradores capaces de atravesar mares y territorios desconocidos desafiando cualquier peligro&#8230; Sin embargo, la realidad fue mucho m\u00e1s rica y compleja. Su sociedad, sus creencias y su modo de vida conformaron una de las culturas m\u00e1s fascinantes que ha alumbrado la historia.<br \/> Kirsten Wolf, una de las mayores especialistas en el mundo vikingo, se embarca en un viaje en el tiempo para mostrarnos c\u00f3mo transcurr\u00eda un d\u00eda cualquiera para los miembros de esta atractiva comunidad. A trav\u00e9s de veinticuatro inolvidables personajes \u2014una esclava, un rey, un tallador de runas, un poeta, un guerrero, un comerciante o un campesino\u2014, el lector se adentra en la vida cotidiana de este sorprendente y cautivador universo.<br \/> Una mirada v\u00edvida y cercana a una civilizaci\u00f3n apasionante.<\/p>\n","protected":false},"excerpt":{"rendered":"<p>KIRSTEN WOLF<\/p>\n","protected":false},"featured_media":1087456,"template":"","meta":{"_acf_changed":false,"om_disable_all_campaigns":false,"rs_blank_template":"","rs_page_bg_color":"","slide_template_v7":"","inline_featured_image":false,"_monsterinsights_skip_tracking":false,"_monsterinsights_sitenote_active":false,"_monsterinsights_sitenote_note":"","_monsterinsights_sitenote_category":0},"product_brand":[],"product_cat":[149,427],"product_tag":[],"class_list":{"0":"post-1087455","1":"product","2":"type-product","3":"status-publish","4":"has-post-thumbnail","6":"product_cat-medieval","7":"product_cat-medieval-historia-2_humanidades","9":"first","10":"instock","11":"taxable","12":"shipping-taxable","13":"purchasable","14":"product-type-simple"},"acf":{"autor":"KIRSTEN WOLF","codart":"846708114","libros-coleccion":"","ediciones":"1","encuadernacion":"R\u00fastica","fecha_de_publicacion":"01\/03\/2026","novedad":"1","paginas":"264","subtitulo":"","orden":"0","portada":"0","idioma":"spa","booktrailer":"","resenas":"","editorial":[{"ID":6247,"post_author":"3","post_date":"2022-07-28 17:48:06","post_date_gmt":"2022-07-28 15:48:06","post_content":"","post_title":"ESPASA, EDITORIAL","post_excerpt":"","post_status":"publish","comment_status":"closed","ping_status":"closed","post_password":"","post_name":"espasa-editorial","to_ping":"","pinged":"","post_modified":"2022-07-28 17:48:06","post_modified_gmt":"2022-07-28 15:48:06","post_content_filtered":"","post_parent":0,"guid":"http:\/\/dev.claret.cat\/editorial\/espasa-editorial\/","menu_order":0,"post_type":"editorial","post_mime_type":"","comment_count":"0","filter":"raw"}]},"aioseo_notices":[],"_links":{"self":[{"href":"https:\/\/www.claret.cat\/es\/wp-json\/wp\/v2\/product\/1087455","targetHints":{"allow":["GET"]}}],"collection":[{"href":"https:\/\/www.claret.cat\/es\/wp-json\/wp\/v2\/product"}],"about":[{"href":"https:\/\/www.claret.cat\/es\/wp-json\/wp\/v2\/types\/product"}],"wp:featuredmedia":[{"embeddable":true,"href":"https:\/\/www.claret.cat\/es\/wp-json\/wp\/v2\/media\/1087456"}],"wp:attachment":[{"href":"https:\/\/www.claret.cat\/es\/wp-json\/wp\/v2\/media?parent=1087455"}],"wp:term":[{"taxonomy":"product_brand","embeddable":true,"href":"https:\/\/www.claret.cat\/es\/wp-json\/wp\/v2\/product_brand?post=1087455"},{"taxonomy":"product_cat","embeddable":true,"href":"https:\/\/www.claret.cat\/es\/wp-json\/wp\/v2\/product_cat?post=1087455"},{"taxonomy":"product_tag","embeddable":true,"href":"https:\/\/www.claret.cat\/es\/wp-json\/wp\/v2\/product_tag?post=1087455"}],"curies":[{"name":"wp","href":"https:\/\/api.w.org\/{rel}","templated":true}]}}