{"id":1087458,"date":"2026-03-04T10:40:30","date_gmt":"2026-03-04T09:40:30","guid":{"rendered":"https:\/\/www.claret.cat\/llibre\/el-principito-edicion-rustica-9791387761622\/"},"modified":"2026-03-04T10:50:05","modified_gmt":"2026-03-04T09:50:05","slug":"el-principito-edicion-rustica-9791387761622","status":"publish","type":"product","link":"https:\/\/www.claret.cat\/es\/libro\/el-principito-edicion-rustica-9791387761622\/","title":{"rendered":"EL PRINCIPITO (EDICI\u00d3N R\u00daSTICA)"},"content":{"rendered":"<p>La edici\u00f3n en bolsillo de\u00a0El principito m\u00e1s singular, ilustrado por el creador de las ic\u00f3nicas portadas de la saga Blackwater.<br \/> Venerado por generaciones de lectores \u2014peque\u00f1os y grandes\u2014 en todo el mundo, El principito es un cl\u00e1sico inagotable que logra conmovernos en cada lectura.<br \/> La historia de Saint-Exup\u00e9ry narra el encuentro, en la soledad del desierto del S\u00e1hara, entre un aviador que ha sufrido una aver\u00eda y un ni\u00f1o que se acerca a \u00e9l para pedirle el dibujo de un cordero. Este hombrecito de cabellos dorados, que ha viajado por varios planetas antes de recalar en la Tierra, es muy sabio en su inocencia. Su capacidad para el asombro y su arrojo en las preguntas constituyen el origen de las poderosas reflexiones sobre la vida que atesoran estas p\u00e1ginas.<br \/> Puede que el piloto que nos cuenta la historia no consiguiera desarrollar su talento art\u00edstico, pero sin duda s\u00ed lo ha hecho Pedro Oyarbide, que ha reinterpretado con inigualable maestr\u00eda uno de los libros m\u00e1s entra\u00f1ables de la literatura universal. Sus ilustraciones, vibrantes y detalladas, nos ofrecen la extraordinaria oportunidad de asomarnos a El principito como si fuera la primera vez.<br \/> &#8212;<br \/> \u00abLos cr\u00edticos han alcanzado un acuerdo un\u00e1nime sobre El principito: el 100% dice que es un libro para ni\u00f1os; el 100% dice que es un libro para adultos; el 99,45% dice: \u201cEs un libro para M\u00cd\u201d.\u00bb<br \/>The New York Times<\/p>\n","protected":false},"excerpt":{"rendered":"<p>ANTOINE DE SAINT-EXUP\u00c9RY<\/p>\n","protected":false},"featured_media":1087459,"template":"","meta":{"_acf_changed":false,"om_disable_all_campaigns":false,"rs_blank_template":"","rs_page_bg_color":"","slide_template_v7":"","inline_featured_image":false,"_monsterinsights_skip_tracking":false,"_monsterinsights_sitenote_active":false,"_monsterinsights_sitenote_note":"","_monsterinsights_sitenote_category":0},"product_brand":[],"product_cat":[354,123],"product_tag":[],"class_list":{"0":"post-1087458","1":"product","2":"type-product","3":"status-publish","4":"has-post-thumbnail","6":"product_cat-clasica","7":"product_cat-classica","9":"first","10":"instock","11":"taxable","12":"shipping-taxable","13":"purchasable","14":"product-type-simple"},"acf":{"autor":"ANTOINE DE SAINT-EXUP\u00c9RY","codart":"138776162","libros-coleccion":"","ediciones":"1","encuadernacion":"R\u00fastica","fecha_de_publicacion":"01\/03\/2026","novedad":"1","paginas":"104","subtitulo":"","orden":"0","portada":"0","idioma":"spa","booktrailer":"","resenas":"","editorial":[{"ID":148476,"post_author":"3","post_date":"2022-10-14 11:58:32","post_date_gmt":"2022-10-14 09:58:32","post_content":"","post_title":"Lunwerg Editores","post_excerpt":"","post_status":"publish","comment_status":"closed","ping_status":"closed","post_password":"","post_name":"lunwerg-editores","to_ping":"","pinged":"","post_modified":"2022-10-14 11:58:32","post_modified_gmt":"2022-10-14 09:58:32","post_content_filtered":"","post_parent":0,"guid":"http:\/\/dev.claret.cat\/editorial\/lunwerg-editores\/","menu_order":0,"post_type":"editorial","post_mime_type":"","comment_count":"0","filter":"raw"}]},"aioseo_notices":[],"_links":{"self":[{"href":"https:\/\/www.claret.cat\/es\/wp-json\/wp\/v2\/product\/1087458","targetHints":{"allow":["GET"]}}],"collection":[{"href":"https:\/\/www.claret.cat\/es\/wp-json\/wp\/v2\/product"}],"about":[{"href":"https:\/\/www.claret.cat\/es\/wp-json\/wp\/v2\/types\/product"}],"wp:featuredmedia":[{"embeddable":true,"href":"https:\/\/www.claret.cat\/es\/wp-json\/wp\/v2\/media\/1087459"}],"wp:attachment":[{"href":"https:\/\/www.claret.cat\/es\/wp-json\/wp\/v2\/media?parent=1087458"}],"wp:term":[{"taxonomy":"product_brand","embeddable":true,"href":"https:\/\/www.claret.cat\/es\/wp-json\/wp\/v2\/product_brand?post=1087458"},{"taxonomy":"product_cat","embeddable":true,"href":"https:\/\/www.claret.cat\/es\/wp-json\/wp\/v2\/product_cat?post=1087458"},{"taxonomy":"product_tag","embeddable":true,"href":"https:\/\/www.claret.cat\/es\/wp-json\/wp\/v2\/product_tag?post=1087458"}],"curies":[{"name":"wp","href":"https:\/\/api.w.org\/{rel}","templated":true}]}}