{"id":1087461,"date":"2026-03-04T10:40:42","date_gmt":"2026-03-04T09:40:42","guid":{"rendered":"https:\/\/www.claret.cat\/llibre\/si-alguien-la-crea-todos-moriremos-9788423369348\/"},"modified":"2026-03-04T11:10:22","modified_gmt":"2026-03-04T10:10:22","slug":"si-alguien-la-crea-todos-moriremos-9788423369348","status":"publish","type":"product","link":"https:\/\/www.claret.cat\/es\/libro\/si-alguien-la-crea-todos-moriremos-9788423369348\/","title":{"rendered":"SI ALGUIEN LA CREA, TODOS MORIREMOS"},"content":{"rendered":"<p>Un llamamiento inaplazable para poner freno a la carrera hacia la superinteligencia.Desde hace unos a\u00f1os, cientos de expertos en inteligencia artificial vienen advirtiendo que esta supone un grave peligro de extinci\u00f3n para la humanidad. Sin embargo, la carrera no ha dejado de intensificarse: empresas y pa\u00edses compiten por crear m\u00e1quinas m\u00e1s inteligentes que cualquier persona, y el mundo no est\u00e1 preparado. Durante d\u00e9cadas, Yudkowsky y Soares han estudiado c\u00f3mo pensar\u00e1n estas inteligencias, y su conclusi\u00f3n es cristalina: basta una m\u00ednima desviaci\u00f3n para que desarrollen objetivos propios en conflicto con los nuestros. Si llega el momento, no habr\u00e1 marcha atr\u00e1s, pero a\u00fan estamos a tiempo de frenar y dise\u00f1ar pol\u00edticas que garanticen nuestra seguridad. La soluci\u00f3n est\u00e1 clara: debemos actuar ahora para que la IA sea una aliada, no una amenaza.<br \/> Este libro explica por qu\u00e9 es importante que nos protejamos de la IA, c\u00f3mo podr\u00edan sucederse los acontecimientos y qu\u00e9 debemos hacer para evitar que nos domine.<\/p>\n","protected":false},"excerpt":{"rendered":"<p>ELIEZER YUDKOWSKY<\/p>\n","protected":false},"featured_media":1087479,"template":"","meta":{"_acf_changed":false,"om_disable_all_campaigns":false,"rs_blank_template":"","rs_page_bg_color":"","slide_template_v7":"","inline_featured_image":false,"_monsterinsights_skip_tracking":false,"_monsterinsights_sitenote_active":false,"_monsterinsights_sitenote_note":"","_monsterinsights_sitenote_category":0},"product_brand":[],"product_cat":[174,375,554,104],"product_tag":[],"class_list":{"0":"post-1087461","1":"product","2":"type-product","3":"status-publish","4":"has-post-thumbnail","6":"product_cat-antropologia","7":"product_cat-antropologia-filosofia-2_humanidades","8":"product_cat-ciencia-5_otras-spa","9":"product_cat-ciencia","11":"first","12":"instock","13":"taxable","14":"shipping-taxable","15":"purchasable","16":"product-type-simple"},"acf":{"autor":"ELIEZER YUDKOWSKY","codart":"842336934","libros-coleccion":"","ediciones":"1","encuadernacion":"R\u00fastica","fecha_de_publicacion":"01\/03\/2026","novedad":"1","paginas":"288","subtitulo":"POR QU\u00c9 LA SUPERINTELIGENCIA ARTIFICIAL ES UNA AMENAZA PARA LA HUMANIDAD","orden":"0","portada":"0","idioma":"spa","booktrailer":"","resenas":"","editorial":[{"ID":6182,"post_author":"3","post_date":"2022-07-28 17:46:40","post_date_gmt":"2022-07-28 15:46:40","post_content":"","post_title":"DESTINO, S.L.","post_excerpt":"","post_status":"publish","comment_status":"closed","ping_status":"closed","post_password":"","post_name":"destino-s-l","to_ping":"","pinged":"","post_modified":"2022-07-28 17:46:40","post_modified_gmt":"2022-07-28 15:46:40","post_content_filtered":"","post_parent":0,"guid":"http:\/\/dev.claret.cat\/editorial\/destino-s-l\/","menu_order":0,"post_type":"editorial","post_mime_type":"","comment_count":"0","filter":"raw"}]},"aioseo_notices":[],"_links":{"self":[{"href":"https:\/\/www.claret.cat\/es\/wp-json\/wp\/v2\/product\/1087461","targetHints":{"allow":["GET"]}}],"collection":[{"href":"https:\/\/www.claret.cat\/es\/wp-json\/wp\/v2\/product"}],"about":[{"href":"https:\/\/www.claret.cat\/es\/wp-json\/wp\/v2\/types\/product"}],"wp:featuredmedia":[{"embeddable":true,"href":"https:\/\/www.claret.cat\/es\/wp-json\/wp\/v2\/media\/1087479"}],"wp:attachment":[{"href":"https:\/\/www.claret.cat\/es\/wp-json\/wp\/v2\/media?parent=1087461"}],"wp:term":[{"taxonomy":"product_brand","embeddable":true,"href":"https:\/\/www.claret.cat\/es\/wp-json\/wp\/v2\/product_brand?post=1087461"},{"taxonomy":"product_cat","embeddable":true,"href":"https:\/\/www.claret.cat\/es\/wp-json\/wp\/v2\/product_cat?post=1087461"},{"taxonomy":"product_tag","embeddable":true,"href":"https:\/\/www.claret.cat\/es\/wp-json\/wp\/v2\/product_tag?post=1087461"}],"curies":[{"name":"wp","href":"https:\/\/api.w.org\/{rel}","templated":true}]}}