{"id":1087464,"date":"2026-03-04T10:40:55","date_gmt":"2026-03-04T09:40:55","guid":{"rendered":"https:\/\/www.claret.cat\/llibre\/la-guerra-subterranea-9788423440146\/"},"modified":"2026-03-04T10:51:21","modified_gmt":"2026-03-04T09:51:21","slug":"la-guerra-subterranea-9788423440146","status":"publish","type":"product","link":"https:\/\/www.claret.cat\/es\/libro\/la-guerra-subterranea-9788423440146\/","title":{"rendered":"LA GUERRA SUBTERR\u00c1NEA"},"content":{"rendered":"<p>Bajo nuestros pies se est\u00e1 librando una de las batallas m\u00e1s importantes para el futuro de la humanidadPara fabricar veh\u00edculos el\u00e9ctricos, paneles solares, tel\u00e9fonos m\u00f3viles y otros tantos dispositivos, necesitamos cantidades ingentes de litio, cobre y otras materias primas muy escasas y que deben extraerse con t\u00e9cnicas y en lugares fuera de las habituales.<br \/> Ernest Scheyder revela en este ensayo la explosiva disputa entre los titanes de la industria, los conservacionistas, los grupos comunitarios, los responsables pol\u00edticos y muchos otros sobre si se debe excavar en los h\u00e1bitats de plantas raras, ecosistemas sensibles, lugares sagrados ind\u00edgenas y otros lugares para obtener sus riquezas.<br \/> Explica tambi\u00e9n por qu\u00e9 las naciones que aspiran a la independencia energ\u00e9tica est\u00e9n cada vez m\u00e1s interrelacionadas: reactivar la miner\u00eda de tierras raras en California requiere la experiencia china, y la dependencia internacional del sector minero africano persiste a pesar de la preocupaci\u00f3n por el trabajo infantil.<br \/> Mientras tanto, abundan los dilemas ecol\u00f3gicos: una mina de litio propuesta en Nevada ayudar\u00eda a los fabricantes de autom\u00f3viles mundiales a reducir su dependencia de los combustibles f\u00f3siles, pero el desarrollo de esa mina podr\u00eda provocar la extinci\u00f3n de una flor que no se encuentra en ning\u00fan otro lugar del planeta.<br \/> Estas tensiones han desencadenado un debate mundial sobre el abastecimiento de los materiales necesarios para sostener el estilo de vida de muchos pa\u00edses en los siglos venideros.<br \/> Una obra actual, completa y rigurosa sobre una guerra subterr\u00e1nea que muchos desconocemos, pero cuyo resultado, sin duda, determinar\u00e1 nuestro futuro.<\/p>\n","protected":false},"excerpt":{"rendered":"<p>ERNEST SCHEYDER<\/p>\n","protected":false},"featured_media":1087465,"template":"","meta":{"_acf_changed":false,"om_disable_all_campaigns":false,"rs_blank_template":"","rs_page_bg_color":"","slide_template_v7":"","inline_featured_image":false,"_monsterinsights_skip_tracking":false,"_monsterinsights_sitenote_active":false,"_monsterinsights_sitenote_note":"","_monsterinsights_sitenote_category":0},"product_brand":[],"product_cat":[162,436,152,429,157,370],"product_tag":[],"class_list":{"0":"post-1087464","1":"product","2":"type-product","3":"status-publish","4":"has-post-thumbnail","6":"product_cat-economica-i-politica","7":"product_cat-economica-y-politica","8":"product_cat-el-mon-actual","9":"product_cat-el-mundo-actual","10":"product_cat-investigacio-i-corrents","11":"product_cat-investigacion-y-corrientes","13":"first","14":"instock","15":"taxable","16":"shipping-taxable","17":"purchasable","18":"product-type-simple"},"acf":{"autor":"ERNEST SCHEYDER","codart":"842344014","libros-coleccion":"","ediciones":"1","encuadernacion":"R\u00fastica","fecha_de_publicacion":"01\/03\/2026","novedad":"1","paginas":"456","subtitulo":"EL LITIO, EL COBRE Y LA BATALLA GLOBAL POR LA ENERG\u00cdA","orden":"0","portada":"0","idioma":"spa","booktrailer":"","resenas":"","editorial":[{"ID":147712,"post_author":"3","post_date":"2022-10-14 11:52:40","post_date_gmt":"2022-10-14 09:52:40","post_content":"","post_title":"Deusto","post_excerpt":"","post_status":"publish","comment_status":"closed","ping_status":"closed","post_password":"","post_name":"deusto","to_ping":"","pinged":"","post_modified":"2022-10-14 11:52:40","post_modified_gmt":"2022-10-14 09:52:40","post_content_filtered":"","post_parent":0,"guid":"http:\/\/dev.claret.cat\/editorial\/deusto\/","menu_order":0,"post_type":"editorial","post_mime_type":"","comment_count":"0","filter":"raw"}]},"aioseo_notices":[],"_links":{"self":[{"href":"https:\/\/www.claret.cat\/es\/wp-json\/wp\/v2\/product\/1087464","targetHints":{"allow":["GET"]}}],"collection":[{"href":"https:\/\/www.claret.cat\/es\/wp-json\/wp\/v2\/product"}],"about":[{"href":"https:\/\/www.claret.cat\/es\/wp-json\/wp\/v2\/types\/product"}],"wp:featuredmedia":[{"embeddable":true,"href":"https:\/\/www.claret.cat\/es\/wp-json\/wp\/v2\/media\/1087465"}],"wp:attachment":[{"href":"https:\/\/www.claret.cat\/es\/wp-json\/wp\/v2\/media?parent=1087464"}],"wp:term":[{"taxonomy":"product_brand","embeddable":true,"href":"https:\/\/www.claret.cat\/es\/wp-json\/wp\/v2\/product_brand?post=1087464"},{"taxonomy":"product_cat","embeddable":true,"href":"https:\/\/www.claret.cat\/es\/wp-json\/wp\/v2\/product_cat?post=1087464"},{"taxonomy":"product_tag","embeddable":true,"href":"https:\/\/www.claret.cat\/es\/wp-json\/wp\/v2\/product_tag?post=1087464"}],"curies":[{"name":"wp","href":"https:\/\/api.w.org\/{rel}","templated":true}]}}